{"id":109348,"date":"2023-03-22T11:55:22","date_gmt":"2023-03-22T10:55:22","guid":{"rendered":"https:\/\/www.fabioferro.eu\/salvini-tris-di-grumetta-halskette-aus-weissgold-mit-diamanten.html"},"modified":"2023-03-22T11:55:22","modified_gmt":"2023-03-22T10:55:22","slug":"salvini-tris-di-grumetta-halskette-aus-weissgold-mit-diamanten","status":"publish","type":"product","link":"https:\/\/www.fabioferro.eu\/de\/salvini-tris-di-grumetta-halskette-aus-weissgold-mit-diamanten.html","title":{"rendered":"Salvini Tris di Grumetta Halskette aus Wei\u00dfgold mit Diamanten"},"content":{"rendered":"<p>In Italien handgefertigte Halskette aus 18 Karat Wei\u00dfgold.<\/p>\n<p>Sie sind mit 0,54 Karat Diamanten besetzt, die sich durch eine Farbe von H und eine Reinheit von VS2 auszeichnen.<\/p>\n<p>Das Gesamtgewicht des Schmuckst\u00fccks betr\u00e4gt 7,9 g.<\/p>\n<p>Der gegliederte Anh\u00e4nger hat eine L\u00e4nge von 3 cm und eine Breite von 0,6 cm. Die Dicke hingegen betr\u00e4gt 0,3 cm.<\/p>\n<p>Die venezianische Halskette ist 45 cm lang und kann auch auf 40 cm verstellt werden.<\/p>\n<p>Verschluss mit elegantem, diamantbesetztem Karabinerhaken am \u00d6ffnungshebel.<\/p>\n<p>Wird von der offiziellen Salvini-Verpackung und -Garantie begleitet.<\/p>\n<p><img decoding=\"async\" class=\"alignnone size-full wp-image-68675\" src=\"https:\/\/cdn02.fabioferro.eu\/wp-content\/uploads\/IGI-4cs-chart-IT-scaled.jpg\" alt=\"\" width=\"1864\" height=\"2560\" title=\"\" srcset=\"https:\/\/cdn02.fabioferro.eu\/wp-content\/uploads\/IGI-4cs-chart-IT-scaled.jpg 1864w, https:\/\/cdn02.fabioferro.eu\/wp-content\/uploads\/IGI-4cs-chart-IT-768x1055.jpg 768w, https:\/\/cdn02.fabioferro.eu\/wp-content\/uploads\/IGI-4cs-chart-IT-1119x1536.jpg 1119w, https:\/\/cdn02.fabioferro.eu\/wp-content\/uploads\/IGI-4cs-chart-IT-1491x2048.jpg 1491w, https:\/\/cdn02.fabioferro.eu\/wp-content\/uploads\/IGI-4cs-chart-IT-990x1359.jpg 990w, https:\/\/cdn02.fabioferro.eu\/wp-content\/uploads\/IGI-4cs-chart-IT-441x606.jpg 441w, https:\/\/cdn02.fabioferro.eu\/wp-content\/uploads\/IGI-4cs-chart-IT-600x824.jpg 600w, https:\/\/cdn02.fabioferro.eu\/wp-content\/uploads\/IGI-4cs-chart-IT-150x206.jpg 150w\" sizes=\"(max-width: 1864px) 100vw, 1864px\" \/><\/p>\n<p>&nbsp;<\/p>\n","protected":false},"excerpt":{"rendered":"<p>Eine elegante und raffinierte Halskette, die Klasse und Handwerkskunst vereint. Sie kann es nicht erwarten, getragen zu werden, mach sie zu deiner!<\/p>\n","protected":false},"featured_media":109373,"comment_status":"open","ping_status":"closed","template":"","meta":[],"product_brand":[152],"product_cat":[6015],"product_tag":[7442],"class_list":{"0":"post-109348","1":"product","2":"type-product","3":"status-publish","4":"has-post-thumbnail","6":"product_brand-fabio-ferro-i-gioielli","7":"product_cat-halsketten","8":"product_tag-verfugbar","10":"first","11":"instock","12":"sale","13":"taxable","14":"shipping-taxable","15":"purchasable","16":"product-type-simple"},"exclude_global_add_ons":[],"addons":[],"df_price":2752,"df_sale_price":2752,"df_regular_price":3440,"df_image_link":"https:\/\/cdn02.fabioferro.eu\/wp-content\/uploads\/collana-fabio-ferro-catrene-in-oro-bianco-con-diamanti-20025149.jpg","_links":{"self":[{"href":"https:\/\/www.fabioferro.eu\/de\/wp-json\/wp\/v2\/product\/109348","targetHints":{"allow":["GET"]}}],"collection":[{"href":"https:\/\/www.fabioferro.eu\/de\/wp-json\/wp\/v2\/product"}],"about":[{"href":"https:\/\/www.fabioferro.eu\/de\/wp-json\/wp\/v2\/types\/product"}],"replies":[{"embeddable":true,"href":"https:\/\/www.fabioferro.eu\/de\/wp-json\/wp\/v2\/comments?post=109348"}],"version-history":[{"count":0,"href":"https:\/\/www.fabioferro.eu\/de\/wp-json\/wp\/v2\/product\/109348\/revisions"}],"wp:featuredmedia":[{"embeddable":true,"href":"https:\/\/www.fabioferro.eu\/de\/wp-json\/wp\/v2\/media\/109373"}],"wp:attachment":[{"href":"https:\/\/www.fabioferro.eu\/de\/wp-json\/wp\/v2\/media?parent=109348"}],"wp:term":[{"taxonomy":"product_brand","embeddable":true,"href":"https:\/\/www.fabioferro.eu\/de\/wp-json\/wp\/v2\/product_brand?post=109348"},{"taxonomy":"product_cat","embeddable":true,"href":"https:\/\/www.fabioferro.eu\/de\/wp-json\/wp\/v2\/product_cat?post=109348"},{"taxonomy":"product_tag","embeddable":true,"href":"https:\/\/www.fabioferro.eu\/de\/wp-json\/wp\/v2\/product_tag?post=109348"}],"curies":[{"name":"wp","href":"https:\/\/api.w.org\/{rel}","templated":true}]}}