{"id":109421,"date":"2023-03-07T15:53:09","date_gmt":"2023-03-07T14:53:09","guid":{"rendered":"https:\/\/www.fabioferro.eu\/hamilton-ventura-elvis80-skeleton-auto-stahl-schwarz-425-x-446-mm-uhr.html"},"modified":"2025-04-03T10:09:12","modified_gmt":"2025-04-03T08:09:12","slug":"hamilton-ventura-elvis80-skeleton-auto-stahl-schwarz-425-x-446-mm-uhr","status":"publish","type":"product","link":"https:\/\/www.fabioferro.eu\/de\/hamilton-ventura-elvis80-skeleton-auto-stahl-schwarz-425-x-446-mm-uhr.html","title":{"rendered":"Hamilton Ventura Elvis80 Skeleton H24535331"},"content":{"rendered":"<p>Hamilton Ventura Elvis80 Skeleton H24535331 mit dem Kaliber H-10- S und einem automatischen Uhrwerk mit einer Gangreserve von ca. 80 Stunden. Das Uhrwerk ist au\u00dferdem mit der Cote de Gen\u00e9ve verziert.<\/p>\n<p>Das 42,5 x 44,6 mm gro\u00dfe Geh\u00e4use ist aus Edelstahl mit schwarzer PVD-Beschichtung gefertigt. Es ist au\u00dferdem mit Saphirglas mit Antireflexions-Technologie und Nivachron ausgestattet. Der Abstand zwischen den Anst\u00f6\u00dfen betr\u00e4gt 21,22 mm. Garantierte Wasserdichtigkeit bis zu 5 bar\/ 50 m.<\/p>\n<p>Das Zifferblatt ist schwarz mit einem sichtbaren Uhrwerk. Die Funktionen Stunden, Minuten und Sekunden sind vorhanden. Der Stundenkreis besteht aus aufgesetzten Indexen.<\/p>\n<p>Das Armband ist aus schwarzem Kautschuk und hat ebenfalls eine Dornschlie\u00dfe.<\/p>\n<p>Uhr komplett mit Box und Hamilton internationale Garantie.<\/p>\n","protected":false},"excerpt":{"rendered":"<p>Die Hamilton Ventura Elvis80 Skeleton H24535331 zeichnet sich durch ein attraktives Design aus, das die Gegenwart mit der Vergangenheit verbindet. Sie ist sicherlich die perfekte Weiterentwicklung einer revolution\u00e4ren Uhr.<\/p>\n","protected":false},"featured_media":109438,"comment_status":"open","ping_status":"closed","template":"","meta":[],"product_brand":[161],"product_cat":[5974],"product_tag":[],"class_list":{"0":"post-109421","1":"product","2":"type-product","3":"status-publish","4":"has-post-thumbnail","6":"product_brand-hamilton","7":"product_cat-hamilton-herrenuhren","8":"pa_collezione-hamilton-ventura-de","10":"first","11":"instock","12":"sale","13":"taxable","14":"shipping-taxable","15":"purchasable","16":"product-type-simple"},"exclude_global_add_ons":[],"addons":[],"df_price":1740,"df_sale_price":1740,"df_regular_price":2175,"df_image_link":"https:\/\/cdn02.fabioferro.eu\/wp-content\/uploads\/orologio-hamilton-ventura-80-automatico-h24535331.jpg","_links":{"self":[{"href":"https:\/\/www.fabioferro.eu\/de\/wp-json\/wp\/v2\/product\/109421","targetHints":{"allow":["GET"]}}],"collection":[{"href":"https:\/\/www.fabioferro.eu\/de\/wp-json\/wp\/v2\/product"}],"about":[{"href":"https:\/\/www.fabioferro.eu\/de\/wp-json\/wp\/v2\/types\/product"}],"replies":[{"embeddable":true,"href":"https:\/\/www.fabioferro.eu\/de\/wp-json\/wp\/v2\/comments?post=109421"}],"version-history":[{"count":0,"href":"https:\/\/www.fabioferro.eu\/de\/wp-json\/wp\/v2\/product\/109421\/revisions"}],"wp:featuredmedia":[{"embeddable":true,"href":"https:\/\/www.fabioferro.eu\/de\/wp-json\/wp\/v2\/media\/109438"}],"wp:attachment":[{"href":"https:\/\/www.fabioferro.eu\/de\/wp-json\/wp\/v2\/media?parent=109421"}],"wp:term":[{"taxonomy":"product_brand","embeddable":true,"href":"https:\/\/www.fabioferro.eu\/de\/wp-json\/wp\/v2\/product_brand?post=109421"},{"taxonomy":"product_cat","embeddable":true,"href":"https:\/\/www.fabioferro.eu\/de\/wp-json\/wp\/v2\/product_cat?post=109421"},{"taxonomy":"product_tag","embeddable":true,"href":"https:\/\/www.fabioferro.eu\/de\/wp-json\/wp\/v2\/product_tag?post=109421"}],"curies":[{"name":"wp","href":"https:\/\/api.w.org\/{rel}","templated":true}]}}