{"id":109484,"date":"2023-02-25T16:11:24","date_gmt":"2023-02-25T15:11:24","guid":{"rendered":"https:\/\/www.fabioferro.eu\/giovanni-raspini-stone-medium-armband.html"},"modified":"2025-03-13T10:33:58","modified_gmt":"2025-03-13T09:33:58","slug":"giovanni-raspini-stone-medium-armband","status":"publish","type":"product","link":"https:\/\/www.fabioferro.eu\/de\/giovanni-raspini-stone-medium-armband.html","title":{"rendered":"Giovanni Raspini Stone Medium Armband"},"content":{"rendered":"<p>Armband aus geh\u00e4mmertem 925er Silber in einem Goldbad.<\/p>\n<p>Das innere Oval ist 5,5 x 6 cm gro\u00df.<\/p>\n<p>Bequemer Federverschluss, damit Sie es alleine tragen k\u00f6nnen.<\/p>\n<p>Vollst\u00e4ndig in Italien hergestellt.<\/p>\n<p>Mit Verpackung und offizieller Giovanni Raspini-Garantie.<\/p>\n","protected":false},"excerpt":{"rendered":"<p>Ein Juwel mit au\u00dfergew\u00f6hnlichen Reflexen, das Sie immer mit offenem Mund dastehen l\u00e4sst.<\/p>\n","protected":false},"featured_media":109498,"comment_status":"open","ping_status":"closed","template":"","meta":[],"product_brand":[155],"product_cat":[7569],"product_tag":[],"class_list":{"0":"post-109484","1":"product","2":"type-product","3":"status-publish","4":"has-post-thumbnail","6":"product_brand-raspini","7":"product_cat-armbander-giovanni-raspini","9":"first","10":"instock","11":"sale","12":"taxable","13":"shipping-taxable","14":"purchasable","15":"product-type-simple"},"exclude_global_add_ons":[],"addons":[],"df_price":355.5,"df_sale_price":355.5,"df_regular_price":395,"df_image_link":"https:\/\/cdn02.fabioferro.eu\/wp-content\/uploads\/bracciale-giovanni-raspini-golden-stone-11681.jpg","_links":{"self":[{"href":"https:\/\/www.fabioferro.eu\/de\/wp-json\/wp\/v2\/product\/109484","targetHints":{"allow":["GET"]}}],"collection":[{"href":"https:\/\/www.fabioferro.eu\/de\/wp-json\/wp\/v2\/product"}],"about":[{"href":"https:\/\/www.fabioferro.eu\/de\/wp-json\/wp\/v2\/types\/product"}],"replies":[{"embeddable":true,"href":"https:\/\/www.fabioferro.eu\/de\/wp-json\/wp\/v2\/comments?post=109484"}],"version-history":[{"count":0,"href":"https:\/\/www.fabioferro.eu\/de\/wp-json\/wp\/v2\/product\/109484\/revisions"}],"wp:featuredmedia":[{"embeddable":true,"href":"https:\/\/www.fabioferro.eu\/de\/wp-json\/wp\/v2\/media\/109498"}],"wp:attachment":[{"href":"https:\/\/www.fabioferro.eu\/de\/wp-json\/wp\/v2\/media?parent=109484"}],"wp:term":[{"taxonomy":"product_brand","embeddable":true,"href":"https:\/\/www.fabioferro.eu\/de\/wp-json\/wp\/v2\/product_brand?post=109484"},{"taxonomy":"product_cat","embeddable":true,"href":"https:\/\/www.fabioferro.eu\/de\/wp-json\/wp\/v2\/product_cat?post=109484"},{"taxonomy":"product_tag","embeddable":true,"href":"https:\/\/www.fabioferro.eu\/de\/wp-json\/wp\/v2\/product_tag?post=109484"}],"curies":[{"name":"wp","href":"https:\/\/api.w.org\/{rel}","templated":true}]}}