{"id":109501,"date":"2023-02-28T17:19:46","date_gmt":"2023-02-28T16:19:46","guid":{"rendered":"https:\/\/www.fabioferro.eu\/longines-ultra-chron-automatic-box-edition-schwarze-lederuhr-43-mm.html"},"modified":"2024-12-16T13:43:53","modified_gmt":"2024-12-16T12:43:53","slug":"longines-ultra-chron-automatic-box-edition-schwarze-lederuhr-43-mm","status":"publish","type":"product","link":"https:\/\/www.fabioferro.eu\/de\/longines-ultra-chron-automatic-box-edition-schwarze-lederuhr-43-mm.html","title":{"rendered":"Longines Ultra-Chron Automatic Box Edition Schwarze Lederuhr 43 mm"},"content":{"rendered":"<p>Uhr mit mechanischem Automatikwerk, Longines Kaliber L836 mit einer besonderen Frequenz von 36.000 Halbschwingungen pro Stunde. Die Gangreserve betr\u00e4gt bis zu 52 Stunden. Sie ist mit einer Unruh-Spiralfeder aus monokristallinem Silizium ausgestattet, die eine l\u00e4ngere Lebensdauer und eine bessere Widerstandsf\u00e4higkeit gegen Verschlei\u00df und St\u00f6\u00dfe aller Art garantiert. Ausgestattet mit Stunden-, Minuten- und Sekundenanzeige sowie dem exklusiven Longines-Manufakturkaliber.<\/p>\n<p>Das Geh\u00e4use aus Edelstahl hat einen Durchmesser von 43 mm, einen Abstand zwischen den Anst\u00f6\u00dfen von 22 mm und eine Dicke von 13,60 mm. Das Gewicht entspricht 108,1 g. Die R\u00fcckseite ist eingeschraubt. Au\u00dferdem gibt es eine verschraubte, ger\u00e4ndelte Krone und eine einseitig drehbare L\u00fcnette. Au\u00dferdem ist es mit kratzfestem Saphirglas ausgestattet, das auf beiden Seiten mit einer Mehrschichtbehandlung gegen Reflexionen versehen ist. Wasserdicht bis zu 30 bar\/ 300 m.<\/p>\n<p>Das Zifferblatt ist schwarz. Longines-Logo bei 12 Uhr und Modellanzeige bei 6 Uhr. Versilberte, polierte Zeiger, die mit der patentierten Schweizer Super-LumiNova-Fluoreszenztechnologie behandelt wurden. Der Stundenkreis besteht aus aufgesetzten Indexen.<\/p>\n<p>Der obere Teil des Riemens ist aus braunem Rindsleder und der untere Teil aus Kalbsleder gefertigt. Ausgestattet mit einer Schnalle.<\/p>\n<p>Die Uhr wird von der offiziellen Longines-Box und 5 Jahren Garantie begleitet.<\/p>\n","protected":false},"excerpt":{"rendered":"<p>Die Uhren dieser Serie sind direkt von der Longines Ulta &#8211; Chron Diver von 1968 inspiriert. Sie zeichnen sich durch ein Hochfrequenzkaliber und ein Vintage-Design aus. Eine Marke, die von den gewichtigen Eroberern inspiriert und f\u00fcr die Pioniere der Zukunft entworfen wurde.<\/p>\n","protected":false},"featured_media":109509,"comment_status":"open","ping_status":"closed","template":"","meta":[],"product_brand":[5391],"product_cat":[5953],"product_tag":[],"class_list":{"0":"post-109501","1":"product","2":"type-product","3":"status-publish","4":"has-post-thumbnail","6":"product_brand-longines","7":"product_cat-longines-herrenuhren","8":"pa_collezione-longines-ultra-chron-de","10":"first","11":"instock","12":"taxable","13":"shipping-taxable","14":"purchasable","15":"product-type-simple"},"exclude_global_add_ons":[],"addons":[],"df_price":3750,"df_sale_price":"","df_regular_price":3750,"df_image_link":"https:\/\/cdn02.fabioferro.eu\/wp-content\/uploads\/orologio-longines-ultra-chron-automatico-nero-pelle-marrone-L2.836.4.52.8-5.jpg","_links":{"self":[{"href":"https:\/\/www.fabioferro.eu\/de\/wp-json\/wp\/v2\/product\/109501","targetHints":{"allow":["GET"]}}],"collection":[{"href":"https:\/\/www.fabioferro.eu\/de\/wp-json\/wp\/v2\/product"}],"about":[{"href":"https:\/\/www.fabioferro.eu\/de\/wp-json\/wp\/v2\/types\/product"}],"replies":[{"embeddable":true,"href":"https:\/\/www.fabioferro.eu\/de\/wp-json\/wp\/v2\/comments?post=109501"}],"version-history":[{"count":0,"href":"https:\/\/www.fabioferro.eu\/de\/wp-json\/wp\/v2\/product\/109501\/revisions"}],"wp:featuredmedia":[{"embeddable":true,"href":"https:\/\/www.fabioferro.eu\/de\/wp-json\/wp\/v2\/media\/109509"}],"wp:attachment":[{"href":"https:\/\/www.fabioferro.eu\/de\/wp-json\/wp\/v2\/media?parent=109501"}],"wp:term":[{"taxonomy":"product_brand","embeddable":true,"href":"https:\/\/www.fabioferro.eu\/de\/wp-json\/wp\/v2\/product_brand?post=109501"},{"taxonomy":"product_cat","embeddable":true,"href":"https:\/\/www.fabioferro.eu\/de\/wp-json\/wp\/v2\/product_cat?post=109501"},{"taxonomy":"product_tag","embeddable":true,"href":"https:\/\/www.fabioferro.eu\/de\/wp-json\/wp\/v2\/product_tag?post=109501"}],"curies":[{"name":"wp","href":"https:\/\/api.w.org\/{rel}","templated":true}]}}