{"id":109503,"date":"2023-03-01T11:09:18","date_gmt":"2023-03-01T10:09:18","guid":{"rendered":"https:\/\/www.fabioferro.eu\/hamilton-american-classic-intra-matic-chronograph-h-mechanisch-40-mm-uhr.html"},"modified":"2025-04-03T10:08:54","modified_gmt":"2025-04-03T08:08:54","slug":"hamilton-american-classic-intra-matic-chronograph-h-mechanisch-40-mm-uhr","status":"publish","type":"product","link":"https:\/\/www.fabioferro.eu\/de\/hamilton-american-classic-intra-matic-chronograph-h-mechanisch-40-mm-uhr.html","title":{"rendered":"Hamilton Intra-Matic American Classic 40mm H38429710"},"content":{"rendered":"<p>Hamilton Intra-Matic American Classic 40mm H38429710, mit mechanischem Uhrwerk, Kaliber H-51, 60 Stunden Gangreserve.<\/p>\n<p>Edelstahlgeh\u00e4use, 40 mm Durchmesser. Logo-Krone bei 3 Uhr, verschraubter Geh\u00e4useboden. Dr\u00fccker f\u00fcr die Chronographenfunktionen bei 2 und 4 Uhr. Die Uhr ist au\u00dferdem wasserdicht bis 10 bar\/100 Meter. Ebenfalls vorhanden ist das kratzfeste, leicht gew\u00f6lbte Saphirglas.<\/p>\n<p>Das Zifferblatt ist schwarz mit zwei unteren Zifferbl\u00e4ttern bei 3 und 9 Uhr. Das Logo befindet sich bei 12 Uhr. Der Stundenkreis besteht aus versilberten Stundenmarkierungen und Zeigern. Die Breite der Schleife betr\u00e4gt 20 mm,<\/p>\n<p>Das Armband ist aus schwarzem Leder und wird mit einer Dornschlie\u00dfe geschlossen. Die Breite der Schnalle betr\u00e4gt 18 mm.<\/p>\n<p>Die Uhr wird von der offiziellen Hamilton Garantie und Verpackung begleitet.<\/p>\n","protected":false},"excerpt":{"rendered":"<p>Die Hamilton Intra-Matic American Classic 40mm H38429710 ist eine der Uhren, die Hamilton anbietet und die mehr als andere in der Lage ist, den Stil des Uhrmachers in Erinnerung zu rufen und besser zu definieren.<\/p>\n","protected":false},"featured_media":109516,"comment_status":"open","ping_status":"closed","template":"","meta":[],"product_brand":[161],"product_cat":[5974],"product_tag":[],"class_list":{"0":"post-109503","1":"product","2":"type-product","3":"status-publish","4":"has-post-thumbnail","6":"product_brand-hamilton","7":"product_cat-hamilton-herrenuhren","8":"pa_collezione-hamilton-amerikanischer-klassiker","10":"first","11":"instock","12":"sale","13":"taxable","14":"shipping-taxable","15":"purchasable","16":"product-type-simple"},"exclude_global_add_ons":[],"addons":[],"df_price":1836,"df_sale_price":1836,"df_regular_price":2295,"df_image_link":"https:\/\/cdn02.fabioferro.eu\/wp-content\/uploads\/orologio-hamilton-intra-matic-automatico-H38429710.jpg","_links":{"self":[{"href":"https:\/\/www.fabioferro.eu\/de\/wp-json\/wp\/v2\/product\/109503","targetHints":{"allow":["GET"]}}],"collection":[{"href":"https:\/\/www.fabioferro.eu\/de\/wp-json\/wp\/v2\/product"}],"about":[{"href":"https:\/\/www.fabioferro.eu\/de\/wp-json\/wp\/v2\/types\/product"}],"replies":[{"embeddable":true,"href":"https:\/\/www.fabioferro.eu\/de\/wp-json\/wp\/v2\/comments?post=109503"}],"version-history":[{"count":0,"href":"https:\/\/www.fabioferro.eu\/de\/wp-json\/wp\/v2\/product\/109503\/revisions"}],"wp:featuredmedia":[{"embeddable":true,"href":"https:\/\/www.fabioferro.eu\/de\/wp-json\/wp\/v2\/media\/109516"}],"wp:attachment":[{"href":"https:\/\/www.fabioferro.eu\/de\/wp-json\/wp\/v2\/media?parent=109503"}],"wp:term":[{"taxonomy":"product_brand","embeddable":true,"href":"https:\/\/www.fabioferro.eu\/de\/wp-json\/wp\/v2\/product_brand?post=109503"},{"taxonomy":"product_cat","embeddable":true,"href":"https:\/\/www.fabioferro.eu\/de\/wp-json\/wp\/v2\/product_cat?post=109503"},{"taxonomy":"product_tag","embeddable":true,"href":"https:\/\/www.fabioferro.eu\/de\/wp-json\/wp\/v2\/product_tag?post=109503"}],"curies":[{"name":"wp","href":"https:\/\/api.w.org\/{rel}","templated":true}]}}