{"id":109529,"date":"2023-02-28T19:16:05","date_gmt":"2023-02-28T18:16:05","guid":{"rendered":"https:\/\/www.fabioferro.eu\/hamilton-jazzmaster-skeleton-auto-stahl-anthrazit-schwarz-leder-40-mm-uhr.html"},"modified":"2024-09-18T16:45:13","modified_gmt":"2024-09-18T14:45:13","slug":"hamilton-jazzmaster-skeleton-auto-stahl-anthrazit-schwarz-leder-40-mm-uhr","status":"publish","type":"product","link":"https:\/\/www.fabioferro.eu\/de\/hamilton-jazzmaster-skeleton-auto-stahl-anthrazit-schwarz-leder-40-mm-uhr.html","title":{"rendered":"Hamilton Jazzmaster Skeleton Auto Stahl Anthrazit Schwarz Leder 40 mm Uhr"},"content":{"rendered":"<p>Hamilton-Uhr mit mechanischem Automatikwerk und skelettiertem Uhrwerk H-10-S mit Genfer Streifenmuster. Die Gangreserve betr\u00e4gt etwa 80 Stunden. Das runde Edelstahlgeh\u00e4use hat einen Durchmesser von 40 mm. Es ist au\u00dferdem mit einem Saphirglas ausgestattet. Die Breite der Anst\u00f6\u00dfe betr\u00e4gt 20 mm. Wasserdicht bis 5 bar\/50m. Das Zifferblatt ist anthrazitfarben. Au\u00dferdem gibt es aufgesetzte Stundenmarkierungen und versilberte Zeiger. Das Armband ist aus Kalbsleder, mit einer Dornschlie\u00dfe und einer Schliessenbreite von 18 mm. Die Uhr wird von einer Box und einer 2-Jahres-Garantie von Hamilton International begleitet.<\/p>\n","protected":false},"excerpt":{"rendered":"<p>Mit dem neuen Designkonzept von Hamilton wird das Herz der Schweizer Uhrenmanufaktur auf die B\u00fchne gebracht. Das durchbrochene Zifferblatt erlaubt es, das Konzert der Uhrenmechanik zu bewundern. Ein einzigartiges Spektakel.<\/p>\n","protected":false},"featured_media":109550,"comment_status":"open","ping_status":"closed","template":"","meta":[],"product_brand":[161],"product_cat":[5974],"product_tag":[],"class_list":{"0":"post-109529","1":"product","2":"type-product","3":"status-publish","4":"has-post-thumbnail","6":"product_brand-hamilton","7":"product_cat-hamilton-herrenuhren","8":"pa_collezione-hamilton-jazzmaster-de","10":"first","11":"instock","12":"sale","13":"taxable","14":"shipping-taxable","15":"purchasable","16":"product-type-simple"},"exclude_global_add_ons":[],"addons":[],"df_price":1100,"df_sale_price":1100,"df_regular_price":1375,"df_image_link":"https:\/\/cdn02.fabioferro.eu\/wp-content\/uploads\/orologio-hamilton-skeleton-automatico-H42535780.jpg","_links":{"self":[{"href":"https:\/\/www.fabioferro.eu\/de\/wp-json\/wp\/v2\/product\/109529","targetHints":{"allow":["GET"]}}],"collection":[{"href":"https:\/\/www.fabioferro.eu\/de\/wp-json\/wp\/v2\/product"}],"about":[{"href":"https:\/\/www.fabioferro.eu\/de\/wp-json\/wp\/v2\/types\/product"}],"replies":[{"embeddable":true,"href":"https:\/\/www.fabioferro.eu\/de\/wp-json\/wp\/v2\/comments?post=109529"}],"version-history":[{"count":0,"href":"https:\/\/www.fabioferro.eu\/de\/wp-json\/wp\/v2\/product\/109529\/revisions"}],"wp:featuredmedia":[{"embeddable":true,"href":"https:\/\/www.fabioferro.eu\/de\/wp-json\/wp\/v2\/media\/109550"}],"wp:attachment":[{"href":"https:\/\/www.fabioferro.eu\/de\/wp-json\/wp\/v2\/media?parent=109529"}],"wp:term":[{"taxonomy":"product_brand","embeddable":true,"href":"https:\/\/www.fabioferro.eu\/de\/wp-json\/wp\/v2\/product_brand?post=109529"},{"taxonomy":"product_cat","embeddable":true,"href":"https:\/\/www.fabioferro.eu\/de\/wp-json\/wp\/v2\/product_cat?post=109529"},{"taxonomy":"product_tag","embeddable":true,"href":"https:\/\/www.fabioferro.eu\/de\/wp-json\/wp\/v2\/product_tag?post=109529"}],"curies":[{"name":"wp","href":"https:\/\/api.w.org\/{rel}","templated":true}]}}