{"id":109540,"date":"2023-02-25T16:36:33","date_gmt":"2023-02-25T15:36:33","guid":{"rendered":"https:\/\/www.fabioferro.eu\/giovanni-raspini-millefiori-reifen-ohrringe.html"},"modified":"2025-03-13T10:33:59","modified_gmt":"2025-03-13T09:33:59","slug":"giovanni-raspini-millefiori-reifen-ohrringe","status":"publish","type":"product","link":"https:\/\/www.fabioferro.eu\/de\/giovanni-raspini-millefiori-reifen-ohrringe.html","title":{"rendered":"Giovanni Raspini Millefiori-Reifen-Ohrringe"},"content":{"rendered":"<p>Ohrringe aus 925er Sterlingsilber mit geh\u00e4mmerten Blumen.<\/p>\n<p>Jeder Ohrring wiegt 3 g.<\/p>\n<p>Der Durchmesser der B\u00fcgel betr\u00e4gt 1,4 cm.<\/p>\n<p>Klassischer Schmetterlingsverschluss.<\/p>\n<p>Mit offizieller Giovanni Raspini Box und Garantie.<\/p>\n","protected":false},"excerpt":{"rendered":"<p>Zwei s\u00fc\u00dfe Ohrringe, bei denen man schon beim Anblick ins Schw\u00e4rmen ger\u00e4t.<\/p>\n","protected":false},"featured_media":109554,"comment_status":"open","ping_status":"closed","template":"","meta":[],"product_brand":[155],"product_cat":[7570],"product_tag":[7442],"class_list":{"0":"post-109540","1":"product","2":"type-product","3":"status-publish","4":"has-post-thumbnail","6":"product_brand-raspini","7":"product_cat-giovanni-raspini-ohrringe","8":"product_tag-verfugbar","10":"first","11":"instock","12":"sale","13":"taxable","14":"shipping-taxable","15":"purchasable","16":"product-type-simple"},"exclude_global_add_ons":[],"addons":[],"df_price":135,"df_sale_price":135,"df_regular_price":150,"df_image_link":"https:\/\/cdn02.fabioferro.eu\/wp-content\/uploads\/orecchini-giovanni-raspini-cerchi-millefiori-11702.jpg","_links":{"self":[{"href":"https:\/\/www.fabioferro.eu\/de\/wp-json\/wp\/v2\/product\/109540","targetHints":{"allow":["GET"]}}],"collection":[{"href":"https:\/\/www.fabioferro.eu\/de\/wp-json\/wp\/v2\/product"}],"about":[{"href":"https:\/\/www.fabioferro.eu\/de\/wp-json\/wp\/v2\/types\/product"}],"replies":[{"embeddable":true,"href":"https:\/\/www.fabioferro.eu\/de\/wp-json\/wp\/v2\/comments?post=109540"}],"version-history":[{"count":0,"href":"https:\/\/www.fabioferro.eu\/de\/wp-json\/wp\/v2\/product\/109540\/revisions"}],"wp:featuredmedia":[{"embeddable":true,"href":"https:\/\/www.fabioferro.eu\/de\/wp-json\/wp\/v2\/media\/109554"}],"wp:attachment":[{"href":"https:\/\/www.fabioferro.eu\/de\/wp-json\/wp\/v2\/media?parent=109540"}],"wp:term":[{"taxonomy":"product_brand","embeddable":true,"href":"https:\/\/www.fabioferro.eu\/de\/wp-json\/wp\/v2\/product_brand?post=109540"},{"taxonomy":"product_cat","embeddable":true,"href":"https:\/\/www.fabioferro.eu\/de\/wp-json\/wp\/v2\/product_cat?post=109540"},{"taxonomy":"product_tag","embeddable":true,"href":"https:\/\/www.fabioferro.eu\/de\/wp-json\/wp\/v2\/product_tag?post=109540"}],"curies":[{"name":"wp","href":"https:\/\/api.w.org\/{rel}","templated":true}]}}