{"id":109664,"date":"2023-02-24T16:19:04","date_gmt":"2023-02-24T15:19:04","guid":{"rendered":"https:\/\/www.fabioferro.eu\/giovanni-raspini-stein-medi-gold-ohrringe.html"},"modified":"2025-03-13T10:33:41","modified_gmt":"2025-03-13T09:33:41","slug":"giovanni-raspini-stein-medi-gold-ohrringe","status":"publish","type":"product","link":"https:\/\/www.fabioferro.eu\/de\/giovanni-raspini-stein-medi-gold-ohrringe.html","title":{"rendered":"Giovanni Raspini Stein-Medi-Gold-Ohrringe"},"content":{"rendered":"<p>Paar Ohrringe aus 925er Silber mit Goldbad.<\/p>\n<p>Jeder Ohrring wiegt 7 g.<\/p>\n<p>Klassischer Schmetterlingsverschluss.<\/p>\n<p>Der Au\u00dfendurchmesser des B\u00fcgels betr\u00e4gt 4 cm.<\/p>\n<p>Handgefertigt in Italien.<\/p>\n<p>Wird von der offiziellen Giovanni Raspini Box und Garantie begleitet.<\/p>\n","protected":false},"excerpt":{"rendered":"<p>Elegant und zeitgem\u00e4\u00df, ein Paar Ohrringe, das man jeden Tag tragen kann.<\/p>\n","protected":false},"featured_media":109679,"comment_status":"open","ping_status":"closed","template":"","meta":[],"product_brand":[155],"product_cat":[7570],"product_tag":[],"class_list":{"0":"post-109664","1":"product","2":"type-product","3":"status-publish","4":"has-post-thumbnail","6":"product_brand-raspini","7":"product_cat-giovanni-raspini-ohrringe","9":"first","10":"instock","11":"sale","12":"taxable","13":"shipping-taxable","14":"purchasable","15":"product-type-simple"},"exclude_global_add_ons":[],"addons":[],"df_price":220.5,"df_sale_price":220.5,"df_regular_price":245,"df_image_link":"https:\/\/cdn02.fabioferro.eu\/wp-content\/uploads\/orecchini-giovanni-raspini-cerchi-stone-11684.jpg","_links":{"self":[{"href":"https:\/\/www.fabioferro.eu\/de\/wp-json\/wp\/v2\/product\/109664","targetHints":{"allow":["GET"]}}],"collection":[{"href":"https:\/\/www.fabioferro.eu\/de\/wp-json\/wp\/v2\/product"}],"about":[{"href":"https:\/\/www.fabioferro.eu\/de\/wp-json\/wp\/v2\/types\/product"}],"replies":[{"embeddable":true,"href":"https:\/\/www.fabioferro.eu\/de\/wp-json\/wp\/v2\/comments?post=109664"}],"version-history":[{"count":0,"href":"https:\/\/www.fabioferro.eu\/de\/wp-json\/wp\/v2\/product\/109664\/revisions"}],"wp:featuredmedia":[{"embeddable":true,"href":"https:\/\/www.fabioferro.eu\/de\/wp-json\/wp\/v2\/media\/109679"}],"wp:attachment":[{"href":"https:\/\/www.fabioferro.eu\/de\/wp-json\/wp\/v2\/media?parent=109664"}],"wp:term":[{"taxonomy":"product_brand","embeddable":true,"href":"https:\/\/www.fabioferro.eu\/de\/wp-json\/wp\/v2\/product_brand?post=109664"},{"taxonomy":"product_cat","embeddable":true,"href":"https:\/\/www.fabioferro.eu\/de\/wp-json\/wp\/v2\/product_cat?post=109664"},{"taxonomy":"product_tag","embeddable":true,"href":"https:\/\/www.fabioferro.eu\/de\/wp-json\/wp\/v2\/product_tag?post=109664"}],"curies":[{"name":"wp","href":"https:\/\/api.w.org\/{rel}","templated":true}]}}