{"id":109726,"date":"2023-02-23T16:46:43","date_gmt":"2023-02-23T15:46:43","guid":{"rendered":"https:\/\/www.fabioferro.eu\/longines-master-collection-automatikuhr-aus-perlmuttleder-blau-34-mm.html"},"modified":"2024-12-16T13:37:27","modified_gmt":"2024-12-16T12:37:27","slug":"longines-master-collection-automatikuhr-aus-perlmuttleder-blau-34-mm","status":"publish","type":"product","link":"https:\/\/www.fabioferro.eu\/de\/longines-master-collection-automatikuhr-aus-perlmuttleder-blau-34-mm.html","title":{"rendered":"Longines Master Collection Automatikuhr aus Perlmuttleder Blau 34 mm"},"content":{"rendered":"<p>Uhr mit mechanischem Uhrwerk mit Automatikaufzug und Kaliber L888. Sie verf\u00fcgt \u00fcber die Funktionen Stunde, Minute, Sekunde und Datum. Frequenz von 25.200 Schwingungen pro Stunde und Gangreserve von ca. 72 Stunden. Das exklusive Longines Manufakturkaliber ist vorhanden.<\/p>\n<p>Das runde Edelstahlgeh\u00e4use mit einem Durchmesser von 34 mm und einer Dicke von 9,20 mm verf\u00fcgt \u00fcber ein kratzfestes Saphirglas mit mehrschichtiger Antireflexionsbehandlung. Das Gesamtgewicht betr\u00e4gt 56,1 g. Wasserdicht bis zu 3 bar\/30 Meter. Abstand zwischen den \u00d6sen 18 mm.<\/p>\n<p>Das Zifferblatt ist aus wei\u00dfem Perlmutt, die Indexe sind mit 12 Diamanten des Typs Top Wesselton VS-SI von insgesamt 0,055 Karat besetzt und die Zeiger sind aus poliertem Silber.<\/p>\n<p>Das Armband ist im oberen Teil aus Krokodilleder und im unteren Teil aus Kalbsleder; der untere Teil ist braun, der obere Teil blau. Au\u00dferdem verf\u00fcgt sie \u00fcber eine dreifach gesicherte Faltschlie\u00dfe und einen Push-Pull-\u00d6ffnungsmechanismus.<\/p>\n<p>Die Uhr wird von der offiziellen Longines-Box und 5 Jahren Garantie begleitet.<\/p>\n","protected":false},"excerpt":{"rendered":"<p>Eine pr\u00e4zise Mechanik, ein unverwechselbarer Stil: Daf\u00fcr steht schlie\u00dflich auch die Master Collection. Eine unvergleichliche Uhr, die durch ihre au\u00dfergew\u00f6hnliche Schlichtheit verbl\u00fcfft und durch ihre angeborene Eleganz bezaubert.<\/p>\n","protected":false},"featured_media":109745,"comment_status":"open","ping_status":"closed","template":"","meta":[],"product_brand":[5391],"product_cat":[5966],"product_tag":[],"class_list":{"0":"post-109726","1":"product","2":"type-product","3":"status-publish","4":"has-post-thumbnail","6":"product_brand-longines","7":"product_cat-longines-damenuhren","8":"pa_collezione-longines-master-kollektion","10":"first","11":"instock","12":"taxable","13":"shipping-taxable","14":"purchasable","15":"product-type-simple"},"exclude_global_add_ons":[],"addons":[],"df_price":2850,"df_sale_price":"","df_regular_price":2850,"df_image_link":"https:\/\/cdn02.fabioferro.eu\/wp-content\/uploads\/orologio-longines-master-collection-automatico-blu-pelle-L2.357.4.87.0-5.jpg","_links":{"self":[{"href":"https:\/\/www.fabioferro.eu\/de\/wp-json\/wp\/v2\/product\/109726","targetHints":{"allow":["GET"]}}],"collection":[{"href":"https:\/\/www.fabioferro.eu\/de\/wp-json\/wp\/v2\/product"}],"about":[{"href":"https:\/\/www.fabioferro.eu\/de\/wp-json\/wp\/v2\/types\/product"}],"replies":[{"embeddable":true,"href":"https:\/\/www.fabioferro.eu\/de\/wp-json\/wp\/v2\/comments?post=109726"}],"version-history":[{"count":0,"href":"https:\/\/www.fabioferro.eu\/de\/wp-json\/wp\/v2\/product\/109726\/revisions"}],"wp:featuredmedia":[{"embeddable":true,"href":"https:\/\/www.fabioferro.eu\/de\/wp-json\/wp\/v2\/media\/109745"}],"wp:attachment":[{"href":"https:\/\/www.fabioferro.eu\/de\/wp-json\/wp\/v2\/media?parent=109726"}],"wp:term":[{"taxonomy":"product_brand","embeddable":true,"href":"https:\/\/www.fabioferro.eu\/de\/wp-json\/wp\/v2\/product_brand?post=109726"},{"taxonomy":"product_cat","embeddable":true,"href":"https:\/\/www.fabioferro.eu\/de\/wp-json\/wp\/v2\/product_cat?post=109726"},{"taxonomy":"product_tag","embeddable":true,"href":"https:\/\/www.fabioferro.eu\/de\/wp-json\/wp\/v2\/product_tag?post=109726"}],"curies":[{"name":"wp","href":"https:\/\/api.w.org\/{rel}","templated":true}]}}