{"id":109762,"date":"2023-02-23T16:46:36","date_gmt":"2023-02-23T15:46:36","guid":{"rendered":"https:\/\/www.fabioferro.eu\/longines-master-collection-automatikuhr-aus-stahl-beige-34-mm-2.html"},"modified":"2025-06-06T16:15:47","modified_gmt":"2025-06-06T14:15:47","slug":"longines-master-collection-automatikuhr-aus-stahl-beige-34-mm-2","status":"publish","type":"product","link":"https:\/\/www.fabioferro.eu\/de\/longines-master-collection-automatikuhr-aus-stahl-beige-34-mm-2.html","title":{"rendered":"Longines Master Collection Automatikuhr aus Stahl Beige 34 mm"},"content":{"rendered":"<p>Uhr mit mechanischem Uhrwerk mit Automatikaufzug und Kaliber L888. Sie verf\u00fcgt \u00fcber die Funktionen Stunde, Minute, Sekunde und Datum. Frequenz von 25.200 Schwingungen pro Stunde und Gangreserve von ca. 72 Stunden. Das exklusive Longines Manufakturkaliber ist vorhanden.<\/p>\n<p>Das runde Edelstahlgeh\u00e4use mit einem Durchmesser von 34 mm und einer Dicke von 9,20 mm verf\u00fcgt \u00fcber ein kratzfestes Saphirglas mit mehrschichtiger Antireflexionsbehandlung. Das Gesamtgewicht betr\u00e4gt 56,1 g. Wasserdicht bis zu 3 bar\/30 Meter. Abstand zwischen den \u00d6sen 18 mm.<\/p>\n<p>Das Zifferblatt ist beige mit einem Stundenkreis, der mit 12 Diamanten des Typs Top Wesselton VS-SI von insgesamt 0,055 Karat besetzt ist, und polierten, versilberten Zeigern.<\/p>\n<p>Das Armband ist im oberen Teil aus Krokodilleder und im unteren Teil aus Kalbsleder gefertigt; der obere Teil ist beige, der untere Teil braun. Au\u00dferdem verf\u00fcgt sie \u00fcber eine dreifach gesicherte Faltschlie\u00dfe und einen Push-Pull-\u00d6ffnungsmechanismus.<\/p>\n<p>Die Uhr wird von der offiziellen Longines-Box und 5 Jahren Garantie begleitet.<\/p>\n","protected":false},"excerpt":{"rendered":"<p>Die Uhren der Serie Master Collection zeichnen sich durch einen automatischen Aufzug aus. Dar\u00fcber hinaus sind sie, wie in diesem Fall, f\u00fcr die besondere Eleganz und Raffinesse ihrer Linienf\u00fchrung sowie f\u00fcr ihre Schlichtheit bekannt.<\/p>\n","protected":false},"featured_media":109763,"comment_status":"open","ping_status":"closed","template":"","meta":[],"product_brand":[5391],"product_cat":[5966],"product_tag":[],"class_list":{"0":"post-109762","1":"product","2":"type-product","3":"status-publish","4":"has-post-thumbnail","6":"product_brand-longines","7":"product_cat-longines-damenuhren","8":"pa_collezione-longines-master-kollektion","10":"first","11":"instock","12":"taxable","13":"shipping-taxable","14":"purchasable","15":"product-type-simple"},"exclude_global_add_ons":[],"addons":[],"df_price":2800,"df_sale_price":"","df_regular_price":2800,"df_image_link":"https:\/\/cdn02.fabioferro.eu\/wp-content\/uploads\/orologio-longines-master-collection-acciaio-champagne-pelle-L2.357.4.07.2-4.jpg","_links":{"self":[{"href":"https:\/\/www.fabioferro.eu\/de\/wp-json\/wp\/v2\/product\/109762","targetHints":{"allow":["GET"]}}],"collection":[{"href":"https:\/\/www.fabioferro.eu\/de\/wp-json\/wp\/v2\/product"}],"about":[{"href":"https:\/\/www.fabioferro.eu\/de\/wp-json\/wp\/v2\/types\/product"}],"replies":[{"embeddable":true,"href":"https:\/\/www.fabioferro.eu\/de\/wp-json\/wp\/v2\/comments?post=109762"}],"version-history":[{"count":0,"href":"https:\/\/www.fabioferro.eu\/de\/wp-json\/wp\/v2\/product\/109762\/revisions"}],"wp:featuredmedia":[{"embeddable":true,"href":"https:\/\/www.fabioferro.eu\/de\/wp-json\/wp\/v2\/media\/109763"}],"wp:attachment":[{"href":"https:\/\/www.fabioferro.eu\/de\/wp-json\/wp\/v2\/media?parent=109762"}],"wp:term":[{"taxonomy":"product_brand","embeddable":true,"href":"https:\/\/www.fabioferro.eu\/de\/wp-json\/wp\/v2\/product_brand?post=109762"},{"taxonomy":"product_cat","embeddable":true,"href":"https:\/\/www.fabioferro.eu\/de\/wp-json\/wp\/v2\/product_cat?post=109762"},{"taxonomy":"product_tag","embeddable":true,"href":"https:\/\/www.fabioferro.eu\/de\/wp-json\/wp\/v2\/product_tag?post=109762"}],"curies":[{"name":"wp","href":"https:\/\/api.w.org\/{rel}","templated":true}]}}