{"id":109845,"date":"2023-02-21T10:19:45","date_gmt":"2023-02-21T09:19:45","guid":{"rendered":"https:\/\/www.fabioferro.eu\/longines-automatikuhr-stahl-schwarz-leder-385-mm.html"},"modified":"2023-02-21T10:19:45","modified_gmt":"2023-02-21T09:19:45","slug":"longines-automatikuhr-stahl-schwarz-leder-385-mm","status":"publish","type":"product","link":"https:\/\/www.fabioferro.eu\/de\/longines-automatikuhr-stahl-schwarz-leder-385-mm.html","title":{"rendered":"Longines Automatikuhr Stahl Schwarz Leder 38,5 mm"},"content":{"rendered":"<p>Longines Automatikuhr mit Kaliber L888. Sie verf\u00fcgt \u00fcber die Funktionen Stunde, Minute, Sekunde und Datum sowie ein mechanisches Uhrwerk mit Automatikaufzug und einer Frequenz von 25.200 Halbschwingungen pro Stunde und einer Gangreserve von etwa 72 Stunden. Au\u00dferdem ist sie mit dem exklusiven Longines-Manufakturkaliber ausgestattet.<\/p>\n<p>Das runde Geh\u00e4use mit einem Durchmesser von 38,50 mm ist aus Edelstahl gefertigt und mit einem kratzfesten Saphirglas versehen. Der Abstand zwischen den Bandanst\u00f6\u00dfen betr\u00e4gt 20 mm, w\u00e4hrend die Dicke 8,30 mm betr\u00e4gt. Auch die Wasserdichtigkeit ist bis zu 3 bar\/30 m garantiert. Das Gesamtgewicht betr\u00e4gt 45,6 g.<\/p>\n<p>Das Zifferblatt ist mattwei\u00df, w\u00e4hrend der Stundenkreis mit aufgemalten r\u00f6mischen Ziffern versehen ist. Die Zeiger sind schwarz.<\/p>\n<p>Der obere Teil des Armbands ist aus schwarzem Kalbsleder in Kroko-Optik, der untere Teil aus schwarzem Rindsleder gefertigt. Das Schnallenverschlusssystem ist vorhanden.<\/p>\n<p>Die Uhr wird von einer Schachtel und der offiziellen 5-Jahres-Garantie von Longines begleitet.<\/p>\n","protected":false},"excerpt":{"rendered":"<p>Mit den Zeitmessern der Kollektion Pr\u00e8sence wollte Longines nicht nur seine Verbundenheit mit der Vergangenheit, sondern auch seinen Willen zur Innovation und Erneuerung bekr\u00e4ftigen. Das Ergebnis ist eine einzigartige Uhr mit den typischen Linien des klassischen Stils und gleichzeitig der Innovation der Zukunft.<\/p>\n","protected":false},"featured_media":109851,"comment_status":"open","ping_status":"closed","template":"","meta":[],"product_brand":[5391],"product_cat":[5953],"product_tag":[],"class_list":{"0":"post-109845","1":"product","2":"type-product","3":"status-publish","4":"has-post-thumbnail","6":"product_brand-longines","7":"product_cat-longines-herrenuhren","8":"pa_collezione-longines-presence-de","10":"first","11":"outofstock","12":"taxable","13":"shipping-taxable","14":"purchasable","15":"product-type-simple"},"exclude_global_add_ons":[],"addons":[],"df_price":1500,"df_sale_price":"","df_regular_price":1500,"df_image_link":"https:\/\/cdn02.fabioferro.eu\/wp-content\/uploads\/orologio-longines-presence-automatico-pelle-nero-L4.921.4.11.2-3-1.jpg","_links":{"self":[{"href":"https:\/\/www.fabioferro.eu\/de\/wp-json\/wp\/v2\/product\/109845","targetHints":{"allow":["GET"]}}],"collection":[{"href":"https:\/\/www.fabioferro.eu\/de\/wp-json\/wp\/v2\/product"}],"about":[{"href":"https:\/\/www.fabioferro.eu\/de\/wp-json\/wp\/v2\/types\/product"}],"replies":[{"embeddable":true,"href":"https:\/\/www.fabioferro.eu\/de\/wp-json\/wp\/v2\/comments?post=109845"}],"version-history":[{"count":0,"href":"https:\/\/www.fabioferro.eu\/de\/wp-json\/wp\/v2\/product\/109845\/revisions"}],"wp:featuredmedia":[{"embeddable":true,"href":"https:\/\/www.fabioferro.eu\/de\/wp-json\/wp\/v2\/media\/109851"}],"wp:attachment":[{"href":"https:\/\/www.fabioferro.eu\/de\/wp-json\/wp\/v2\/media?parent=109845"}],"wp:term":[{"taxonomy":"product_brand","embeddable":true,"href":"https:\/\/www.fabioferro.eu\/de\/wp-json\/wp\/v2\/product_brand?post=109845"},{"taxonomy":"product_cat","embeddable":true,"href":"https:\/\/www.fabioferro.eu\/de\/wp-json\/wp\/v2\/product_cat?post=109845"},{"taxonomy":"product_tag","embeddable":true,"href":"https:\/\/www.fabioferro.eu\/de\/wp-json\/wp\/v2\/product_tag?post=109845"}],"curies":[{"name":"wp","href":"https:\/\/api.w.org\/{rel}","templated":true}]}}