{"id":109867,"date":"2023-02-21T12:17:10","date_gmt":"2023-02-21T11:17:10","guid":{"rendered":"https:\/\/www.fabioferro.eu\/fabio-ferro-ypsilon-weissgold-verlobungsring-mit-diamanten-021-karat.html"},"modified":"2024-10-30T09:50:23","modified_gmt":"2024-10-30T08:50:23","slug":"fabio-ferro-ypsilon-weissgold-verlobungsring-mit-diamanten-021-karat","status":"publish","type":"product","link":"https:\/\/www.fabioferro.eu\/de\/fabio-ferro-ypsilon-weissgold-verlobungsring-mit-diamanten-021-karat.html","title":{"rendered":"Fabio Ferro Ypsilon Wei\u00dfgold Verlobungsring mit Diamanten 0,21 Karat"},"content":{"rendered":"<p>In Italien handgefertigter Solit\u00e4rring aus 18 Karat Wei\u00dfgold. Die Fassung, die f\u00fcr dieses Schmuckst\u00fcck verwendet wurde, ist sehr hochwertig und von au\u00dfergew\u00f6hnlicher Qualit\u00e4t. Sie ist mit einem Diamanten im Brillantschliff von 0,21 Karat besetzt, Farbe F und Reinheit VS1.<\/p>\n<p>Das Logo &#8216;Fabio Ferro I Gioielli&#8217; und der Karatwert des Steins sind elegant in die Innenseite des Schafts gelasert. Die tats\u00e4chlichen Merkmale des Schmuckst\u00fccks entnehmen Sie bitte der Beschreibung, das Foto dient nur zur Veranschaulichung. Wird von einem eleganten Etui und einem von Fabio Ferro unterzeichneten Garantie- und Qualit\u00e4tszertifikat begleitet.<\/p>\n<p><img decoding=\"async\" class=\"alignnone size-full wp-image-68675\" src=\"https:\/\/cdn02.fabioferro.eu\/wp-content\/uploads\/IGI-4cs-chart-IT-scaled.jpg\" alt=\"\" width=\"1864\" height=\"2560\" title=\"\" srcset=\"https:\/\/cdn02.fabioferro.eu\/wp-content\/uploads\/IGI-4cs-chart-IT-scaled.jpg 1864w, https:\/\/cdn02.fabioferro.eu\/wp-content\/uploads\/IGI-4cs-chart-IT-768x1055.jpg 768w, https:\/\/cdn02.fabioferro.eu\/wp-content\/uploads\/IGI-4cs-chart-IT-1119x1536.jpg 1119w, https:\/\/cdn02.fabioferro.eu\/wp-content\/uploads\/IGI-4cs-chart-IT-1491x2048.jpg 1491w, https:\/\/cdn02.fabioferro.eu\/wp-content\/uploads\/IGI-4cs-chart-IT-990x1359.jpg 990w, https:\/\/cdn02.fabioferro.eu\/wp-content\/uploads\/IGI-4cs-chart-IT-441x606.jpg 441w, https:\/\/cdn02.fabioferro.eu\/wp-content\/uploads\/IGI-4cs-chart-IT-600x824.jpg 600w, https:\/\/cdn02.fabioferro.eu\/wp-content\/uploads\/IGI-4cs-chart-IT-150x206.jpg 150w\" sizes=\"(max-width: 1864px) 100vw, 1864px\" \/><\/p>\n","protected":false},"excerpt":{"rendered":"<p>Einfach, elegant und unpr\u00e4tenti\u00f6s. Ein Schmuckst\u00fcck, das sich gerade durch seine extreme Qualit\u00e4t von der Masse abhebt.<\/p>\n","protected":false},"featured_media":109889,"comment_status":"open","ping_status":"closed","template":"","meta":[],"product_brand":[152],"product_cat":[6021],"product_tag":[],"class_list":{"0":"post-109867","1":"product","2":"type-product","3":"status-publish","4":"has-post-thumbnail","6":"product_brand-fabio-ferro-i-gioielli","7":"product_cat-verlobungsringe","9":"first","10":"instock","11":"sale","12":"taxable","13":"shipping-taxable","14":"purchasable","15":"product-type-variable","16":"has-default-attributes"},"exclude_global_add_ons":[],"addons":[],"df_price":1176,"df_sale_price":"","df_regular_price":1176,"df_image_link":"https:\/\/cdn02.fabioferro.eu\/wp-content\/uploads\/anello-di-fidanzamento-fabio-ferro-in-oro-bianco-con-diiamante-ff1250-3.jpg","_links":{"self":[{"href":"https:\/\/www.fabioferro.eu\/de\/wp-json\/wp\/v2\/product\/109867","targetHints":{"allow":["GET"]}}],"collection":[{"href":"https:\/\/www.fabioferro.eu\/de\/wp-json\/wp\/v2\/product"}],"about":[{"href":"https:\/\/www.fabioferro.eu\/de\/wp-json\/wp\/v2\/types\/product"}],"replies":[{"embeddable":true,"href":"https:\/\/www.fabioferro.eu\/de\/wp-json\/wp\/v2\/comments?post=109867"}],"version-history":[{"count":0,"href":"https:\/\/www.fabioferro.eu\/de\/wp-json\/wp\/v2\/product\/109867\/revisions"}],"wp:featuredmedia":[{"embeddable":true,"href":"https:\/\/www.fabioferro.eu\/de\/wp-json\/wp\/v2\/media\/109889"}],"wp:attachment":[{"href":"https:\/\/www.fabioferro.eu\/de\/wp-json\/wp\/v2\/media?parent=109867"}],"wp:term":[{"taxonomy":"product_brand","embeddable":true,"href":"https:\/\/www.fabioferro.eu\/de\/wp-json\/wp\/v2\/product_brand?post=109867"},{"taxonomy":"product_cat","embeddable":true,"href":"https:\/\/www.fabioferro.eu\/de\/wp-json\/wp\/v2\/product_cat?post=109867"},{"taxonomy":"product_tag","embeddable":true,"href":"https:\/\/www.fabioferro.eu\/de\/wp-json\/wp\/v2\/product_tag?post=109867"}],"curies":[{"name":"wp","href":"https:\/\/api.w.org\/{rel}","templated":true}]}}