{"id":109916,"date":"2023-02-21T10:18:13","date_gmt":"2023-02-21T09:18:13","guid":{"rendered":"https:\/\/www.fabioferro.eu\/longines-uhr-dolcevita-quarz-stahl-weiss-perlmutt-2080-x-32-mm.html"},"modified":"2024-12-16T13:39:50","modified_gmt":"2024-12-16T12:39:50","slug":"longines-uhr-dolcevita-quarz-stahl-weiss-perlmutt-2080-x-32-mm","status":"publish","type":"product","link":"https:\/\/www.fabioferro.eu\/de\/longines-uhr-dolcevita-quarz-stahl-weiss-perlmutt-2080-x-32-mm.html","title":{"rendered":"Longines Uhr Dolcevita Quarz Stahl Wei\u00df Perlmutt 20,80 X 32 mm"},"content":{"rendered":"<p>Longines Quarzuhr mit dem Kaliber L178 mit den Funktionen Stunde, Minute und kleine Sekunde bei 6 Uhr. Spezielle E.O.L.-Funktion Nicht antimagnetisch.<\/p>\n<p>Das rechteckige Geh\u00e4use mit den Ma\u00dfen 20,80 \u00d7 32 mm ist aus Edelstahl gefertigt und mit einem kratzfesten Saphirglas versehen. Der Abstand zwischen den Bandanst\u00f6\u00dfen betr\u00e4gt 15 mm und die Dicke 6,90 mm, das Gewicht 72,3 g. Wasserdicht bis zu 3 bar\/30m.<\/p>\n<p>Wei\u00dfes Perlmuttzifferblatt mit Stundenkreis und Diamantindexen. Gebl\u00e4ute Stahlzeiger. Das Zifferblatt ist mit 13 Top Wesselton VS -SI Diamanten von insgesamt 0,059 Karat besetzt.<\/p>\n<p>Edelstahlarmband mit dreifacher Sicherheitsfaltschlie\u00dfe und \u00d6ffnungsmechanismus mit Druckknopf.<\/p>\n<p>Uhr komplett mit Box und offizieller 2-Jahres-Garantie von Longines.<\/p>\n","protected":false},"excerpt":{"rendered":"<p>Seit ihrer Einf\u00fchrung hat die Dolcevita-Kollektion von Longines Eleganz und zeitgen\u00f6ssischen Stil in die Welt gebracht. Durch die moderne Neuinterpretation der Linien dieser Kollektion macht Longines einen weiteren Schritt nach vorn und schafft eine Reihe von Zeitmessern mit einem einzigartigen Stil.<\/p>\n","protected":false},"featured_media":109920,"comment_status":"open","ping_status":"closed","template":"","meta":[],"product_brand":[5391],"product_cat":[5966],"product_tag":[],"class_list":{"0":"post-109916","1":"product","2":"type-product","3":"status-publish","4":"has-post-thumbnail","6":"product_brand-longines","7":"product_cat-longines-damenuhren","8":"pa_collezione-longines-dolcevita-de","10":"first","11":"instock","12":"taxable","13":"shipping-taxable","14":"purchasable","15":"product-type-simple"},"exclude_global_add_ons":false,"addons":[{"name":"Gurtl\u00e4nge","type":"multiple_choice","position":0,"required":false,"title_format":"label","default":"","description_enable":false,"description":null,"placeholder_enable":false,"placeholder":"","display":"select","restrictions_type":"any_text","adjust_price":false,"price":"","price_type":"flat_fee","restrictions":false,"min":"0","max":"0","options":[{"label":"Keine Anpassung","price":"","price_type":"flat_fee","image":0,"visibility":true},{"label":"15,0 cm","price":"","price_type":"flat_fee","image":0,"visibility":true},{"label":"15,5 cm","price":"","price_type":"flat_fee","image":0,"visibility":true},{"label":"16,0 cm","price":"","price_type":"flat_fee","image":0,"visibility":true},{"label":"16,5 cm","price":"","price_type":"flat_fee","image":0,"visibility":true},{"label":"17,0 cm","price":"","price_type":"flat_fee","image":0,"visibility":true},{"label":"17,5 cm","price":"","price_type":"flat_fee","image":0,"visibility":true},{"label":"18,0 cm","price":"","price_type":"flat_fee","image":0,"visibility":true},{"label":"18,5 cm","price":"","price_type":"flat_fee","image":0,"visibility":true},{"label":"19,0 cm","price":"","price_type":"flat_fee","image":0,"visibility":true},{"label":"19,5 cm","price":"","price_type":"flat_fee","image":0,"visibility":true},{"label":"20.0 cm","price":"","price_type":"flat_fee","image":0,"visibility":true},{"label":"20,5 cm","price":"","price_type":"flat_fee","image":0,"visibility":true},{"label":"21.0 cm","price":"","price_type":"flat_fee","image":0,"visibility":true},{"label":"21,5 cm","price":"","price_type":"flat_fee","image":0,"visibility":true},{"label":"22.0 cm","price":"","price_type":"flat_fee","image":0,"visibility":true}],"id":1689153425},{"name":"Choose the size for her","type":"multiple_choice","position":0,"required":false,"title_format":"label","default":"","description_enable":false,"description":"","placeholder_enable":false,"placeholder":"","display":"select","restrictions_type":"any_text","adjust_price":false,"price":"","price_type":"flat_fee","restrictions":false,"min":"0","max":"0","options":[{"label":"8","price":"","price_type":"flat_fee","image":0,"visibility":true},{"label":"9","price":"","price_type":"flat_fee","image":0,"visibility":true},{"label":"10","price":"","price_type":"flat_fee","image":0,"visibility":true},{"label":"11","price":"","price_type":"flat_fee","image":0,"visibility":true},{"label":"12","price":"","price_type":"flat_fee","image":0,"visibility":true},{"label":"13","price":"","price_type":"flat_fee","image":0,"visibility":true},{"label":"14","price":"","price_type":"flat_fee","image":0,"visibility":true},{"label":"15","price":"","price_type":"flat_fee","image":0,"visibility":true},{"label":"16","price":"","price_type":"flat_fee","image":0,"visibility":true},{"label":"17","price":"","price_type":"flat_fee","image":0,"visibility":true},{"label":"18","price":"","price_type":"flat_fee","image":0,"visibility":true},{"label":"19","price":"","price_type":"flat_fee","image":0,"visibility":true},{"label":"20","price":"","price_type":"flat_fee","image":0,"visibility":true},{"label":"21","price":"","price_type":"flat_fee","image":0,"visibility":true},{"label":"22","price":"","price_type":"flat_fee","image":0,"visibility":true},{"label":"23","price":"","price_type":"flat_fee","image":0,"visibility":true},{"label":"24","price":"","price_type":"flat_fee","image":0,"visibility":true},{"label":"25","price":"","price_type":"flat_fee","image":0,"visibility":true},{"label":"26","price":"","price_type":"flat_fee","image":0,"visibility":true},{"label":"27","price":"","price_type":"flat_fee","image":0,"visibility":true},{"label":"28","price":"","price_type":"flat_fee","image":0,"visibility":true}],"id":1706806906},{"name":"Choose the size for him","type":"multiple_choice","position":0,"required":false,"title_format":"label","default":"","description_enable":false,"description":"","placeholder_enable":false,"placeholder":"","display":"select","restrictions_type":"any_text","adjust_price":false,"price":"","price_type":"flat_fee","restrictions":false,"min":"0","max":"0","options":[{"label":"8","price":"","price_type":"flat_fee","image":0,"visibility":true},{"label":"9","price":"","price_type":"flat_fee","image":0,"visibility":true},{"label":"10","price":"","price_type":"flat_fee","image":0,"visibility":true},{"label":"11","price":"","price_type":"flat_fee","image":0,"visibility":true},{"label":"12","price":"","price_type":"flat_fee","image":0,"visibility":true},{"label":"13","price":"","price_type":"flat_fee","image":0,"visibility":true},{"label":"14","price":"","price_type":"flat_fee","image":0,"visibility":true},{"label":"15","price":"","price_type":"flat_fee","image":0,"visibility":true},{"label":"16","price":"","price_type":"flat_fee","image":0,"visibility":true},{"label":"17","price":"","price_type":"flat_fee","image":0,"visibility":true},{"label":"18","price":"","price_type":"flat_fee","image":0,"visibility":true},{"label":"19","price":"","price_type":"flat_fee","image":0,"visibility":true},{"label":"20","price":"","price_type":"flat_fee","image":0,"visibility":true},{"label":"21","price":"","price_type":"flat_fee","image":0,"visibility":true},{"label":"22","price":"","price_type":"flat_fee","image":0,"visibility":true},{"label":"23","price":"","price_type":"flat_fee","image":0,"visibility":true},{"label":"24","price":"","price_type":"flat_fee","image":0,"visibility":true},{"label":"25","price":"","price_type":"flat_fee","image":0,"visibility":true},{"label":"26","price":"","price_type":"flat_fee","image":0,"visibility":true},{"label":"27","price":"","price_type":"flat_fee","image":0,"visibility":true},{"label":"28","price":"","price_type":"flat_fee","image":0,"visibility":true}],"id":1706806872},{"name":"Engraving","type":"custom_text","position":0,"required":false,"title_format":"label","default":"","description_enable":false,"description":"","placeholder_enable":false,"placeholder":"","display":"select","restrictions_type":"any_text","adjust_price":false,"price":"","price_type":"flat_fee","restrictions":false,"min":"0","max":"0","options":[],"id":1706718952}],"df_price":2000,"df_sale_price":"","df_regular_price":2000,"df_image_link":"https:\/\/cdn02.fabioferro.eu\/wp-content\/uploads\/orologio-longines-dolcevita-in-acciaio-con-diamanti-e-madreperla-L5.255.4.87.6-5.jpg","_links":{"self":[{"href":"https:\/\/www.fabioferro.eu\/de\/wp-json\/wp\/v2\/product\/109916","targetHints":{"allow":["GET"]}}],"collection":[{"href":"https:\/\/www.fabioferro.eu\/de\/wp-json\/wp\/v2\/product"}],"about":[{"href":"https:\/\/www.fabioferro.eu\/de\/wp-json\/wp\/v2\/types\/product"}],"replies":[{"embeddable":true,"href":"https:\/\/www.fabioferro.eu\/de\/wp-json\/wp\/v2\/comments?post=109916"}],"version-history":[{"count":0,"href":"https:\/\/www.fabioferro.eu\/de\/wp-json\/wp\/v2\/product\/109916\/revisions"}],"wp:featuredmedia":[{"embeddable":true,"href":"https:\/\/www.fabioferro.eu\/de\/wp-json\/wp\/v2\/media\/109920"}],"wp:attachment":[{"href":"https:\/\/www.fabioferro.eu\/de\/wp-json\/wp\/v2\/media?parent=109916"}],"wp:term":[{"taxonomy":"product_brand","embeddable":true,"href":"https:\/\/www.fabioferro.eu\/de\/wp-json\/wp\/v2\/product_brand?post=109916"},{"taxonomy":"product_cat","embeddable":true,"href":"https:\/\/www.fabioferro.eu\/de\/wp-json\/wp\/v2\/product_cat?post=109916"},{"taxonomy":"product_tag","embeddable":true,"href":"https:\/\/www.fabioferro.eu\/de\/wp-json\/wp\/v2\/product_tag?post=109916"}],"curies":[{"name":"wp","href":"https:\/\/api.w.org\/{rel}","templated":true}]}}