{"id":109917,"date":"2023-02-18T19:10:06","date_gmt":"2023-02-18T18:10:06","guid":{"rendered":"https:\/\/www.fabioferro.eu\/longines-hydroconquest-automatikuhr-schwarzer-kautschuk-43-mm.html"},"modified":"2024-12-16T13:45:35","modified_gmt":"2024-12-16T12:45:35","slug":"longines-hydroconquest-automatikuhr-schwarzer-kautschuk-43-mm","status":"publish","type":"product","link":"https:\/\/www.fabioferro.eu\/de\/longines-hydroconquest-automatikuhr-schwarzer-kautschuk-43-mm.html","title":{"rendered":"Longines Hydroconquest Automatikuhr Schwarzer Kautschuk 43 mm"},"content":{"rendered":"<p>Longines Automatikuhr mit Stunden, Minuten, Sekunden und Datumsfunktion. Sie ist mit dem Kaliber L888 ausgestattet und von Longines zertifiziert. Die Uhr ist mit einem mechanischen Uhrwerk mit Automatikaufzug und einer Frequenz von 25.200 Halbschwingungen pro Stunde ausgestattet. Die Gangreserve betr\u00e4gt ca. 72 Stunden.<\/p>\n<p>Das runde Geh\u00e4use mit einem Durchmesser von 43 mm ist aus schwarzer Keramik gefertigt und verf\u00fcgt \u00fcber eine einseitig drehbare Keramikl\u00fcnette und eine verschraubte Krone. Kratzfestes Saphirglas mit mehrschichtiger Antireflexionsbeschichtung auf beiden Seiten. Der Abstand zwischen den Anst\u00f6\u00dfen betr\u00e4gt 21 mm bei einer Dicke von 13 mm. Sie zeichnet sich auch durch ihre kompakte und leichte, aber gleichzeitig unglaublich elegante Form aus. Garantierte Wasserdichtigkeit bis zu 30 bar\/300 m. Das Gesamtgewicht betr\u00e4gt 126,7 g.<\/p>\n<p>Das Zifferblatt besteht aus mattschwarzer Keramik mit arabischen Ziffern und applizierten Stundenmarkierungen. Die Zeiger sind aus poliertem Silber, und es gibt das propriet\u00e4re Schweizer Super-LumiNova Fluoreszenzsystem.<\/p>\n<p>Das Armband ist aus schwarzem Kautschuk mit einer doppelten Sicherheitsfaltschlie\u00dfe und einem \u00d6ffnungsmechanismus mit Druckknopf. Nicht antimagnetisch.<\/p>\n<p>Die Uhr wird mit einer offiziellen Longines-Box und 5 Jahren Garantie geliefert.<\/p>\n","protected":false},"excerpt":{"rendered":"<p>Die Hydroconquest-Kollektion von Longies ist eine der fortschrittlichsten: Sie zeichnet sich durch besonders innovative technische L\u00f6sungen aus, wie z. B. das Geh\u00e4use aus Keramik. Die Vorteile dieses Materials k\u00f6nnen genutzt werden, um eine robuste und dennoch sehr leichte Uhr herzustellen, die sich perfekt f\u00fcr den Sport eignet.<\/p>\n","protected":false},"featured_media":109927,"comment_status":"open","ping_status":"closed","template":"","meta":[],"product_brand":[5391],"product_cat":[5953],"product_tag":[],"class_list":{"0":"post-109917","1":"product","2":"type-product","3":"status-publish","4":"has-post-thumbnail","6":"product_brand-longines","7":"product_cat-longines-herrenuhren","8":"pa_collezione-longines-hydroconquest-de","10":"first","11":"instock","12":"taxable","13":"shipping-taxable","14":"purchasable","15":"product-type-simple"},"exclude_global_add_ons":[],"addons":[],"df_price":4650,"df_sale_price":"","df_regular_price":4650,"df_image_link":"https:\/\/cdn02.fabioferro.eu\/wp-content\/uploads\/orologio-longines-hydroconquest-automatico-nero-pvd-acciaio-caucciu-L3.784.4.56.9-2-1.jpg","_links":{"self":[{"href":"https:\/\/www.fabioferro.eu\/de\/wp-json\/wp\/v2\/product\/109917","targetHints":{"allow":["GET"]}}],"collection":[{"href":"https:\/\/www.fabioferro.eu\/de\/wp-json\/wp\/v2\/product"}],"about":[{"href":"https:\/\/www.fabioferro.eu\/de\/wp-json\/wp\/v2\/types\/product"}],"replies":[{"embeddable":true,"href":"https:\/\/www.fabioferro.eu\/de\/wp-json\/wp\/v2\/comments?post=109917"}],"version-history":[{"count":0,"href":"https:\/\/www.fabioferro.eu\/de\/wp-json\/wp\/v2\/product\/109917\/revisions"}],"wp:featuredmedia":[{"embeddable":true,"href":"https:\/\/www.fabioferro.eu\/de\/wp-json\/wp\/v2\/media\/109927"}],"wp:attachment":[{"href":"https:\/\/www.fabioferro.eu\/de\/wp-json\/wp\/v2\/media?parent=109917"}],"wp:term":[{"taxonomy":"product_brand","embeddable":true,"href":"https:\/\/www.fabioferro.eu\/de\/wp-json\/wp\/v2\/product_brand?post=109917"},{"taxonomy":"product_cat","embeddable":true,"href":"https:\/\/www.fabioferro.eu\/de\/wp-json\/wp\/v2\/product_cat?post=109917"},{"taxonomy":"product_tag","embeddable":true,"href":"https:\/\/www.fabioferro.eu\/de\/wp-json\/wp\/v2\/product_tag?post=109917"}],"curies":[{"name":"wp","href":"https:\/\/api.w.org\/{rel}","templated":true}]}}