{"id":109994,"date":"2023-02-17T16:06:34","date_gmt":"2023-02-17T15:06:34","guid":{"rendered":"https:\/\/www.fabioferro.eu\/longines-master-collection-automatik-silber-leder-uhr-braun-385-mm.html"},"modified":"2024-12-16T13:45:32","modified_gmt":"2024-12-16T12:45:32","slug":"longines-master-collection-automatik-silber-leder-uhr-braun-385-mm","status":"publish","type":"product","link":"https:\/\/www.fabioferro.eu\/de\/longines-master-collection-automatik-silber-leder-uhr-braun-385-mm.html","title":{"rendered":"Longines Master Collection Automatik Silber Leder Uhr Braun 38,5 mm"},"content":{"rendered":"<p>Longines Automatikuhr mit Kaliber L888 und mechanischem Uhrwerk mit automatischem Aufzug und einer Frequenz von 25200 Halbschwingungen pro Stunde sowie einer Gangreserve von ca. 72 Stunden. Ausgestattet mit Stunden, Minuten, Sekunden und Datumsfunktion. Das originale Longines-Manufakturkaliber ist ebenfalls vorhanden. Nicht antimagnetisch.<\/p>\n<p>Das runde Geh\u00e4use mit einem Durchmesser von 38,5 mm ist aus Edelstahl und einem kratzfesten Saphirglas gefertigt. Die R\u00fcckseite ist transparent und besteht aus Saphirglas. Der Abstand zwischen den Anst\u00f6\u00dfen betr\u00e4gt 20 mm, w\u00e4hrend die Dicke 9,20 mm betr\u00e4gt. Wasserdicht bis 3 bar\/30 m. Gesamtgewicht 64,5 g.<\/p>\n<p>Das Zifferblatt ist silberfarben und mit einem Stundenkreis mit aufgesetzten r\u00f6mischen Ziffern und gebl\u00e4uten Stahlzeigern versehen.<\/p>\n<p>Der obere Teil des Riemens ist aus braunem Krokodilleder, der untere Teil aus braunem Kalbsleder gefertigt. Die Schlie\u00dfe ist mit einer dreifachen Sicherheitsfaltschlie\u00dfe und einem \u00d6ffnungsmechanismus mit Druckknopf ausgestattet.<\/p>\n<p>Uhr komplett mit Box und offizieller 5-Jahres-Garantie von Longines.<\/p>\n","protected":false},"excerpt":{"rendered":"<p>Longines Master Collection ist die von Longines vorgeschlagene Serie, die die Tradition des Unternehmens wieder aufleben lassen und erneuern soll. Sie zielt darauf ab, die Geschichte neu zu schreiben und sie auf eine neue Art zu markieren.<\/p>\n","protected":false},"featured_media":110015,"comment_status":"open","ping_status":"closed","template":"","meta":[],"product_brand":[5391],"product_cat":[5953],"product_tag":[],"class_list":{"0":"post-109994","1":"product","2":"type-product","3":"status-publish","4":"has-post-thumbnail","6":"product_brand-longines","7":"product_cat-longines-herrenuhren","8":"pa_collezione-longines-master-kollektion","10":"first","11":"instock","12":"taxable","13":"shipping-taxable","14":"purchasable","15":"product-type-simple"},"exclude_global_add_ons":[],"addons":[],"df_price":2350,"df_sale_price":"","df_regular_price":2350,"df_image_link":"https:\/\/cdn02.fabioferro.eu\/wp-content\/uploads\/orologio-longines-master-collection-bianco-marrone-L2.628.4.78.3-6.jpg","_links":{"self":[{"href":"https:\/\/www.fabioferro.eu\/de\/wp-json\/wp\/v2\/product\/109994","targetHints":{"allow":["GET"]}}],"collection":[{"href":"https:\/\/www.fabioferro.eu\/de\/wp-json\/wp\/v2\/product"}],"about":[{"href":"https:\/\/www.fabioferro.eu\/de\/wp-json\/wp\/v2\/types\/product"}],"replies":[{"embeddable":true,"href":"https:\/\/www.fabioferro.eu\/de\/wp-json\/wp\/v2\/comments?post=109994"}],"version-history":[{"count":0,"href":"https:\/\/www.fabioferro.eu\/de\/wp-json\/wp\/v2\/product\/109994\/revisions"}],"wp:featuredmedia":[{"embeddable":true,"href":"https:\/\/www.fabioferro.eu\/de\/wp-json\/wp\/v2\/media\/110015"}],"wp:attachment":[{"href":"https:\/\/www.fabioferro.eu\/de\/wp-json\/wp\/v2\/media?parent=109994"}],"wp:term":[{"taxonomy":"product_brand","embeddable":true,"href":"https:\/\/www.fabioferro.eu\/de\/wp-json\/wp\/v2\/product_brand?post=109994"},{"taxonomy":"product_cat","embeddable":true,"href":"https:\/\/www.fabioferro.eu\/de\/wp-json\/wp\/v2\/product_cat?post=109994"},{"taxonomy":"product_tag","embeddable":true,"href":"https:\/\/www.fabioferro.eu\/de\/wp-json\/wp\/v2\/product_tag?post=109994"}],"curies":[{"name":"wp","href":"https:\/\/api.w.org\/{rel}","templated":true}]}}