{"id":110041,"date":"2023-02-17T16:06:18","date_gmt":"2023-02-17T15:06:18","guid":{"rendered":"https:\/\/www.fabioferro.eu\/longines-heritage-military-automatikuhr-silber-leder-385-mm.html"},"modified":"2024-12-16T13:45:27","modified_gmt":"2024-12-16T12:45:27","slug":"longines-heritage-military-automatikuhr-silber-leder-385-mm","status":"publish","type":"product","link":"https:\/\/www.fabioferro.eu\/de\/longines-heritage-military-automatikuhr-silber-leder-385-mm.html","title":{"rendered":"Longines Heritage Military Automatikuhr Silber Leder 38,5 mm"},"content":{"rendered":"<p>Longines Automatikuhr, Kaliber L888, mit Stunden-, Minuten- und Sekundenanzeige. Komplett mit mechanischem Uhrwerk mit Automatikaufzug und einer Frequenz von 25.200 Halbschwingungen pro Stunde sowie einer Gangreserve von etwa 72 Stunden. Au\u00dferdem ist sie mit dem exklusiven Longines-Manufakturkaliber ausgestattet. Nicht antimagnetisch.<\/p>\n<p>Das runde Geh\u00e4use mit einem Durchmesser von 38,5 mm ist aus Edelstahl gefertigt und verf\u00fcgt \u00fcber ein gew\u00f6lbtes, kratzfestes Saphirglas mit beidseitiger Antireflexionsschicht. Der Abstand zwischen den Anst\u00f6\u00dfen betr\u00e4gt 19 mm und die Dicke 11,70 mm. Wasserdicht bis 3 bar\/30 m. Das Gesamtgewicht betr\u00e4gt 69 g.<\/p>\n<p>Das Zifferblatt ist silberfarben mit einem aufgemalten Stundenkreis aus arabischen Ziffern und gebl\u00e4uten Stahlb\u00e4ndern.<\/p>\n<p>Gr\u00fcnes Kalbslederband mit Schnalle.<\/p>\n<p>Uhr komplett mit Box und offizieller 5-Jahres-Garantie von Longines.<\/p>\n","protected":false},"excerpt":{"rendered":"<p>Diese Uhr wurde erstmals w\u00e4hrend des Zweiten Weltkriegs entworfen und hergestellt. Er zeichnet sich durch ein essenzielles Design und einen zeitlosen Stil aus. Urspr\u00fcnglich f\u00fcr die Royal Air Force der britischen Armee entworfen, findet sie heute auch im Alltag Verwendung, was ihren Stil ebenfalls zu unterstreichen vermag.<\/p>\n","protected":false},"featured_media":110089,"comment_status":"open","ping_status":"closed","template":"","meta":[],"product_brand":[5391],"product_cat":[5953],"product_tag":[],"class_list":{"0":"post-110041","1":"product","2":"type-product","3":"status-publish","4":"has-post-thumbnail","6":"product_brand-longines","7":"product_cat-longines-herrenuhren","8":"pa_collezione-longines-heritage-military-de","10":"first","11":"instock","12":"taxable","13":"shipping-taxable","14":"purchasable","15":"product-type-simple"},"exclude_global_add_ons":[],"addons":[],"df_price":2650,"df_sale_price":"","df_regular_price":2650,"df_image_link":"https:\/\/cdn02.fabioferro.eu\/wp-content\/uploads\/orologio-longines-military-avigation-L2.819.4.93.2-9.jpg","_links":{"self":[{"href":"https:\/\/www.fabioferro.eu\/de\/wp-json\/wp\/v2\/product\/110041","targetHints":{"allow":["GET"]}}],"collection":[{"href":"https:\/\/www.fabioferro.eu\/de\/wp-json\/wp\/v2\/product"}],"about":[{"href":"https:\/\/www.fabioferro.eu\/de\/wp-json\/wp\/v2\/types\/product"}],"replies":[{"embeddable":true,"href":"https:\/\/www.fabioferro.eu\/de\/wp-json\/wp\/v2\/comments?post=110041"}],"version-history":[{"count":0,"href":"https:\/\/www.fabioferro.eu\/de\/wp-json\/wp\/v2\/product\/110041\/revisions"}],"wp:featuredmedia":[{"embeddable":true,"href":"https:\/\/www.fabioferro.eu\/de\/wp-json\/wp\/v2\/media\/110089"}],"wp:attachment":[{"href":"https:\/\/www.fabioferro.eu\/de\/wp-json\/wp\/v2\/media?parent=110041"}],"wp:term":[{"taxonomy":"product_brand","embeddable":true,"href":"https:\/\/www.fabioferro.eu\/de\/wp-json\/wp\/v2\/product_brand?post=110041"},{"taxonomy":"product_cat","embeddable":true,"href":"https:\/\/www.fabioferro.eu\/de\/wp-json\/wp\/v2\/product_cat?post=110041"},{"taxonomy":"product_tag","embeddable":true,"href":"https:\/\/www.fabioferro.eu\/de\/wp-json\/wp\/v2\/product_tag?post=110041"}],"curies":[{"name":"wp","href":"https:\/\/api.w.org\/{rel}","templated":true}]}}