{"id":110088,"date":"2023-02-18T19:10:18","date_gmt":"2023-02-18T18:10:18","guid":{"rendered":"https:\/\/www.fabioferro.eu\/longines-hydroconquest-gruen-automatik-41-mm-uhr.html"},"modified":"2024-12-16T13:45:37","modified_gmt":"2024-12-16T12:45:37","slug":"longines-hydroconquest-gruen-automatik-41-mm-uhr","status":"publish","type":"product","link":"https:\/\/www.fabioferro.eu\/de\/longines-hydroconquest-gruen-automatik-41-mm-uhr.html","title":{"rendered":"Longines Hydroconquest Gr\u00fcn Automatik 41 mm Uhr"},"content":{"rendered":"<p>Longines Automatikuhr mit Stunden, Minuten, Sekunden und Datumsfunktion. Sie ist mit dem Kaliber L888 ausgestattet und von Longines zertifiziert. Uhr ausgestattet mit mechanischem Automatikwerk mit einer Frequenz von 25.200 Halbschwingungen pro Stunde Gangreserve ca. 72 Stunden.<\/p>\n<p>Das runde Geh\u00e4use mit einem Durchmesser von 41 mm ist aus Edelstahl gefertigt und verf\u00fcgt \u00fcber eine einseitig drehbare Keramikl\u00fcnette und eine verschraubte Krone. Kratzfestes Saphirglas mit mehrschichtiger Antireflexionsbeschichtung auf beiden Seiten. Der Abstand zwischen den Anst\u00f6\u00dfen betr\u00e4gt 21 mm bei einer Dicke von 11,90 mm. Sie zeichnet sich auch durch ihre kompakte und leichte, aber gleichzeitig unglaublich elegante Form aus. Garantierte Wasserdichtigkeit bis zu 30 bar\/300 m. Das Gesamtgewicht betr\u00e4gt 128,7 g und der Geh\u00e4useboden ist verschraubt.<\/p>\n<p>Das mattgr\u00fcne Zifferblatt hat einen Stundenkreis aus arabischen Ziffern mit aufgesetzten Stundenmarkierungen. Die Zeiger sind aus poliertem Silber, und es gibt das propriet\u00e4re Schweizer Super-LumiNova Fluoreszenzsystem.<\/p>\n<p>Das Armband ist aus gr\u00fcnem Kautschuk mit einer doppelten Sicherheitsfaltschlie\u00dfe und einem \u00d6ffnungsmechanismus mit Druckknopf. Nicht antimagnetisch.<\/p>\n<p>Die Uhr wird komplett mit Box und offizieller 5-Jahres-Garantie von Longines geliefert.<\/p>\n","protected":false},"excerpt":{"rendered":"<p>Die Uhren der Hydrocnoquest-Serie wurden speziell f\u00fcr die Bed\u00fcrfnisse von Sportlern entwickelt, die au\u00dfergew\u00f6hnliche Leistungen und gleichzeitig einen einzigartigen Stil suchen.<\/p>\n","protected":false},"featured_media":110098,"comment_status":"open","ping_status":"closed","template":"","meta":[],"product_brand":[5391],"product_cat":[5953],"product_tag":[],"class_list":{"0":"post-110088","1":"product","2":"type-product","3":"status-publish","4":"has-post-thumbnail","6":"product_brand-longines","7":"product_cat-longines-herrenuhren","8":"pa_collezione-longines-hydroconquest-de","10":"first","11":"instock","12":"taxable","13":"shipping-taxable","14":"purchasable","15":"product-type-simple"},"exclude_global_add_ons":[],"addons":[],"df_price":2000,"df_sale_price":"","df_regular_price":2000,"df_image_link":"https:\/\/cdn02.fabioferro.eu\/wp-content\/uploads\/orologio-longines-hydroconquest-automatico-verde-caucciu-L3.781.4.06.9-3.jpg","_links":{"self":[{"href":"https:\/\/www.fabioferro.eu\/de\/wp-json\/wp\/v2\/product\/110088","targetHints":{"allow":["GET"]}}],"collection":[{"href":"https:\/\/www.fabioferro.eu\/de\/wp-json\/wp\/v2\/product"}],"about":[{"href":"https:\/\/www.fabioferro.eu\/de\/wp-json\/wp\/v2\/types\/product"}],"replies":[{"embeddable":true,"href":"https:\/\/www.fabioferro.eu\/de\/wp-json\/wp\/v2\/comments?post=110088"}],"version-history":[{"count":0,"href":"https:\/\/www.fabioferro.eu\/de\/wp-json\/wp\/v2\/product\/110088\/revisions"}],"wp:featuredmedia":[{"embeddable":true,"href":"https:\/\/www.fabioferro.eu\/de\/wp-json\/wp\/v2\/media\/110098"}],"wp:attachment":[{"href":"https:\/\/www.fabioferro.eu\/de\/wp-json\/wp\/v2\/media?parent=110088"}],"wp:term":[{"taxonomy":"product_brand","embeddable":true,"href":"https:\/\/www.fabioferro.eu\/de\/wp-json\/wp\/v2\/product_brand?post=110088"},{"taxonomy":"product_cat","embeddable":true,"href":"https:\/\/www.fabioferro.eu\/de\/wp-json\/wp\/v2\/product_cat?post=110088"},{"taxonomy":"product_tag","embeddable":true,"href":"https:\/\/www.fabioferro.eu\/de\/wp-json\/wp\/v2\/product_tag?post=110088"}],"curies":[{"name":"wp","href":"https:\/\/api.w.org\/{rel}","templated":true}]}}