{"id":110095,"date":"2023-02-17T16:05:51","date_gmt":"2023-02-17T15:05:51","guid":{"rendered":"https:\/\/www.fabioferro.eu\/longines-spirit-automatic-anthrazit-titan-schwarz-40-mm-uhr.html"},"modified":"2024-12-16T13:45:26","modified_gmt":"2024-12-16T12:45:26","slug":"longines-spirit-automatic-anthrazit-titan-schwarz-40-mm-uhr","status":"publish","type":"product","link":"https:\/\/www.fabioferro.eu\/de\/longines-spirit-automatic-anthrazit-titan-schwarz-40-mm-uhr.html","title":{"rendered":"Longines Spirit Automatic Anthrazit Titan Schwarz 40 mm Uhr"},"content":{"rendered":"<p>Longines Automatikuhr mit dem Kaliber L888.4 und den Funktionen Stunden, Minuten, Sekunden und Datum. Der exklusive COSC-zertifizierte Chronometer ist ebenfalls vorhanden. Mechanisches Uhrwerk mit Automatikaufzug und einer Frequenz von 25.200 Halbschwingungen pro Stunde sowie einer Gangreserve von ca. 72 Stunden und einer Einkristall-Silizium-Unruhspirale. Au\u00dferdem ist sie mit dem exklusiven Longines-Manufakturkaliber ausgestattet. Nicht-magnetisch.<\/p>\n<p>Das runde Geh\u00e4use mit einem Durchmesser von 4o mm ist aus Titan gefertigt und mit einer verschraubten Krone versehen. Au\u00dferdem ist es mit kratzfestem Saphirglas ausgestattet, das auf beiden Seiten mehrschichtig entspiegelt ist. Der Abstand zwischen den Anst\u00f6\u00dfen betr\u00e4gt 21 mm, die Dicke 12,20 mm und das Gewicht 60,1 g. Wasserdichtigkeit bis zu 10 bar\/100 m garantiert.<\/p>\n<p>Anthrazitfarbenes Zifferblatt und goldene Zeiger. Der Stundenkreis ist mit arabischen Ziffern versehen. Au\u00dferdem verf\u00fcgt sie \u00fcber die einzigartige Schweizer Super-LumiNova-Fluoreszenztechnologie.<\/p>\n<p>Das anthrazitfarbene Kunststoffband ist mit einem Schnallenverschluss ausgestattet. Dank des Austauschsystems von Longines ist der Austausch des Armbands kostenlos.<\/p>\n<p>Die Uhr wird von der offiziellen Longines-Box und 5 Jahren Garantie begleitet.<\/p>\n","protected":false},"excerpt":{"rendered":"<p>Die neuen Uhren der Spirit-Serie werden auch durch die Verwendung besonders innovativer Materialien wie Kunststoff f\u00fcr das Armband und Titan f\u00fcr das Geh\u00e4use hergestellt. Stil und Technologie vereinen sich in einem einzigartig eleganten Objekt.<\/p>\n","protected":false},"featured_media":110123,"comment_status":"open","ping_status":"closed","template":"","meta":[],"product_brand":[5391],"product_cat":[5953],"product_tag":[],"class_list":{"0":"post-110095","1":"product","2":"type-product","3":"status-publish","4":"has-post-thumbnail","6":"product_brand-longines","7":"product_cat-longines-herrenuhren","8":"pa_collezione-longines-spirit-de","10":"first","11":"instock","12":"taxable","13":"shipping-taxable","14":"purchasable","15":"product-type-simple"},"exclude_global_add_ons":[],"addons":[],"df_price":3100,"df_sale_price":"","df_regular_price":3100,"df_image_link":"https:\/\/cdn02.fabioferro.eu\/wp-content\/uploads\/orologio-longines-spirit-titanium-doppio-cinturino-L3.810.1.53.2-6.jpg","_links":{"self":[{"href":"https:\/\/www.fabioferro.eu\/de\/wp-json\/wp\/v2\/product\/110095","targetHints":{"allow":["GET"]}}],"collection":[{"href":"https:\/\/www.fabioferro.eu\/de\/wp-json\/wp\/v2\/product"}],"about":[{"href":"https:\/\/www.fabioferro.eu\/de\/wp-json\/wp\/v2\/types\/product"}],"replies":[{"embeddable":true,"href":"https:\/\/www.fabioferro.eu\/de\/wp-json\/wp\/v2\/comments?post=110095"}],"version-history":[{"count":0,"href":"https:\/\/www.fabioferro.eu\/de\/wp-json\/wp\/v2\/product\/110095\/revisions"}],"wp:featuredmedia":[{"embeddable":true,"href":"https:\/\/www.fabioferro.eu\/de\/wp-json\/wp\/v2\/media\/110123"}],"wp:attachment":[{"href":"https:\/\/www.fabioferro.eu\/de\/wp-json\/wp\/v2\/media?parent=110095"}],"wp:term":[{"taxonomy":"product_brand","embeddable":true,"href":"https:\/\/www.fabioferro.eu\/de\/wp-json\/wp\/v2\/product_brand?post=110095"},{"taxonomy":"product_cat","embeddable":true,"href":"https:\/\/www.fabioferro.eu\/de\/wp-json\/wp\/v2\/product_cat?post=110095"},{"taxonomy":"product_tag","embeddable":true,"href":"https:\/\/www.fabioferro.eu\/de\/wp-json\/wp\/v2\/product_tag?post=110095"}],"curies":[{"name":"wp","href":"https:\/\/api.w.org\/{rel}","templated":true}]}}