{"id":110131,"date":"2023-02-21T10:18:25","date_gmt":"2023-02-21T09:18:25","guid":{"rendered":"https:\/\/www.fabioferro.eu\/longines-uhr-dolcevita-stahl-silber-2330-x-3700-mm.html"},"modified":"2024-12-16T13:39:53","modified_gmt":"2024-12-16T12:39:53","slug":"longines-uhr-dolcevita-stahl-silber-2330-x-3700-mm","status":"publish","type":"product","link":"https:\/\/www.fabioferro.eu\/de\/longines-uhr-dolcevita-stahl-silber-2330-x-3700-mm.html","title":{"rendered":"Longines Uhr Dolcevita Stahl Silber 23,30 X 37,00 mm"},"content":{"rendered":"<p>Longines Quarzuhr mit dem Kaliber L176 und den Funktionen Stunde, Minute und kleine Sekunde bei 6 Uhr. Spezielle E.O.L.-Funktion Nicht antimagnetisch.<\/p>\n<p>Rechteckiges Geh\u00e4use aus Edelstahl mit kratzfestem Saphirglas. Abmessungen 23,30 x 37,00 mm, mit einem Abstand zwischen den Anst\u00f6\u00dfen von 17 mm und einer Dicke von 7,20 mm, Gewicht 86,5 g. Wasserdicht bis zu 3 bar\/30m. Besetzt mit 46 Diamanten des Typs Top Wesselton IF-VVS von insgesamt 0,552 Karat.<\/p>\n<p>Wei\u00dfes Perlmuttzifferblatt mit Stundenkreis und Diamantindexen. Gebl\u00e4ute Stahlzeiger.<\/p>\n<p>Edelstahlarmband mit dreifacher Sicherheitsfaltschlie\u00dfe und \u00d6ffnungsmechanismus mit Druckknopf.<\/p>\n<p>Uhr komplett mit Box und offizieller 2-Jahres-Garantie von Longines.<\/p>\n","protected":false},"excerpt":{"rendered":"<p>Dolcevita war schon immer ein Synonym f\u00fcr Eleganz, Stil und Technologie. In dieser neuen Kollektion wollte Longines sein gesamtes Know-how in der Herstellung einzigartiger Zeitmesser mit viel Liebe zum Detail zusammenfassen.<\/p>\n","protected":false},"featured_media":110156,"comment_status":"open","ping_status":"closed","template":"","meta":[],"product_brand":[5391],"product_cat":[5966],"product_tag":[],"class_list":{"0":"post-110131","1":"product","2":"type-product","3":"status-publish","4":"has-post-thumbnail","6":"product_brand-longines","7":"product_cat-longines-damenuhren","8":"pa_collezione-longines-dolcevita-de","10":"first","11":"instock","12":"taxable","13":"shipping-taxable","14":"purchasable","15":"product-type-simple"},"exclude_global_add_ons":false,"addons":[{"name":"Gurtl\u00e4nge","type":"multiple_choice","position":0,"required":false,"title_format":"label","default":"","description_enable":false,"description":null,"placeholder_enable":false,"placeholder":"","display":"select","restrictions_type":"any_text","adjust_price":false,"price":"","price_type":"flat_fee","restrictions":false,"min":"0","max":"0","options":[{"label":"Keine Anpassung","price":"","price_type":"flat_fee","image":0,"visibility":true},{"label":"15,0 cm","price":"","price_type":"flat_fee","image":0,"visibility":true},{"label":"15,5 cm","price":"","price_type":"flat_fee","image":0,"visibility":true},{"label":"16,0 cm","price":"","price_type":"flat_fee","image":0,"visibility":true},{"label":"16,5 cm","price":"","price_type":"flat_fee","image":0,"visibility":true},{"label":"17,0 cm","price":"","price_type":"flat_fee","image":0,"visibility":true},{"label":"17,5 cm","price":"","price_type":"flat_fee","image":0,"visibility":true},{"label":"18,0 cm","price":"","price_type":"flat_fee","image":0,"visibility":true},{"label":"18,5 cm","price":"","price_type":"flat_fee","image":0,"visibility":true},{"label":"19,0 cm","price":"","price_type":"flat_fee","image":0,"visibility":true},{"label":"19,5 cm","price":"","price_type":"flat_fee","image":0,"visibility":true},{"label":"20.0 cm","price":"","price_type":"flat_fee","image":0,"visibility":true},{"label":"20,5 cm","price":"","price_type":"flat_fee","image":0,"visibility":true},{"label":"21.0 cm","price":"","price_type":"flat_fee","image":0,"visibility":true},{"label":"21,5 cm","price":"","price_type":"flat_fee","image":0,"visibility":true},{"label":"22.0 cm","price":"","price_type":"flat_fee","image":0,"visibility":true}],"id":1689153416},{"name":"Choose the size for her","type":"multiple_choice","position":0,"required":false,"title_format":"label","default":"","description_enable":false,"description":"","placeholder_enable":false,"placeholder":"","display":"select","restrictions_type":"any_text","adjust_price":false,"price":"","price_type":"flat_fee","restrictions":false,"min":"0","max":"0","options":[{"label":"8","price":"","price_type":"flat_fee","image":0,"visibility":true},{"label":"9","price":"","price_type":"flat_fee","image":0,"visibility":true},{"label":"10","price":"","price_type":"flat_fee","image":0,"visibility":true},{"label":"11","price":"","price_type":"flat_fee","image":0,"visibility":true},{"label":"12","price":"","price_type":"flat_fee","image":0,"visibility":true},{"label":"13","price":"","price_type":"flat_fee","image":0,"visibility":true},{"label":"14","price":"","price_type":"flat_fee","image":0,"visibility":true},{"label":"15","price":"","price_type":"flat_fee","image":0,"visibility":true},{"label":"16","price":"","price_type":"flat_fee","image":0,"visibility":true},{"label":"17","price":"","price_type":"flat_fee","image":0,"visibility":true},{"label":"18","price":"","price_type":"flat_fee","image":0,"visibility":true},{"label":"19","price":"","price_type":"flat_fee","image":0,"visibility":true},{"label":"20","price":"","price_type":"flat_fee","image":0,"visibility":true},{"label":"21","price":"","price_type":"flat_fee","image":0,"visibility":true},{"label":"22","price":"","price_type":"flat_fee","image":0,"visibility":true},{"label":"23","price":"","price_type":"flat_fee","image":0,"visibility":true},{"label":"24","price":"","price_type":"flat_fee","image":0,"visibility":true},{"label":"25","price":"","price_type":"flat_fee","image":0,"visibility":true},{"label":"26","price":"","price_type":"flat_fee","image":0,"visibility":true},{"label":"27","price":"","price_type":"flat_fee","image":0,"visibility":true},{"label":"28","price":"","price_type":"flat_fee","image":0,"visibility":true}],"id":1706806906},{"name":"Choose the size for him","type":"multiple_choice","position":0,"required":false,"title_format":"label","default":"","description_enable":false,"description":"","placeholder_enable":false,"placeholder":"","display":"select","restrictions_type":"any_text","adjust_price":false,"price":"","price_type":"flat_fee","restrictions":false,"min":"0","max":"0","options":[{"label":"8","price":"","price_type":"flat_fee","image":0,"visibility":true},{"label":"9","price":"","price_type":"flat_fee","image":0,"visibility":true},{"label":"10","price":"","price_type":"flat_fee","image":0,"visibility":true},{"label":"11","price":"","price_type":"flat_fee","image":0,"visibility":true},{"label":"12","price":"","price_type":"flat_fee","image":0,"visibility":true},{"label":"13","price":"","price_type":"flat_fee","image":0,"visibility":true},{"label":"14","price":"","price_type":"flat_fee","image":0,"visibility":true},{"label":"15","price":"","price_type":"flat_fee","image":0,"visibility":true},{"label":"16","price":"","price_type":"flat_fee","image":0,"visibility":true},{"label":"17","price":"","price_type":"flat_fee","image":0,"visibility":true},{"label":"18","price":"","price_type":"flat_fee","image":0,"visibility":true},{"label":"19","price":"","price_type":"flat_fee","image":0,"visibility":true},{"label":"20","price":"","price_type":"flat_fee","image":0,"visibility":true},{"label":"21","price":"","price_type":"flat_fee","image":0,"visibility":true},{"label":"22","price":"","price_type":"flat_fee","image":0,"visibility":true},{"label":"23","price":"","price_type":"flat_fee","image":0,"visibility":true},{"label":"24","price":"","price_type":"flat_fee","image":0,"visibility":true},{"label":"25","price":"","price_type":"flat_fee","image":0,"visibility":true},{"label":"26","price":"","price_type":"flat_fee","image":0,"visibility":true},{"label":"27","price":"","price_type":"flat_fee","image":0,"visibility":true},{"label":"28","price":"","price_type":"flat_fee","image":0,"visibility":true}],"id":1706806872},{"name":"Engraving","type":"custom_text","position":0,"required":false,"title_format":"label","default":"","description_enable":false,"description":"","placeholder_enable":false,"placeholder":"","display":"select","restrictions_type":"any_text","adjust_price":false,"price":"","price_type":"flat_fee","restrictions":false,"min":"0","max":"0","options":[],"id":1706718952}],"df_price":4800,"df_sale_price":"","df_regular_price":4800,"df_image_link":"https:\/\/cdn02.fabioferro.eu\/wp-content\/uploads\/orologio-longines-dolcevita-in-acciaio-con-diamanti-L5.512.0.71.6-2.jpg","_links":{"self":[{"href":"https:\/\/www.fabioferro.eu\/de\/wp-json\/wp\/v2\/product\/110131","targetHints":{"allow":["GET"]}}],"collection":[{"href":"https:\/\/www.fabioferro.eu\/de\/wp-json\/wp\/v2\/product"}],"about":[{"href":"https:\/\/www.fabioferro.eu\/de\/wp-json\/wp\/v2\/types\/product"}],"replies":[{"embeddable":true,"href":"https:\/\/www.fabioferro.eu\/de\/wp-json\/wp\/v2\/comments?post=110131"}],"version-history":[{"count":0,"href":"https:\/\/www.fabioferro.eu\/de\/wp-json\/wp\/v2\/product\/110131\/revisions"}],"wp:featuredmedia":[{"embeddable":true,"href":"https:\/\/www.fabioferro.eu\/de\/wp-json\/wp\/v2\/media\/110156"}],"wp:attachment":[{"href":"https:\/\/www.fabioferro.eu\/de\/wp-json\/wp\/v2\/media?parent=110131"}],"wp:term":[{"taxonomy":"product_brand","embeddable":true,"href":"https:\/\/www.fabioferro.eu\/de\/wp-json\/wp\/v2\/product_brand?post=110131"},{"taxonomy":"product_cat","embeddable":true,"href":"https:\/\/www.fabioferro.eu\/de\/wp-json\/wp\/v2\/product_cat?post=110131"},{"taxonomy":"product_tag","embeddable":true,"href":"https:\/\/www.fabioferro.eu\/de\/wp-json\/wp\/v2\/product_tag?post=110131"}],"curies":[{"name":"wp","href":"https:\/\/api.w.org\/{rel}","templated":true}]}}