{"id":110133,"date":"2023-02-17T16:05:17","date_gmt":"2023-02-17T15:05:17","guid":{"rendered":"https:\/\/www.fabioferro.eu\/longines-record-automatikuhr-aus-schwarzem-leder-40-mm.html"},"modified":"2024-12-16T13:45:20","modified_gmt":"2024-12-16T12:45:20","slug":"longines-record-automatikuhr-aus-schwarzem-leder-40-mm","status":"publish","type":"product","link":"https:\/\/www.fabioferro.eu\/de\/longines-record-automatikuhr-aus-schwarzem-leder-40-mm.html","title":{"rendered":"Longines Record Automatikuhr aus schwarzem Leder 40 mm"},"content":{"rendered":"<p>Longines-Automatikuhr mit dem Kaliber L895, einem mechanischen Uhrwerk mit Automatikaufzug und einer Frequenz von 28.800 Halbschwingungen pro Stunde sowie einer Gangreserve von ca. 59 Stunden. Komplett mit Stunden-, Minuten- und kleiner Sekundenfunktion bei 3 Uhr. Der COSC-zertifizierte Chronometer ist ebenfalls vorhanden. Der Chronograph ist mit einem zentralen 60-Sekunden-Zeigerwerk und einem 30-Minuten-Z\u00e4hler bei 9 Uhr ausgestattet. Au\u00dferdem ist sie mit dem exklusiven Longines-Manufakturkaliber ausgestattet. Nicht-magnetisch.<\/p>\n<p>Rundes Geh\u00e4use, 40 mm Durchmesser, aus Edelstahl, mit kratzfestem Saphirglas und beidseitiger Mehrschicht-Antireflexionsbeschichtung. Ebenfalls komplett ist der transparente Saphirglasboden. Der Abstand zwischen den Bandanst\u00f6\u00dfen betr\u00e4gt 20 mm, die Dicke 13,80 mm und die Wasserdichtigkeit bis zu 3 bar\/30 m. Ebenfalls vorhanden ist die L\u00fcnette mit Tachymeterskala. Gesamtgewicht 90,8 g.<\/p>\n<p>Mattschwarzes Zifferblatt mit arabischen Ziffern, aufgesetzten Indexen und vergoldeten Zeigern.<\/p>\n<p>Braunes Kalbslederarmband mit Dreifach-Sicherheitsfaltschlie\u00dfe und \u00d6ffnungsmechanismus mit Dr\u00fccker.<\/p>\n<p>Uhr komplett mit Box und offizieller 5-Jahres-Garantie von Longines.<\/p>\n","protected":false},"excerpt":{"rendered":"<p>Die Uhren der Record-Serie sind L\u00f6sungen aus der Zukunft: Sie vereinen perfektes Liniendesign mit einer unglaublichen Ganggenauigkeit und zahlreichen integrierten Funktionen.<\/p>\n","protected":false},"featured_media":110164,"comment_status":"open","ping_status":"closed","template":"","meta":[],"product_brand":[5391],"product_cat":[5953],"product_tag":[],"class_list":{"0":"post-110133","1":"product","2":"type-product","3":"status-publish","4":"has-post-thumbnail","6":"product_brand-longines","7":"product_cat-longines-herrenuhren","8":"pa_collezione-longines-rekord","10":"first","11":"instock","12":"taxable","13":"shipping-taxable","14":"purchasable","15":"product-type-simple"},"exclude_global_add_ons":[],"addons":[],"df_price":3600,"df_sale_price":"","df_regular_price":3600,"df_image_link":"https:\/\/cdn02.fabioferro.eu\/wp-content\/uploads\/orologio-longines-record-collection-automatico-L2.921.4.56.2.jpg","_links":{"self":[{"href":"https:\/\/www.fabioferro.eu\/de\/wp-json\/wp\/v2\/product\/110133","targetHints":{"allow":["GET"]}}],"collection":[{"href":"https:\/\/www.fabioferro.eu\/de\/wp-json\/wp\/v2\/product"}],"about":[{"href":"https:\/\/www.fabioferro.eu\/de\/wp-json\/wp\/v2\/types\/product"}],"replies":[{"embeddable":true,"href":"https:\/\/www.fabioferro.eu\/de\/wp-json\/wp\/v2\/comments?post=110133"}],"version-history":[{"count":0,"href":"https:\/\/www.fabioferro.eu\/de\/wp-json\/wp\/v2\/product\/110133\/revisions"}],"wp:featuredmedia":[{"embeddable":true,"href":"https:\/\/www.fabioferro.eu\/de\/wp-json\/wp\/v2\/media\/110164"}],"wp:attachment":[{"href":"https:\/\/www.fabioferro.eu\/de\/wp-json\/wp\/v2\/media?parent=110133"}],"wp:term":[{"taxonomy":"product_brand","embeddable":true,"href":"https:\/\/www.fabioferro.eu\/de\/wp-json\/wp\/v2\/product_brand?post=110133"},{"taxonomy":"product_cat","embeddable":true,"href":"https:\/\/www.fabioferro.eu\/de\/wp-json\/wp\/v2\/product_cat?post=110133"},{"taxonomy":"product_tag","embeddable":true,"href":"https:\/\/www.fabioferro.eu\/de\/wp-json\/wp\/v2\/product_tag?post=110133"}],"curies":[{"name":"wp","href":"https:\/\/api.w.org\/{rel}","templated":true}]}}