{"id":110198,"date":"2023-02-13T11:23:28","date_gmt":"2023-02-13T10:23:28","guid":{"rendered":"https:\/\/www.fabioferro.eu\/longines-master-collection-automatic-schwarzes-leder-40-mm-uhr.html"},"modified":"2024-09-18T17:21:49","modified_gmt":"2024-09-18T15:21:49","slug":"longines-master-collection-automatic-schwarzes-leder-40-mm-uhr","status":"publish","type":"product","link":"https:\/\/www.fabioferro.eu\/de\/longines-master-collection-automatic-schwarzes-leder-40-mm-uhr.html","title":{"rendered":"Longines Master Collection Automatic Schwarzes Leder 40 mm Uhr"},"content":{"rendered":"<p>Longines Automatikuhr mit Kaliber L899 und mechanischem Automatikwerk mit einer Frequenz von 25.200 Halbschwingungen pro Stunde und einer Gangreserve von ca. 72 Stunden. Sie verf\u00fcgt \u00fcber eine Stunden-, Minuten- und Sekundenanzeige sowie eine Mondphasenanzeige mit Datumsangabe \u00fcber einen kleinen Zeiger bei 6 Uhr. Au\u00dferdem ist sie mit dem exklusiven Longines-Manufakturkaliber ausgestattet. Nicht-magnetisch. Das runde Geh\u00e4use mit einem Durchmesser von 40 mm ist aus Edelstahl gefertigt. Das Glas ist ein kratzfestes Saphirglas mit einem transparenten Saphirglasboden. Der Abstand zwischen den Anst\u00f6\u00dfen betr\u00e4gt 21 mm und die Dicke 11,10 mm. Wasserdicht bis 3 bar\/30 m. Das Gesamtgewicht betr\u00e4gt 85 g. Das Zifferblatt ist in schwarzem Grain d&#8217;Orge gehalten, w\u00e4hrend der Stundenkreis mit gemalten r\u00f6mischen Ziffern versehen ist. Die Zeiger sind versilbert und satiniert. Das Armband ist im oberen Bereich aus Krokodilleder und im unteren Bereich aus Kalbsleder gefertigt. In beiden F\u00e4llen ist die Farbe schwarz. Au\u00dferdem gibt es eine Schlie\u00dfe mit dreifachem Sicherheitsfaltverschluss und Druckentlastungsmechanismus. Uhr komplett mit Box und offizieller 5-Jahres-Garantie von Longines.<\/p>\n","protected":false},"excerpt":{"rendered":"<p>Die neue Master Collection steht f\u00fcr eine Philosophie, die die Marke schon immer ausgezeichnet hat. Die verschiedenen Modelle der Kollektion sind alle mit einem automatischen Aufzug ausgestattet und zeichnen sich durch besondere technische und stilistische Merkmale aus. Das Ergebnis ist eine Uhr, die die Zukunft voraussagen kann.<\/p>\n","protected":false},"featured_media":110225,"comment_status":"open","ping_status":"closed","template":"","meta":[],"product_brand":[],"product_cat":[5953],"product_tag":[],"class_list":{"0":"post-110198","1":"product","2":"type-product","3":"status-publish","4":"has-post-thumbnail","6":"product_cat-longines-herrenuhren","7":"pa_collezione-longines-master-kollektion","9":"first","10":"instock","11":"taxable","12":"shipping-taxable","13":"purchasable","14":"product-type-simple"},"exclude_global_add_ons":[],"addons":[],"df_price":2900,"df_sale_price":"","df_regular_price":2900,"df_image_link":"https:\/\/cdn02.fabioferro.eu\/wp-content\/uploads\/orologio-longines-master-collection-nero-automatico-L2.909.4.51.7-4.jpg","_links":{"self":[{"href":"https:\/\/www.fabioferro.eu\/de\/wp-json\/wp\/v2\/product\/110198","targetHints":{"allow":["GET"]}}],"collection":[{"href":"https:\/\/www.fabioferro.eu\/de\/wp-json\/wp\/v2\/product"}],"about":[{"href":"https:\/\/www.fabioferro.eu\/de\/wp-json\/wp\/v2\/types\/product"}],"replies":[{"embeddable":true,"href":"https:\/\/www.fabioferro.eu\/de\/wp-json\/wp\/v2\/comments?post=110198"}],"version-history":[{"count":0,"href":"https:\/\/www.fabioferro.eu\/de\/wp-json\/wp\/v2\/product\/110198\/revisions"}],"wp:featuredmedia":[{"embeddable":true,"href":"https:\/\/www.fabioferro.eu\/de\/wp-json\/wp\/v2\/media\/110225"}],"wp:attachment":[{"href":"https:\/\/www.fabioferro.eu\/de\/wp-json\/wp\/v2\/media?parent=110198"}],"wp:term":[{"taxonomy":"product_brand","embeddable":true,"href":"https:\/\/www.fabioferro.eu\/de\/wp-json\/wp\/v2\/product_brand?post=110198"},{"taxonomy":"product_cat","embeddable":true,"href":"https:\/\/www.fabioferro.eu\/de\/wp-json\/wp\/v2\/product_cat?post=110198"},{"taxonomy":"product_tag","embeddable":true,"href":"https:\/\/www.fabioferro.eu\/de\/wp-json\/wp\/v2\/product_tag?post=110198"}],"curies":[{"name":"wp","href":"https:\/\/api.w.org\/{rel}","templated":true}]}}