{"id":110224,"date":"2023-02-13T11:23:59","date_gmt":"2023-02-13T10:23:59","guid":{"rendered":"https:\/\/www.fabioferro.eu\/longines-master-collection-automatikuhr-silber-leder-braun-40-mm.html"},"modified":"2024-12-16T13:45:19","modified_gmt":"2024-12-16T12:45:19","slug":"longines-master-collection-automatikuhr-silber-leder-braun-40-mm","status":"publish","type":"product","link":"https:\/\/www.fabioferro.eu\/de\/longines-master-collection-automatikuhr-silber-leder-braun-40-mm.html","title":{"rendered":"Longines Master Collection Automatikuhr Silber Leder Braun 40 mm"},"content":{"rendered":"<p>Longines Automatikuhr mit Kaliber L889 und den Funktionen Stunde, Minute, kleine Sekunde bei 3 Uhr und Datum. Komplett mit mechanischem Automatikwerk mit einer Frequenz von 28.800 Halbschwingungen pro Stunde und einer Gangreserve von ca. 59 Stunden. Es gibt einen Chronographen mit einem zentralen 60-Sekunden-Zeiger und einem 30-Minuten-Z\u00e4hler bei 9 Uhr. Ausgestattet mit dem exklusiven Longines Manufakturkaliber. Nicht antimagnetisch.<\/p>\n<p>Das runde Geh\u00e4use mit einem Durchmesser von 40 mm ist aus Edelstahl gefertigt und hat einen kratzfesten Saphirglasboden. Der Abstand zwischen den Anst\u00f6\u00dfen betr\u00e4gt 21 mm und die Dicke 11,70 mm. Wasserdicht bis 3 bar\/30 m. Das Gesamtgewicht betr\u00e4gt 83,7 g.<\/p>\n<p>Das Zifferblatt ist aus silberfarbenem Grain d&#8217;Orge und der Stundenkreis aus gemalten arabischen Ziffern gefertigt. Die Zeiger sind aus gebl\u00e4utem Stahl.<\/p>\n<p>Der obere Teil des Riemens ist aus braunem Krokodilleder, der untere Teil aus braunem Kalbsleder gefertigt. Au\u00dferdem gibt es eine Schlie\u00dfe mit dreifachem Sicherheitsfaltverschluss und Druckentlastungsmechanismus.<\/p>\n<p>Die Uhr wird von einer Schachtel und der offiziellen 5-Jahres-Garantie von Longines begleitet.<\/p>\n","protected":false},"excerpt":{"rendered":"<p>Pr\u00e4zision, Stil, Eleganz und Raffinesse: Das ist das Paradigma, das die Eigenschaften dieses Zeitmessers am besten zusammenfasst.<\/p>\n","protected":false},"featured_media":110279,"comment_status":"open","ping_status":"closed","template":"","meta":[],"product_brand":[5391],"product_cat":[5953],"product_tag":[],"class_list":{"0":"post-110224","1":"product","2":"type-product","3":"status-publish","4":"has-post-thumbnail","6":"product_brand-longines","7":"product_cat-longines-herrenuhren","8":"pa_collezione-longines-master-kollektion","10":"first","11":"instock","12":"taxable","13":"shipping-taxable","14":"purchasable","15":"product-type-simple"},"exclude_global_add_ons":[],"addons":[],"df_price":3400,"df_sale_price":"","df_regular_price":3400,"df_image_link":"https:\/\/cdn02.fabioferro.eu\/wp-content\/uploads\/orologio-longines-master-collection-automatico-bianco-cinturino-pelle-L2.629.4.78.3-5.jpg","_links":{"self":[{"href":"https:\/\/www.fabioferro.eu\/de\/wp-json\/wp\/v2\/product\/110224","targetHints":{"allow":["GET"]}}],"collection":[{"href":"https:\/\/www.fabioferro.eu\/de\/wp-json\/wp\/v2\/product"}],"about":[{"href":"https:\/\/www.fabioferro.eu\/de\/wp-json\/wp\/v2\/types\/product"}],"replies":[{"embeddable":true,"href":"https:\/\/www.fabioferro.eu\/de\/wp-json\/wp\/v2\/comments?post=110224"}],"version-history":[{"count":0,"href":"https:\/\/www.fabioferro.eu\/de\/wp-json\/wp\/v2\/product\/110224\/revisions"}],"wp:featuredmedia":[{"embeddable":true,"href":"https:\/\/www.fabioferro.eu\/de\/wp-json\/wp\/v2\/media\/110279"}],"wp:attachment":[{"href":"https:\/\/www.fabioferro.eu\/de\/wp-json\/wp\/v2\/media?parent=110224"}],"wp:term":[{"taxonomy":"product_brand","embeddable":true,"href":"https:\/\/www.fabioferro.eu\/de\/wp-json\/wp\/v2\/product_brand?post=110224"},{"taxonomy":"product_cat","embeddable":true,"href":"https:\/\/www.fabioferro.eu\/de\/wp-json\/wp\/v2\/product_cat?post=110224"},{"taxonomy":"product_tag","embeddable":true,"href":"https:\/\/www.fabioferro.eu\/de\/wp-json\/wp\/v2\/product_tag?post=110224"}],"curies":[{"name":"wp","href":"https:\/\/api.w.org\/{rel}","templated":true}]}}