{"id":110295,"date":"2023-02-13T11:23:50","date_gmt":"2023-02-13T10:23:50","guid":{"rendered":"https:\/\/www.fabioferro.eu\/longines-master-collection-automatik-silber-leder-uhr-blau-40-mm.html"},"modified":"2024-12-16T13:48:23","modified_gmt":"2024-12-16T12:48:23","slug":"longines-master-collection-automatik-silber-leder-uhr-blau-40-mm","status":"publish","type":"product","link":"https:\/\/www.fabioferro.eu\/de\/longines-master-collection-automatik-silber-leder-uhr-blau-40-mm.html","title":{"rendered":"Longines Master Collection Automatik Silber Leder Uhr Blau 40 mm"},"content":{"rendered":"<p>Longines Automatikuhr mit Kaliber L888 und mechanischem Uhrwerk mit automatischem Aufzug und einer Frequenz von 25200 Halbschwingungen pro Stunde sowie einer Gangreserve von ca. 72 Stunden. Komplett mit Stunden-, Minuten- und Sekundenanzeige und original Longines Manufakturkaliber. Nicht antimagnetisch.<\/p>\n<p>Das runde Geh\u00e4use mit einem Durchmesser von 40 mm besteht aus Edelstahl und kratzfestem Saphirglas mit beidseitiger Antireflexbeschichtung. Der Boden ist ein transparenter, verschraubter Boden aus Saphirglas. Der Abstand zwischen den Anst\u00f6\u00dfen betr\u00e4gt 21 mm, w\u00e4hrend die Dicke 9,35 mm betr\u00e4gt. Wasserdicht bis 3 bar\/30 m. Gesamtgewicht 69,4 g.<\/p>\n<p>Das Zifferblatt ist silberfarben mit einem Stundenkreis mit applizierten r\u00f6mischen Ziffern und gebl\u00e4uten Stahlzeigern.<\/p>\n<p>Der obere Teil des Armbands ist aus blauem Krokodilleder, der untere Teil aus Kalbsleder, ebenfalls in Blau gehalten. Die Schlie\u00dfe ist mit einer dreifachen Sicherheitsfaltschlie\u00dfe und einem \u00d6ffnungsmechanismus mit Druckknopf ausgestattet.<\/p>\n<p>Uhr komplett mit Box und offizieller 5-Jahres-Garantie von Longines.<\/p>\n","protected":false},"excerpt":{"rendered":"<p>Mit der Master Collection will Longines die klassische Uhrmacherkunst neu erfinden. Dabei setzt sie auf weiche Linien und aussergew\u00f6hnlich gut verarbeitete Materialien, ohne jemals auf die sprichw\u00f6rtliche Schweizer Qualit\u00e4t und Pr\u00e4zision zu verzichten.<\/p>\n","protected":false},"featured_media":110318,"comment_status":"open","ping_status":"closed","template":"","meta":[],"product_brand":[5391],"product_cat":[5953],"product_tag":[],"class_list":{"0":"post-110295","1":"product","2":"type-product","3":"status-publish","4":"has-post-thumbnail","6":"product_brand-longines","7":"product_cat-longines-herrenuhren","8":"pa_collezione-longines-master-kollektion","10":"first","11":"instock","12":"taxable","13":"shipping-taxable","14":"purchasable","15":"product-type-simple"},"exclude_global_add_ons":[],"addons":[],"df_price":2450,"df_sale_price":"","df_regular_price":2450,"df_image_link":"https:\/\/cdn02.fabioferro.eu\/wp-content\/uploads\/orologio-longines-master-collection-bianco-blu-L2.793.4.79.2-5-1.jpg","_links":{"self":[{"href":"https:\/\/www.fabioferro.eu\/de\/wp-json\/wp\/v2\/product\/110295","targetHints":{"allow":["GET"]}}],"collection":[{"href":"https:\/\/www.fabioferro.eu\/de\/wp-json\/wp\/v2\/product"}],"about":[{"href":"https:\/\/www.fabioferro.eu\/de\/wp-json\/wp\/v2\/types\/product"}],"replies":[{"embeddable":true,"href":"https:\/\/www.fabioferro.eu\/de\/wp-json\/wp\/v2\/comments?post=110295"}],"version-history":[{"count":0,"href":"https:\/\/www.fabioferro.eu\/de\/wp-json\/wp\/v2\/product\/110295\/revisions"}],"wp:featuredmedia":[{"embeddable":true,"href":"https:\/\/www.fabioferro.eu\/de\/wp-json\/wp\/v2\/media\/110318"}],"wp:attachment":[{"href":"https:\/\/www.fabioferro.eu\/de\/wp-json\/wp\/v2\/media?parent=110295"}],"wp:term":[{"taxonomy":"product_brand","embeddable":true,"href":"https:\/\/www.fabioferro.eu\/de\/wp-json\/wp\/v2\/product_brand?post=110295"},{"taxonomy":"product_cat","embeddable":true,"href":"https:\/\/www.fabioferro.eu\/de\/wp-json\/wp\/v2\/product_cat?post=110295"},{"taxonomy":"product_tag","embeddable":true,"href":"https:\/\/www.fabioferro.eu\/de\/wp-json\/wp\/v2\/product_tag?post=110295"}],"curies":[{"name":"wp","href":"https:\/\/api.w.org\/{rel}","templated":true}]}}