{"id":110297,"date":"2023-02-13T11:24:06","date_gmt":"2023-02-13T10:24:06","guid":{"rendered":"https:\/\/www.fabioferro.eu\/longines-master-collection-automatikuhr-blaues-leder-42-mm.html"},"modified":"2025-06-06T15:59:29","modified_gmt":"2025-06-06T13:59:29","slug":"longines-master-collection-automatikuhr-blaues-leder-42-mm","status":"publish","type":"product","link":"https:\/\/www.fabioferro.eu\/de\/longines-master-collection-automatikuhr-blaues-leder-42-mm.html","title":{"rendered":"Longines Master Collection Automatikuhr Blaues Leder 42 mm"},"content":{"rendered":"<p>Longines Automatikuhr mit Kaliber L899 und Stunden-, Minuten- und Mondphasenanzeige sowie Datumszeiger bei 6 Uhr. Komplett mit mechanischem Uhrwerk mit Automatikaufzug und einer Frequenz von 25.200 Halbschwingungen pro Stunde sowie einer Gangreserve von etwa 72 Stunden. Ausgestattet mit dem exklusiven Longines Manufakturkaliber. Nicht antimagnetisch.<\/p>\n<p>Das runde Geh\u00e4use mit einem Durchmesser von 42 mm ist aus Edelstahl gefertigt und hat einen kratzfesten Saphirglasboden. Der Abstand zwischen den Anst\u00f6\u00dfen betr\u00e4gt 21 mm und die Dicke 11,20 mm. Wasserdicht bis 3 bar\/30 m. Das Gesamtgewicht betr\u00e4gt 92,1 g.<\/p>\n<p>Das Zifferblatt ist in einem blauen Sonnenstrahl gehalten und mit applizierten Stundenmarkierungen versehen. Zeiger mit gebl\u00e4uter Silberlackierung.<\/p>\n<p>Der obere Teil des Armbands ist aus blauem Krokodilleder und der untere Teil aus blauem Kalbsleder gefertigt. Geschenkschlie\u00dfe mit dreifacher Sicherheitsfaltschlie\u00dfe und Druckentlastungsmechanismus.<\/p>\n<p>Uhr komplett mit Box und offizieller 5-Jahres-Garantie von Longines.<\/p>\n","protected":false},"excerpt":{"rendered":"<p>Die perfekte Dreiecksbeziehung zwischen Stil, Eleganz und Pr\u00e4zision. Folglich konnte man nur eine Uhr der Serie Master Collection haben, die die Vergangenheit und die Zukunft verk\u00f6rpert.<\/p>\n","protected":false},"featured_media":110325,"comment_status":"open","ping_status":"closed","template":"","meta":[],"product_brand":[5391],"product_cat":[5953],"product_tag":[],"class_list":{"0":"post-110297","1":"product","2":"type-product","3":"status-publish","4":"has-post-thumbnail","6":"product_brand-longines","7":"product_cat-longines-herrenuhren","8":"pa_collezione-longines-master-kollektion","10":"first","11":"instock","12":"taxable","13":"shipping-taxable","14":"purchasable","15":"product-type-simple"},"exclude_global_add_ons":[],"addons":[],"df_price":3000,"df_sale_price":"","df_regular_price":3000,"df_image_link":"https:\/\/cdn02.fabioferro.eu\/wp-content\/uploads\/orologio-longines-master-collection-blu-pelle-blu-L2.919.4.92.0-8.jpg","_links":{"self":[{"href":"https:\/\/www.fabioferro.eu\/de\/wp-json\/wp\/v2\/product\/110297","targetHints":{"allow":["GET"]}}],"collection":[{"href":"https:\/\/www.fabioferro.eu\/de\/wp-json\/wp\/v2\/product"}],"about":[{"href":"https:\/\/www.fabioferro.eu\/de\/wp-json\/wp\/v2\/types\/product"}],"replies":[{"embeddable":true,"href":"https:\/\/www.fabioferro.eu\/de\/wp-json\/wp\/v2\/comments?post=110297"}],"version-history":[{"count":0,"href":"https:\/\/www.fabioferro.eu\/de\/wp-json\/wp\/v2\/product\/110297\/revisions"}],"wp:featuredmedia":[{"embeddable":true,"href":"https:\/\/www.fabioferro.eu\/de\/wp-json\/wp\/v2\/media\/110325"}],"wp:attachment":[{"href":"https:\/\/www.fabioferro.eu\/de\/wp-json\/wp\/v2\/media?parent=110297"}],"wp:term":[{"taxonomy":"product_brand","embeddable":true,"href":"https:\/\/www.fabioferro.eu\/de\/wp-json\/wp\/v2\/product_brand?post=110297"},{"taxonomy":"product_cat","embeddable":true,"href":"https:\/\/www.fabioferro.eu\/de\/wp-json\/wp\/v2\/product_cat?post=110297"},{"taxonomy":"product_tag","embeddable":true,"href":"https:\/\/www.fabioferro.eu\/de\/wp-json\/wp\/v2\/product_tag?post=110297"}],"curies":[{"name":"wp","href":"https:\/\/api.w.org\/{rel}","templated":true}]}}