{"id":110389,"date":"2023-02-13T11:23:47","date_gmt":"2023-02-13T10:23:47","guid":{"rendered":"https:\/\/www.fabioferro.eu\/longines-master-collection-stahl-leder-uhr-braun-40-mm.html"},"modified":"2025-06-06T15:58:57","modified_gmt":"2025-06-06T13:58:57","slug":"longines-master-collection-stahl-leder-uhr-braun-40-mm","status":"publish","type":"product","link":"https:\/\/www.fabioferro.eu\/de\/longines-master-collection-stahl-leder-uhr-braun-40-mm.html","title":{"rendered":"Longines Master Collection Stahl-Leder-Uhr Braun 40 mm"},"content":{"rendered":"<p>Longines-Automatikuhr mit dem Kaliber L888 und den Funktionen Stunden, Minuten, Sekunden und Datum. Au\u00dferdem gibt es einen automatischen Aufzug mit einer Frequenz von 25.200 Halbschwingungen pro Stunde und einer Gangreserve von etwa 72 Stunden. Das exklusive Longines Manufakturkaliber ist vorhanden. Nicht antimagnetisch.<\/p>\n<p>Das runde Geh\u00e4use mit einem Durchmesser von 40 mm besteht aus Edelstahl mit kratzfestem Saphirglas und beidseitiger Mehrschicht-Antireflex-Behandlung. Die R\u00fcckseite ist aus transparentem Saphirglas. Der Abstand zwischen den Anst\u00f6\u00dfen betr\u00e4gt 21 mm, w\u00e4hrend die Dicke 9,35 mm betr\u00e4gt. Wasserdicht bis 3 bar\/30 m. Das Gesamtgewicht betr\u00e4gt 70,1 g.<\/p>\n<p>Das Zifferblatt ist schwarz mit einem Stundenkreis aus applizierten r\u00f6mischen Ziffern und polierten, versilberten Zeigern.<\/p>\n<p>Der obere Teil des Armbands ist aus braunem Krokodilleder und der untere Teil aus braunem Kalbsleder gefertigt. Die Schlie\u00dfe ist mit einem dreifachen Sicherheitsfaltverschluss und einem Druckentlastungsmechanismus ausgestattet.<\/p>\n<p>Uhr komplett mit Box und offizieller 5-Jahres-Garantie von Longines.<\/p>\n","protected":false},"excerpt":{"rendered":"<p>Die Master Collection ist zweifellos eines der Aush\u00e4ngeschilder von Longines. Ein schlichter, zeitgem\u00e4\u00dfer Stil, der an die Vergangenheit ankn\u00fcpft. Die perfekte Mischung aus klassischem Stil und Innovation.<\/p>\n","protected":false},"featured_media":110398,"comment_status":"open","ping_status":"closed","template":"","meta":[],"product_brand":[5391],"product_cat":[5953],"product_tag":[],"class_list":{"0":"post-110389","1":"product","2":"type-product","3":"status-publish","4":"has-post-thumbnail","6":"product_brand-longines","7":"product_cat-longines-herrenuhren","8":"pa_collezione-longines-master-kollektion","10":"first","11":"instock","12":"taxable","13":"shipping-taxable","14":"purchasable","15":"product-type-simple"},"exclude_global_add_ons":[],"addons":[],"df_price":2450,"df_sale_price":"","df_regular_price":2450,"df_image_link":"https:\/\/cdn02.fabioferro.eu\/wp-content\/uploads\/orologio-longines-master-collection-marrone-automatico-L2.793.4.59.2-3.jpg","_links":{"self":[{"href":"https:\/\/www.fabioferro.eu\/de\/wp-json\/wp\/v2\/product\/110389","targetHints":{"allow":["GET"]}}],"collection":[{"href":"https:\/\/www.fabioferro.eu\/de\/wp-json\/wp\/v2\/product"}],"about":[{"href":"https:\/\/www.fabioferro.eu\/de\/wp-json\/wp\/v2\/types\/product"}],"replies":[{"embeddable":true,"href":"https:\/\/www.fabioferro.eu\/de\/wp-json\/wp\/v2\/comments?post=110389"}],"version-history":[{"count":0,"href":"https:\/\/www.fabioferro.eu\/de\/wp-json\/wp\/v2\/product\/110389\/revisions"}],"wp:featuredmedia":[{"embeddable":true,"href":"https:\/\/www.fabioferro.eu\/de\/wp-json\/wp\/v2\/media\/110398"}],"wp:attachment":[{"href":"https:\/\/www.fabioferro.eu\/de\/wp-json\/wp\/v2\/media?parent=110389"}],"wp:term":[{"taxonomy":"product_brand","embeddable":true,"href":"https:\/\/www.fabioferro.eu\/de\/wp-json\/wp\/v2\/product_brand?post=110389"},{"taxonomy":"product_cat","embeddable":true,"href":"https:\/\/www.fabioferro.eu\/de\/wp-json\/wp\/v2\/product_cat?post=110389"},{"taxonomy":"product_tag","embeddable":true,"href":"https:\/\/www.fabioferro.eu\/de\/wp-json\/wp\/v2\/product_tag?post=110389"}],"curies":[{"name":"wp","href":"https:\/\/api.w.org\/{rel}","templated":true}]}}