{"id":110392,"date":"2023-02-13T11:23:31","date_gmt":"2023-02-13T10:23:31","guid":{"rendered":"https:\/\/www.fabioferro.eu\/longines-master-collection-automatikuhr-silber-leder-braun-40-mm-2.html"},"modified":"2024-12-16T13:46:23","modified_gmt":"2024-12-16T12:46:23","slug":"longines-master-collection-automatikuhr-silber-leder-braun-40-mm-2","status":"publish","type":"product","link":"https:\/\/www.fabioferro.eu\/de\/longines-master-collection-automatikuhr-silber-leder-braun-40-mm-2.html","title":{"rendered":"Longines Master Collection Automatikuhr Silber Leder Braun 40 mm"},"content":{"rendered":"<p>Longines Automatikuhr mit Kaliber L899 und mechanischem Automatikwerk mit einer Frequenz von 25.200 Halbschwingungen pro Stunde und einer Gangreserve von ca. 72 Stunden. Komplett mit Stunden-, Minuten- und Sekundenanzeige sowie Mondphasenanzeige. Die Datumsanzeige erfolgt \u00fcber einen kleinen Zeiger bei 6 Uhr. Au\u00dferdem ist sie mit einem exklusiven Longines-Manufakturkaliber ausgestattet. Nicht-magnetisch.<\/p>\n<p>Das runde Geh\u00e4use mit einem Durchmesser von 40 mm ist aus Edelstahl gefertigt und mit einem kratzfesten Saphirglas und einem transparenten Saphirglasboden ausgestattet. Der Abstand zwischen den Anst\u00f6\u00dfen betr\u00e4gt 21 mm und die Dicke 11,10 mm. Wasserdicht bis 3 bar\/30 m. Gesamtgewicht 85 g.<\/p>\n<p>Silberfarbenes K\u00f6rnerzifferblatt mit aufgemalten arabischen Ziffern und gebl\u00e4uten Stahlzeigern.<\/p>\n<p>Der obere Teil des Armbands ist aus schwarzem Krokodilleder, der untere Teil aus schwarzem Kalbsleder gefertigt. Komplett mit dreifachem Sicherheitsfaltverschluss mit Druckentlastungsmechanismus.<\/p>\n<p>Uhr komplett mit Box und offizieller 5-Jahres-Garantie von Longines.<\/p>\n","protected":false},"excerpt":{"rendered":"<p>Die von Longines angebotene Master Collection war schon immer ein gro\u00dfer Erfolg. Heute bringt Longines mit den neuen Modellen die Weisheit und Sorgfalt des Ausdrucks des klassischen Stils wieder zum Vorschein, wobei gleichzeitig der Qualit\u00e4t und dem technischen Fortschritt gro\u00dfe Aufmerksamkeit geschenkt wird.<\/p>\n","protected":false},"featured_media":110237,"comment_status":"open","ping_status":"closed","template":"","meta":[],"product_brand":[5391],"product_cat":[5953],"product_tag":[],"class_list":{"0":"post-110392","1":"product","2":"type-product","3":"status-publish","4":"has-post-thumbnail","6":"product_brand-longines","7":"product_cat-longines-herrenuhren","8":"pa_collezione-longines-master-kollektion","10":"first","11":"instock","12":"taxable","13":"shipping-taxable","14":"purchasable","15":"product-type-simple"},"exclude_global_add_ons":[],"addons":[],"df_price":2900,"df_sale_price":"","df_regular_price":2900,"df_image_link":"https:\/\/cdn02.fabioferro.eu\/wp-content\/uploads\/orologio-longines-master-collection-acciaio-pelle-L2.909.4.78.3-3.jpg","_links":{"self":[{"href":"https:\/\/www.fabioferro.eu\/de\/wp-json\/wp\/v2\/product\/110392","targetHints":{"allow":["GET"]}}],"collection":[{"href":"https:\/\/www.fabioferro.eu\/de\/wp-json\/wp\/v2\/product"}],"about":[{"href":"https:\/\/www.fabioferro.eu\/de\/wp-json\/wp\/v2\/types\/product"}],"replies":[{"embeddable":true,"href":"https:\/\/www.fabioferro.eu\/de\/wp-json\/wp\/v2\/comments?post=110392"}],"version-history":[{"count":0,"href":"https:\/\/www.fabioferro.eu\/de\/wp-json\/wp\/v2\/product\/110392\/revisions"}],"wp:featuredmedia":[{"embeddable":true,"href":"https:\/\/www.fabioferro.eu\/de\/wp-json\/wp\/v2\/media\/110237"}],"wp:attachment":[{"href":"https:\/\/www.fabioferro.eu\/de\/wp-json\/wp\/v2\/media?parent=110392"}],"wp:term":[{"taxonomy":"product_brand","embeddable":true,"href":"https:\/\/www.fabioferro.eu\/de\/wp-json\/wp\/v2\/product_brand?post=110392"},{"taxonomy":"product_cat","embeddable":true,"href":"https:\/\/www.fabioferro.eu\/de\/wp-json\/wp\/v2\/product_cat?post=110392"},{"taxonomy":"product_tag","embeddable":true,"href":"https:\/\/www.fabioferro.eu\/de\/wp-json\/wp\/v2\/product_tag?post=110392"}],"curies":[{"name":"wp","href":"https:\/\/api.w.org\/{rel}","templated":true}]}}