{"id":110469,"date":"2023-02-07T17:33:18","date_gmt":"2023-02-07T16:33:18","guid":{"rendered":"https:\/\/www.fabioferro.eu\/longines-hydroconquest-blau-41-mm-uhr.html"},"modified":"2024-12-16T13:47:21","modified_gmt":"2024-12-16T12:47:21","slug":"longines-hydroconquest-blau-41-mm-uhr","status":"publish","type":"product","link":"https:\/\/www.fabioferro.eu\/de\/longines-hydroconquest-blau-41-mm-uhr.html","title":{"rendered":"Longines Hydroconquest Blau 41 mm Uhr"},"content":{"rendered":"<p>Longines Automatikuhr mit Kaliber L888 mit mechanischem Automatikwerk mit einer Frequenz von 25.200 international Gangreserve von ca. 72 Stunden. Sie verf\u00fcgt \u00fcber die Funktionen Stunden, Minuten, Sekunden und Datum sowie \u00fcber das exklusive Longines-Manufakturkaliber.<\/p>\n<p>Das runde Geh\u00e4use ist aus Edelstahl mit einer einseitig drehbaren Keramikl\u00fcnette und einer verschraubten Krone. Au\u00dferdem verf\u00fcgt sie \u00fcber ein kratzfestes Saphirglas mit beidseitiger Antireflexionsbeschichtung und einen verschraubten Boden. Das Geh\u00e4use hat einen Durchmesser von 41 mm, einen Abstand zwischen den Bandanst\u00f6\u00dfen von 21 mm und eine Dicke von 11,90 mm. Die Wasserdichtigkeit ist bis 30 bar oder alternativ bis 300 m gew\u00e4hrleistet. Gesamtgewicht 128,7 g.<\/p>\n<p>Blaues Sonnenschliff-Zifferblatt mit polierten silberfarbenen Zeigern und Stundenkreis mit arabischen Ziffern und applizierten Stundenmarkierungen. Das propriet\u00e4re Schweizer Super-LumiNova-Fluoreszenzsystem ist ebenfalls vorhanden.<\/p>\n<p>Blaues Kautschukarmband mit Faltschlie\u00dfe Ein \u00d6ffnungsmechanismus mit doppeltem Sicherheitsdruckknopf.<\/p>\n<p>Nicht antimagnetisch.<\/p>\n<p>Uhr mit offizieller Longines-Box und 5 Jahren Garantie.<\/p>\n","protected":false},"excerpt":{"rendered":"<p>Gegenwart, Vergangenheit und Zukunft vereinen sich in einem raffinierten Zeitmesser, der Forschung und technische Sorgfalt beim Design und der Auswahl der Materialien mit dem einzigartigen Stil von Longines verbindet. Das Ergebnis ist eine einzigartige Uhr mit noch nie dagewesenem Stil.<\/p>\n","protected":false},"featured_media":110486,"comment_status":"open","ping_status":"closed","template":"","meta":[],"product_brand":[5391],"product_cat":[5953],"product_tag":[],"class_list":{"0":"post-110469","1":"product","2":"type-product","3":"status-publish","4":"has-post-thumbnail","6":"product_brand-longines","7":"product_cat-longines-herrenuhren","8":"pa_collezione-longines-hydroconquest-de","10":"first","11":"instock","12":"taxable","13":"shipping-taxable","14":"purchasable","15":"product-type-simple"},"exclude_global_add_ons":[],"addons":[],"df_price":2000,"df_sale_price":"","df_regular_price":2000,"df_image_link":"https:\/\/cdn02.fabioferro.eu\/wp-content\/uploads\/orologio-longines-hydroconquest-blu-caucciu-L3.781.4.96.9-5.jpg","_links":{"self":[{"href":"https:\/\/www.fabioferro.eu\/de\/wp-json\/wp\/v2\/product\/110469","targetHints":{"allow":["GET"]}}],"collection":[{"href":"https:\/\/www.fabioferro.eu\/de\/wp-json\/wp\/v2\/product"}],"about":[{"href":"https:\/\/www.fabioferro.eu\/de\/wp-json\/wp\/v2\/types\/product"}],"replies":[{"embeddable":true,"href":"https:\/\/www.fabioferro.eu\/de\/wp-json\/wp\/v2\/comments?post=110469"}],"version-history":[{"count":0,"href":"https:\/\/www.fabioferro.eu\/de\/wp-json\/wp\/v2\/product\/110469\/revisions"}],"wp:featuredmedia":[{"embeddable":true,"href":"https:\/\/www.fabioferro.eu\/de\/wp-json\/wp\/v2\/media\/110486"}],"wp:attachment":[{"href":"https:\/\/www.fabioferro.eu\/de\/wp-json\/wp\/v2\/media?parent=110469"}],"wp:term":[{"taxonomy":"product_brand","embeddable":true,"href":"https:\/\/www.fabioferro.eu\/de\/wp-json\/wp\/v2\/product_brand?post=110469"},{"taxonomy":"product_cat","embeddable":true,"href":"https:\/\/www.fabioferro.eu\/de\/wp-json\/wp\/v2\/product_cat?post=110469"},{"taxonomy":"product_tag","embeddable":true,"href":"https:\/\/www.fabioferro.eu\/de\/wp-json\/wp\/v2\/product_tag?post=110469"}],"curies":[{"name":"wp","href":"https:\/\/api.w.org\/{rel}","templated":true}]}}