{"id":110505,"date":"2023-01-30T10:04:15","date_gmt":"2023-01-30T09:04:15","guid":{"rendered":"https:\/\/www.fabioferro.eu\/longines-spirit-zulu-time-automatikuhr-aus-schwarzem-leder-42-mm.html"},"modified":"2024-12-16T13:47:20","modified_gmt":"2024-12-16T12:47:20","slug":"longines-spirit-zulu-time-automatikuhr-aus-schwarzem-leder-42-mm","status":"publish","type":"product","link":"https:\/\/www.fabioferro.eu\/de\/longines-spirit-zulu-time-automatikuhr-aus-schwarzem-leder-42-mm.html","title":{"rendered":"Longines Spirit Zulu Time Automatikuhr aus schwarzem Leder 42 mm"},"content":{"rendered":"<p>Longines Automatikuhr mit Stunden, Minuten, Sekunden und Datumsfunktion. Aktueller 24-Stunden-Zeiger mit Zeitzonenmechanismus. Antimagnetisch.<\/p>\n<p>Kaliber L884.4 mit mechanischem Uhrwerk mit Automatikaufzug und einer Frequenz von 25.200 Halbschwingungen pro Stunde sowie einer Gangreserve von bis zu 72 Stunden. Sie verf\u00fcgt \u00fcber eine monokristalline Silizium-Spiralfeder, einen COSC-zertifizierten Chronometer und ein exklusives Longines-Manufakturkaliber.<\/p>\n<p>Rundes Edelstahlgeh\u00e4use mit bidirektional drehbarer Keramikl\u00fcnette und verschraubter Krone.<br \/>\nKratzfestes Saphirglas mit mehrschichtiger Antireflexionsbeschichtung auf beiden Seiten. 22 mm Abstand zwischen den Anst\u00f6\u00dfen und 13,90 mm Dicke bei einem Gesamtgewicht von 112,9 g. Wasserdicht bis zu 10 bar oder 100 m.<\/p>\n<p>Mattschwarzes Zifferblatt mit appliziertem Stundenkreis aus arabischen Ziffern und polierten versilberten Zeigern. Die exklusive Schweizer Super-LumiNova-Fluoreszenz-Technologie ist vorhanden.<\/p>\n<p>Armband aus braunem Kalbsleder und Schnalle mit doppelter Schlie\u00dfe und Verstellsystem. Komplett mit Longines-Wechselsystem, das den Austausch von Armb\u00e4ndern vereinfacht.<\/p>\n<p>Uhr mit Box und offizieller 5-Jahres-Garantie von Longines.<\/p>\n","protected":false},"excerpt":{"rendered":"<p>Vergangenheit und Zukunft sind untrennbar miteinander verbunden. Longines beschloss daher, eine Uhrenkollektion vorzuschlagen, die an die Pers\u00f6nlichkeiten der Vergangenheit erinnert, die die Zukunft m\u00f6glich gemacht haben. Diejenigen also, die ihre Gegenwart revolutioniert haben und in der Lage waren, ihre Grenzen zu \u00fcberwinden.<\/p>\n","protected":false},"featured_media":110536,"comment_status":"open","ping_status":"closed","template":"","meta":[],"product_brand":[5391],"product_cat":[5953],"product_tag":[],"class_list":{"0":"post-110505","1":"product","2":"type-product","3":"status-publish","4":"has-post-thumbnail","6":"product_brand-longines","7":"product_cat-longines-herrenuhren","8":"pa_collezione-longines-spirit-de","10":"first","11":"instock","12":"taxable","13":"shipping-taxable","14":"purchasable","15":"product-type-simple"},"exclude_global_add_ons":[],"addons":[],"df_price":3400,"df_sale_price":"","df_regular_price":3400,"df_image_link":"https:\/\/cdn02.fabioferro.eu\/wp-content\/uploads\/orologio-longines-zulu-time-antracite-acciaio-L3.812.4.53.2-2.jpg","_links":{"self":[{"href":"https:\/\/www.fabioferro.eu\/de\/wp-json\/wp\/v2\/product\/110505","targetHints":{"allow":["GET"]}}],"collection":[{"href":"https:\/\/www.fabioferro.eu\/de\/wp-json\/wp\/v2\/product"}],"about":[{"href":"https:\/\/www.fabioferro.eu\/de\/wp-json\/wp\/v2\/types\/product"}],"replies":[{"embeddable":true,"href":"https:\/\/www.fabioferro.eu\/de\/wp-json\/wp\/v2\/comments?post=110505"}],"version-history":[{"count":0,"href":"https:\/\/www.fabioferro.eu\/de\/wp-json\/wp\/v2\/product\/110505\/revisions"}],"wp:featuredmedia":[{"embeddable":true,"href":"https:\/\/www.fabioferro.eu\/de\/wp-json\/wp\/v2\/media\/110536"}],"wp:attachment":[{"href":"https:\/\/www.fabioferro.eu\/de\/wp-json\/wp\/v2\/media?parent=110505"}],"wp:term":[{"taxonomy":"product_brand","embeddable":true,"href":"https:\/\/www.fabioferro.eu\/de\/wp-json\/wp\/v2\/product_brand?post=110505"},{"taxonomy":"product_cat","embeddable":true,"href":"https:\/\/www.fabioferro.eu\/de\/wp-json\/wp\/v2\/product_cat?post=110505"},{"taxonomy":"product_tag","embeddable":true,"href":"https:\/\/www.fabioferro.eu\/de\/wp-json\/wp\/v2\/product_tag?post=110505"}],"curies":[{"name":"wp","href":"https:\/\/api.w.org\/{rel}","templated":true}]}}