{"id":110584,"date":"2023-02-07T17:34:15","date_gmt":"2023-02-07T16:34:15","guid":{"rendered":"https:\/\/www.fabioferro.eu\/longines-master-collection-automatische-lederuhr-braun-silber-grains-dorge-40-mm.html"},"modified":"2024-12-16T13:47:21","modified_gmt":"2024-12-16T12:47:21","slug":"longines-master-collection-automatische-lederuhr-braun-silber-grains-dorge-40-mm","status":"publish","type":"product","link":"https:\/\/www.fabioferro.eu\/de\/longines-master-collection-automatische-lederuhr-braun-silber-grains-dorge-40-mm.html","title":{"rendered":"Longines Master Collection Automatische Lederuhr Braun Silber Grains d&#8217;Orge 40 mm"},"content":{"rendered":"<p>Longines-Automatikuhr mit dem Kaliber L888, einem mechanischen Uhrwerk mit Automatikaufzug und einer Frequenz von 25.200 Halbschwingungen pro Stunde sowie einer Gangreserve von etwa 72 Stunden. Komplett mit Stunden-, Minuten-, Sekunden- und Datumsfunktionen. Das exklusive Longines Manufakturkaliber ist vorhanden. Nicht-magnetisch.<\/p>\n<p>Ein rundes Geh\u00e4use mit einem Durchmesser von 40 mm, aus Edelstahl und einem kratzfesten Saphirglas mit transparentem Saphirglasboden. Abstand zwischen den Ans\u00e4tzen von 21 mm und Dicke von 9,8 mm mit Wasserdichtigkeit bis zu drei 3 o, 30 m. Gesamtgewicht von 69,6 g.<\/p>\n<p>Zifferblatt aus Silberkorn und Stundenkreis mit gemalten arabischen Ziffern. Gebl\u00e4ute Stahlzeiger.<\/p>\n<p>Der obere Teil des Armbands ist aus braunem Alligatorleder und der untere Teil aus Kalbsleder gefertigt. Schlie\u00dfe mit Dreifach-Sicherheitsfaltschlie\u00dfe und \u00d6ffnungsmechanismus mit Druckknopf.<\/p>\n<p>Die Uhr wird von einer Schachtel und der offiziellen 5-Jahres-Garantie von Longines begleitet.<\/p>\n","protected":false},"excerpt":{"rendered":"<p>Forschung, Sorgfalt bei der Auswahl der Materialien, Innovation in der Technik: Dies sind einige der Begriffe, die die Wahl von Longines f\u00fcr diese Kollektion beschreiben. Die Master Collection ist die Kollektion, die Longines gew\u00e4hlt hat, um sich selbst zu beschreiben und seine Geschichte zu erz\u00e4hlen, mit einzigartigen Zeitmessern, die jedem Aspekt Aufmerksamkeit schenken.<\/p>\n","protected":false},"featured_media":110608,"comment_status":"open","ping_status":"closed","template":"","meta":[],"product_brand":[5391],"product_cat":[5953],"product_tag":[],"class_list":{"0":"post-110584","1":"product","2":"type-product","3":"status-publish","4":"has-post-thumbnail","6":"product_brand-longines","7":"product_cat-longines-herrenuhren","8":"pa_collezione-longines-master-kollektion","10":"first","11":"instock","12":"taxable","13":"shipping-taxable","14":"purchasable","15":"product-type-simple"},"exclude_global_add_ons":[],"addons":[],"df_price":2450,"df_sale_price":"","df_regular_price":2450,"df_image_link":"https:\/\/cdn02.fabioferro.eu\/wp-content\/uploads\/orologio-longines-master-collection-bianco-pelle-marrone-L2.793.4.78.3-7.jpg","_links":{"self":[{"href":"https:\/\/www.fabioferro.eu\/de\/wp-json\/wp\/v2\/product\/110584","targetHints":{"allow":["GET"]}}],"collection":[{"href":"https:\/\/www.fabioferro.eu\/de\/wp-json\/wp\/v2\/product"}],"about":[{"href":"https:\/\/www.fabioferro.eu\/de\/wp-json\/wp\/v2\/types\/product"}],"replies":[{"embeddable":true,"href":"https:\/\/www.fabioferro.eu\/de\/wp-json\/wp\/v2\/comments?post=110584"}],"version-history":[{"count":0,"href":"https:\/\/www.fabioferro.eu\/de\/wp-json\/wp\/v2\/product\/110584\/revisions"}],"wp:featuredmedia":[{"embeddable":true,"href":"https:\/\/www.fabioferro.eu\/de\/wp-json\/wp\/v2\/media\/110608"}],"wp:attachment":[{"href":"https:\/\/www.fabioferro.eu\/de\/wp-json\/wp\/v2\/media?parent=110584"}],"wp:term":[{"taxonomy":"product_brand","embeddable":true,"href":"https:\/\/www.fabioferro.eu\/de\/wp-json\/wp\/v2\/product_brand?post=110584"},{"taxonomy":"product_cat","embeddable":true,"href":"https:\/\/www.fabioferro.eu\/de\/wp-json\/wp\/v2\/product_cat?post=110584"},{"taxonomy":"product_tag","embeddable":true,"href":"https:\/\/www.fabioferro.eu\/de\/wp-json\/wp\/v2\/product_tag?post=110584"}],"curies":[{"name":"wp","href":"https:\/\/api.w.org\/{rel}","templated":true}]}}