{"id":110623,"date":"2023-01-30T10:05:10","date_gmt":"2023-01-30T09:05:10","guid":{"rendered":"https:\/\/www.fabioferro.eu\/longines-spirit-zulu-time-automatikuhr-anthrazit-leder-braun-42-mm.html"},"modified":"2025-06-06T16:16:03","modified_gmt":"2025-06-06T14:16:03","slug":"longines-spirit-zulu-time-automatikuhr-anthrazit-leder-braun-42-mm","status":"publish","type":"product","link":"https:\/\/www.fabioferro.eu\/de\/longines-spirit-zulu-time-automatikuhr-anthrazit-leder-braun-42-mm.html","title":{"rendered":"Longines Spirit Zulu Time Automatikuhr Anthrazit Leder Braun 42 mm"},"content":{"rendered":"<p>Longines Automatikuhr mit Stunden, Minuten, Sekunden und Datumsfunktion. Eine Besonderheit betrifft den 24-Stunden-Zeiger: Er ist mit einem Zeitzonenmechanismus ausgestattet.<\/p>\n<p>Die Uhr zeichnet sich durch das Kaliber L844.4 und einen COCS-zertifizierten Chronometer aus. Hinzu kommt das mechanische Uhrwerk mit Automatikaufzug mit einer Frequenz von 25.200 Halbschwingungen pro Stunde und einer Gangreserve von ca. 72 Stunden mit monokristalliner Silizium-Unruh-Spiral-Technologie.<\/p>\n<p>Au\u00dferdem ist sie mit dem exklusiven Longines-Manufakturkaliber ausgestattet.<\/p>\n<p>Das runde Geh\u00e4use mit einem Durchmesser von 42 mm ist aus Edelstahl gefertigt und mit einer Keramikl\u00fcnette versehen. Der Abstand zwischen den Anst\u00f6\u00dfen betr\u00e4gt 22 mm, die Dicke 13,90 mm und das Gesamtgewicht 113,9 g. Die Wasserdichtigkeit ist bis zu 10 bar bzw. 100 m garantiert. Bidirektional drehbare L\u00fcnette mit verschraubter Krone. Au\u00dferdem ist es mit kratzfestem Saphirglas ausgestattet, das auf beiden Seiten mit einer mehrschichtigen Antireflexionsschicht versehen ist.<\/p>\n<p>Anthrazitfarbenes Zifferblatt und Stundenkreis mit aufgesetzten arabischen Ziffern. Die Zeiger sind in Gold lackiert. Die Schweizer Super-LumiNova-Fluoreszenztechnologie ist vorhanden.<\/p>\n<p>Armband aus beigem Kalbsleder mit Dornschlie\u00dfe mit doppelter Sicherheitsschlie\u00dfe und Mikroverstellsystem. Auch das Armband kann dank des Longines-Wechselsystems problemlos gewechselt werden.<\/p>\n<p>Antimagnetisches System vorhanden.<\/p>\n<p>Uhr komplett mit Box und offizieller 5-Jahres-Garantie von Longines.<\/p>\n","protected":false},"excerpt":{"rendered":"<p>Wir haben schon immer die Zeit gemessen, aber konnten wir sie jemals anhalten? Mit dieser neuen Kollektion beschloss Longines, einen Zeitmesser zu kreieren, der in der Lage ist, den Fluss der Zeit anzuhalten, um uns an diejenigen zu erinnern, die unsere Gegenwart m\u00f6glich gemacht haben: Eroberer, Entdecker und Erfinder.<\/p>\n","protected":false},"featured_media":110630,"comment_status":"open","ping_status":"closed","template":"","meta":[],"product_brand":[5391],"product_cat":[5953],"product_tag":[],"class_list":{"0":"post-110623","1":"product","2":"type-product","3":"status-publish","4":"has-post-thumbnail","6":"product_brand-longines","7":"product_cat-longines-herrenuhren","8":"pa_collezione-longines-spirit-de","10":"first","11":"instock","12":"sale","13":"taxable","14":"shipping-taxable","15":"purchasable","16":"product-type-simple"},"exclude_global_add_ons":[],"addons":[],"df_price":2550,"df_sale_price":2550,"df_regular_price":3400,"df_image_link":"https:\/\/cdn02.fabioferro.eu\/wp-content\/uploads\/orologio-longines-spirit-zulu-time-42-mm-L3.812.4.63.2-2.jpg","_links":{"self":[{"href":"https:\/\/www.fabioferro.eu\/de\/wp-json\/wp\/v2\/product\/110623","targetHints":{"allow":["GET"]}}],"collection":[{"href":"https:\/\/www.fabioferro.eu\/de\/wp-json\/wp\/v2\/product"}],"about":[{"href":"https:\/\/www.fabioferro.eu\/de\/wp-json\/wp\/v2\/types\/product"}],"replies":[{"embeddable":true,"href":"https:\/\/www.fabioferro.eu\/de\/wp-json\/wp\/v2\/comments?post=110623"}],"version-history":[{"count":0,"href":"https:\/\/www.fabioferro.eu\/de\/wp-json\/wp\/v2\/product\/110623\/revisions"}],"wp:featuredmedia":[{"embeddable":true,"href":"https:\/\/www.fabioferro.eu\/de\/wp-json\/wp\/v2\/media\/110630"}],"wp:attachment":[{"href":"https:\/\/www.fabioferro.eu\/de\/wp-json\/wp\/v2\/media?parent=110623"}],"wp:term":[{"taxonomy":"product_brand","embeddable":true,"href":"https:\/\/www.fabioferro.eu\/de\/wp-json\/wp\/v2\/product_brand?post=110623"},{"taxonomy":"product_cat","embeddable":true,"href":"https:\/\/www.fabioferro.eu\/de\/wp-json\/wp\/v2\/product_cat?post=110623"},{"taxonomy":"product_tag","embeddable":true,"href":"https:\/\/www.fabioferro.eu\/de\/wp-json\/wp\/v2\/product_tag?post=110623"}],"curies":[{"name":"wp","href":"https:\/\/api.w.org\/{rel}","templated":true}]}}