{"id":110641,"date":"2023-01-30T10:01:06","date_gmt":"2023-01-30T09:01:06","guid":{"rendered":"https:\/\/www.fabioferro.eu\/uhr-longines-master-collection-automatik-silber-grains-dorge-42-mm.html"},"modified":"2024-12-16T13:47:17","modified_gmt":"2024-12-16T12:47:17","slug":"uhr-longines-master-collection-automatik-silber-grains-dorge-42-mm","status":"publish","type":"product","link":"https:\/\/www.fabioferro.eu\/de\/uhr-longines-master-collection-automatik-silber-grains-dorge-42-mm.html","title":{"rendered":"Uhr Longines Master Collection Automatik Silber Grains d&#8217;Orge 42 mm"},"content":{"rendered":"<p>Longines-Automatikuhr mit Kaliber L899 und den Funktionen Stunden, Minuten, Sekunden sowie Mondphase und Datumsanzeige \u00fcber einen kleinen Zeiger bei 6 Uhr.<\/p>\n<p>Es handelt sich um ein mechanisches Uhrwerk mit Automatikaufzug und einer Frequenz von 25.200 Halbschwingungen pro Stunde sowie einer Gangreserve von etwa 72 Stunden. Au\u00dferdem ist sie mit dem exklusiven Longines-Manufakturkaliber ausgestattet. Kein antimagnetisches System.<\/p>\n<p>42 mm rundes Geh\u00e4use aus silberfarbenem Edelstahl. Kratzfestes Saphirglas und transparenter Saphirglasboden. Abstand zwischen den Stollen von 21 mm und Dicke von 11,20 mm und Gesamtgewicht von 92,1. Wasserdicht bis zu 3 bar oder 30 m.<\/p>\n<p>Silberfarbenes K\u00f6rnerzifferblatt mit Stundenkreis, besetzt mit 13 Top Wesselton VS-SI-Diamanten von insgesamt 0,059 Karat. Polierte Silberzeiger.<\/p>\n<p>Der obere Teil des Armbands ist aus Alligatorleder und der untere Teil aus braunem Kalbsleder mit einer Schlie\u00dfe mit Dreifach-Sicherheitsfaltschlie\u00dfe und Druckknopf-\u00d6ffnungsmechanismus.<\/p>\n<p>Uhr komplett mit Box und offizieller 5-Jahres-Garantie von Longines.<\/p>\n","protected":false},"excerpt":{"rendered":"<p>Seit seiner Gr\u00fcndung war Longines stets auf der Suche nach Fortschritt. Mit der neuen Longines Master Collection ist es dem Unternehmen einmal mehr gelungen, sich als Avantgarde-Uhrmacher zu pr\u00e4sentieren, der in der Lage ist, Wissen und technische Innovation mit klassischer Eleganz und au\u00dfergew\u00f6hnlicher Qualit\u00e4t zu verbinden.<\/p>\n","protected":false},"featured_media":110645,"comment_status":"open","ping_status":"closed","template":"","meta":[],"product_brand":[5391],"product_cat":[5953],"product_tag":[],"class_list":{"0":"post-110641","1":"product","2":"type-product","3":"status-publish","4":"has-post-thumbnail","6":"product_brand-longines","7":"product_cat-longines-herrenuhren","8":"pa_collezione-longines-master-kollektion","10":"first","11":"instock","12":"taxable","13":"shipping-taxable","14":"purchasable","15":"product-type-simple"},"exclude_global_add_ons":[],"addons":[],"df_price":3450,"df_sale_price":"","df_regular_price":3450,"df_image_link":"https:\/\/cdn02.fabioferro.eu\/wp-content\/uploads\/orologio-longines-master-collection-fasi-lunari-L2.919.4.77.3-6.jpg","_links":{"self":[{"href":"https:\/\/www.fabioferro.eu\/de\/wp-json\/wp\/v2\/product\/110641","targetHints":{"allow":["GET"]}}],"collection":[{"href":"https:\/\/www.fabioferro.eu\/de\/wp-json\/wp\/v2\/product"}],"about":[{"href":"https:\/\/www.fabioferro.eu\/de\/wp-json\/wp\/v2\/types\/product"}],"replies":[{"embeddable":true,"href":"https:\/\/www.fabioferro.eu\/de\/wp-json\/wp\/v2\/comments?post=110641"}],"version-history":[{"count":0,"href":"https:\/\/www.fabioferro.eu\/de\/wp-json\/wp\/v2\/product\/110641\/revisions"}],"wp:featuredmedia":[{"embeddable":true,"href":"https:\/\/www.fabioferro.eu\/de\/wp-json\/wp\/v2\/media\/110645"}],"wp:attachment":[{"href":"https:\/\/www.fabioferro.eu\/de\/wp-json\/wp\/v2\/media?parent=110641"}],"wp:term":[{"taxonomy":"product_brand","embeddable":true,"href":"https:\/\/www.fabioferro.eu\/de\/wp-json\/wp\/v2\/product_brand?post=110641"},{"taxonomy":"product_cat","embeddable":true,"href":"https:\/\/www.fabioferro.eu\/de\/wp-json\/wp\/v2\/product_cat?post=110641"},{"taxonomy":"product_tag","embeddable":true,"href":"https:\/\/www.fabioferro.eu\/de\/wp-json\/wp\/v2\/product_tag?post=110641"}],"curies":[{"name":"wp","href":"https:\/\/api.w.org\/{rel}","templated":true}]}}