{"id":110709,"date":"2024-02-06T18:28:04","date_gmt":"2024-02-06T17:28:04","guid":{"rendered":"https:\/\/www.fabioferro.eu\/fabio-ferro-punto-luce-weissgold-halskette-mit-010-karat-diamant.html"},"modified":"2025-08-06T13:07:16","modified_gmt":"2025-08-06T11:07:16","slug":"fabio-ferro-punto-luce-weissgold-halskette-mit-010-karat-diamant","status":"publish","type":"product","link":"https:\/\/www.fabioferro.eu\/de\/fabio-ferro-punto-luce-weissgold-halskette-mit-010-karat-diamant.html","title":{"rendered":"Fabio Ferro Punto Luce Halskette aus Wei\u00dfgold mit 0,10 Karat Diamant"},"content":{"rendered":"<p>In unserer Goldschmiedewerkstatt handgefertigtes Collier, komplett aus 750er Wei\u00dfgold. Das Gesamtgewicht betr\u00e4gt 2,12 g.<\/p>\n<p>Die L\u00fcnette, in der der Stein platziert ist, verl\u00e4uft entlang der Halskette. Der gefasste Diamant hat 0,10 Karat, Farbe F und Reinheit VS1.<\/p>\n<p>Die L\u00e4nge ist \u00fcber zwei Ringe verstellbar, von 45 bis 42 cm.<\/p>\n<p>Zusammen mit einer eleganten Schachtel und einem von Fabio Ferro unterzeichneten Garantie- und Qualit\u00e4tszertifikat.<\/p>\n<p><img decoding=\"async\" class=\"alignnone size-full wp-image-68675\" src=\"https:\/\/cdn02.fabioferro.eu\/wp-content\/uploads\/IGI-4cs-chart-IT-scaled.jpg\" alt=\"\" width=\"1864\" height=\"2560\" title=\"\" srcset=\"https:\/\/cdn02.fabioferro.eu\/wp-content\/uploads\/IGI-4cs-chart-IT-scaled.jpg 1864w, https:\/\/cdn02.fabioferro.eu\/wp-content\/uploads\/IGI-4cs-chart-IT-768x1055.jpg 768w, https:\/\/cdn02.fabioferro.eu\/wp-content\/uploads\/IGI-4cs-chart-IT-1119x1536.jpg 1119w, https:\/\/cdn02.fabioferro.eu\/wp-content\/uploads\/IGI-4cs-chart-IT-1491x2048.jpg 1491w, https:\/\/cdn02.fabioferro.eu\/wp-content\/uploads\/IGI-4cs-chart-IT-990x1359.jpg 990w, https:\/\/cdn02.fabioferro.eu\/wp-content\/uploads\/IGI-4cs-chart-IT-441x606.jpg 441w, https:\/\/cdn02.fabioferro.eu\/wp-content\/uploads\/IGI-4cs-chart-IT-600x824.jpg 600w, https:\/\/cdn02.fabioferro.eu\/wp-content\/uploads\/IGI-4cs-chart-IT-150x206.jpg 150w\" sizes=\"(max-width: 1864px) 100vw, 1864px\" \/><\/p>\n","protected":false},"excerpt":{"rendered":"<p>In unserer Goldschmiedewerkstatt handgefertigtes Collier, komplett aus 750er Wei\u00dfgold. Das Gesamtgewicht betr\u00e4gt 2,12 g. Die L\u00fcnette, in der der Stein platziert ist, verl\u00e4uft entlang der Halskette. Der gefasste Diamant hat 0,10 Karat, Farbe F und Reinheit VS1. Die L\u00e4nge ist \u00fcber zwei Ringe verstellbar, von 45 bis 42 cm. Zusammen mit einer eleganten Schachtel und [&hellip;]<\/p>\n","protected":false},"featured_media":110715,"comment_status":"open","ping_status":"closed","template":"","meta":[],"product_brand":[152],"product_cat":[6016],"product_tag":[7442],"class_list":{"0":"post-110709","1":"product","2":"type-product","3":"status-publish","4":"has-post-thumbnail","6":"product_brand-fabio-ferro-i-gioielli","7":"product_cat-dot-light-halsketten","8":"product_tag-verfugbar","10":"first","11":"instock","12":"sale","13":"taxable","14":"shipping-taxable","15":"purchasable","16":"product-type-simple"},"exclude_global_add_ons":[],"addons":[],"df_price":880,"df_sale_price":880,"df_regular_price":1100,"df_image_link":"https:\/\/cdn02.fabioferro.eu\/wp-content\/uploads\/collana-punto-luce-fabio-ferro-diamante-in-oro-bianco-ff1135.jpg","_links":{"self":[{"href":"https:\/\/www.fabioferro.eu\/de\/wp-json\/wp\/v2\/product\/110709","targetHints":{"allow":["GET"]}}],"collection":[{"href":"https:\/\/www.fabioferro.eu\/de\/wp-json\/wp\/v2\/product"}],"about":[{"href":"https:\/\/www.fabioferro.eu\/de\/wp-json\/wp\/v2\/types\/product"}],"replies":[{"embeddable":true,"href":"https:\/\/www.fabioferro.eu\/de\/wp-json\/wp\/v2\/comments?post=110709"}],"version-history":[{"count":1,"href":"https:\/\/www.fabioferro.eu\/de\/wp-json\/wp\/v2\/product\/110709\/revisions"}],"predecessor-version":[{"id":193033,"href":"https:\/\/www.fabioferro.eu\/de\/wp-json\/wp\/v2\/product\/110709\/revisions\/193033"}],"wp:featuredmedia":[{"embeddable":true,"href":"https:\/\/www.fabioferro.eu\/de\/wp-json\/wp\/v2\/media\/110715"}],"wp:attachment":[{"href":"https:\/\/www.fabioferro.eu\/de\/wp-json\/wp\/v2\/media?parent=110709"}],"wp:term":[{"taxonomy":"product_brand","embeddable":true,"href":"https:\/\/www.fabioferro.eu\/de\/wp-json\/wp\/v2\/product_brand?post=110709"},{"taxonomy":"product_cat","embeddable":true,"href":"https:\/\/www.fabioferro.eu\/de\/wp-json\/wp\/v2\/product_cat?post=110709"},{"taxonomy":"product_tag","embeddable":true,"href":"https:\/\/www.fabioferro.eu\/de\/wp-json\/wp\/v2\/product_tag?post=110709"}],"curies":[{"name":"wp","href":"https:\/\/api.w.org\/{rel}","templated":true}]}}