{"id":110723,"date":"2024-01-30T19:18:34","date_gmt":"2024-01-30T18:18:34","guid":{"rendered":"https:\/\/www.fabioferro.eu\/fabio-ferro-punto-luce-halskette-aus-weissgold-mit-diamant-020-karat.html"},"modified":"2025-08-06T13:07:03","modified_gmt":"2025-08-06T11:07:03","slug":"fabio-ferro-punto-luce-halskette-aus-weissgold-mit-diamant-020-karat","status":"publish","type":"product","link":"https:\/\/www.fabioferro.eu\/de\/fabio-ferro-punto-luce-halskette-aus-weissgold-mit-diamant-020-karat.html","title":{"rendered":"Fabio Ferro Punto Luce Halskette aus Wei\u00dfgold mit Diamant 0,20 Karat"},"content":{"rendered":"<p>Handgefertigte Halskette aus 18 Karat Wei\u00dfgold. Sein Gewicht betr\u00e4gt 2,30 Gramm.<\/p>\n<p>Der eingefasste Diamant im Brillantschliff hat 0,20 Karat, Farbe F und Reinheit VS2.<\/p>\n<p>Die Halskette wird mit einem klassischen Karabinerverschluss geschlossen.<\/p>\n<p>Die L\u00e4nge der Halskette ist mit Hilfe von Zwischenringen auf 42 und 45 cm einstellbar.<\/p>\n<p>Mit einer speziellen Verpackung und einer von Fabio Ferro unterzeichneten Qualit\u00e4tsgarantie.<\/p>\n<p><img decoding=\"async\" class=\"alignnone size-full wp-image-68675\" src=\"https:\/\/cdn02.fabioferro.eu\/wp-content\/uploads\/IGI-4cs-chart-IT-scaled.jpg\" alt=\"\" width=\"1864\" height=\"2560\" title=\"\" srcset=\"https:\/\/cdn02.fabioferro.eu\/wp-content\/uploads\/IGI-4cs-chart-IT-scaled.jpg 1864w, https:\/\/cdn02.fabioferro.eu\/wp-content\/uploads\/IGI-4cs-chart-IT-768x1055.jpg 768w, https:\/\/cdn02.fabioferro.eu\/wp-content\/uploads\/IGI-4cs-chart-IT-1119x1536.jpg 1119w, https:\/\/cdn02.fabioferro.eu\/wp-content\/uploads\/IGI-4cs-chart-IT-1491x2048.jpg 1491w, https:\/\/cdn02.fabioferro.eu\/wp-content\/uploads\/IGI-4cs-chart-IT-990x1359.jpg 990w, https:\/\/cdn02.fabioferro.eu\/wp-content\/uploads\/IGI-4cs-chart-IT-441x606.jpg 441w, https:\/\/cdn02.fabioferro.eu\/wp-content\/uploads\/IGI-4cs-chart-IT-600x824.jpg 600w, https:\/\/cdn02.fabioferro.eu\/wp-content\/uploads\/IGI-4cs-chart-IT-150x206.jpg 150w\" sizes=\"(max-width: 1864px) 100vw, 1864px\" \/><\/p>\n","protected":false},"excerpt":{"rendered":"<p>Handgefertigte Halskette aus 18 Karat Wei\u00dfgold. Sein Gewicht betr\u00e4gt 2,30 Gramm. Der eingefasste Diamant im Brillantschliff hat 0,20 Karat, Farbe F und Reinheit VS2. Die Halskette wird mit einem klassischen Karabinerverschluss geschlossen. Die L\u00e4nge der Halskette ist mit Hilfe von Zwischenringen auf 42 und 45 cm einstellbar. Mit einer speziellen Verpackung und einer von Fabio [&hellip;]<\/p>\n","protected":false},"featured_media":110736,"comment_status":"open","ping_status":"closed","template":"","meta":[],"product_brand":[],"product_cat":[6016],"product_tag":[],"class_list":{"0":"post-110723","1":"product","2":"type-product","3":"status-publish","4":"has-post-thumbnail","6":"product_cat-dot-light-halsketten","8":"first","9":"instock","10":"sale","11":"taxable","12":"shipping-taxable","13":"purchasable","14":"product-type-simple"},"exclude_global_add_ons":[],"addons":[],"df_price":1352,"df_sale_price":1352,"df_regular_price":1690,"df_image_link":"https:\/\/cdn02.fabioferro.eu\/wp-content\/uploads\/collana-punto-luce-fabio-ferro-in-oro-bianco-e-diamanti-ff1134-1.jpg","_links":{"self":[{"href":"https:\/\/www.fabioferro.eu\/de\/wp-json\/wp\/v2\/product\/110723","targetHints":{"allow":["GET"]}}],"collection":[{"href":"https:\/\/www.fabioferro.eu\/de\/wp-json\/wp\/v2\/product"}],"about":[{"href":"https:\/\/www.fabioferro.eu\/de\/wp-json\/wp\/v2\/types\/product"}],"replies":[{"embeddable":true,"href":"https:\/\/www.fabioferro.eu\/de\/wp-json\/wp\/v2\/comments?post=110723"}],"version-history":[{"count":1,"href":"https:\/\/www.fabioferro.eu\/de\/wp-json\/wp\/v2\/product\/110723\/revisions"}],"predecessor-version":[{"id":193021,"href":"https:\/\/www.fabioferro.eu\/de\/wp-json\/wp\/v2\/product\/110723\/revisions\/193021"}],"wp:featuredmedia":[{"embeddable":true,"href":"https:\/\/www.fabioferro.eu\/de\/wp-json\/wp\/v2\/media\/110736"}],"wp:attachment":[{"href":"https:\/\/www.fabioferro.eu\/de\/wp-json\/wp\/v2\/media?parent=110723"}],"wp:term":[{"taxonomy":"product_brand","embeddable":true,"href":"https:\/\/www.fabioferro.eu\/de\/wp-json\/wp\/v2\/product_brand?post=110723"},{"taxonomy":"product_cat","embeddable":true,"href":"https:\/\/www.fabioferro.eu\/de\/wp-json\/wp\/v2\/product_cat?post=110723"},{"taxonomy":"product_tag","embeddable":true,"href":"https:\/\/www.fabioferro.eu\/de\/wp-json\/wp\/v2\/product_tag?post=110723"}],"curies":[{"name":"wp","href":"https:\/\/api.w.org\/{rel}","templated":true}]}}