{"id":110726,"date":"2023-01-09T16:01:44","date_gmt":"2023-01-09T15:01:44","guid":{"rendered":"https:\/\/www.fabioferro.eu\/longines-master-collection-automatikuhr-silber-leder-braun-42-mm.html"},"modified":"2024-12-16T13:47:14","modified_gmt":"2024-12-16T12:47:14","slug":"longines-master-collection-automatikuhr-silber-leder-braun-42-mm","status":"publish","type":"product","link":"https:\/\/www.fabioferro.eu\/de\/longines-master-collection-automatikuhr-silber-leder-braun-42-mm.html","title":{"rendered":"Longines Master Collection Automatikuhr Silber Leder Braun 42 mm"},"content":{"rendered":"<p>Longines Automatikuhr mit Kaliber L688 und Stunden, Minuten, Sekunden bei 9 Uhr und Datumsfunktion. Ausgestattet mit einem mechanischen Uhrwerk mit Automatikaufzug und einer Frequenz von 28.800 Halbschwingungen pro Stunde sowie einer Gangreserve von ca. 60 Stunden. Der Chronograph mit S\u00e4ulenradwerk verf\u00fcgt \u00fcber einen zentralen 60-Sekunden-Zeiger, einen 30-Minuten-Z\u00e4hler bei 3 Uhr und einen 12-Stunden-Z\u00e4hler bei 6 Uhr. Ausgestattet mit dem exklusiven Longines Manufakturkaliber. Nicht antimagnetisch.<\/p>\n<p>Das runde Geh\u00e4use mit einem Durchmesser von 42 mm ist aus Edelstahl gefertigt und hat einen kratzfesten Saphirglasboden. Der Abstand zwischen den Anst\u00f6\u00dfen betr\u00e4gt 21 mm und die Dicke 14,20 mm. Wasserdicht bis 3 bar\/30 m. Das Gesamtgewicht betr\u00e4gt 102,6 g.<\/p>\n<p>Das Zifferblatt ist aus silberfarbenem Grain d&#8217;Orge mit aufgemaltem Stundenkreis aus arabischen Ziffern gefertigt. Zeiger mit gebl\u00e4utem Stahl-Finish.<\/p>\n<p>Der obere Teil des Armbands ist aus braunem Krokodilleder und der untere Teil aus braunem Kalbsleder gefertigt. Geschenkschlie\u00dfe mit dreifacher Sicherheitsfaltschlie\u00dfe und Druckentlastungsmechanismus.<\/p>\n<p>Die Uhr wird von einer Schachtel und der offiziellen 5-Jahres-Garantie von Longines begleitet.<\/p>\n","protected":false},"excerpt":{"rendered":"<p>Longines bringt mit der neuen Master Collection den klassischen Stil der Vergangenheit zur\u00fcck. Derselbe Stil, der bei einigen der bedeutendsten Entdeckungen der Geschichte zugegen war. Dies ist eine M\u00f6glichkeit, sich an die Vergangenheit zu erinnern und in die Zukunft zu projizieren.<\/p>\n","protected":false},"featured_media":110246,"comment_status":"open","ping_status":"closed","template":"","meta":[],"product_brand":[5391],"product_cat":[5953],"product_tag":[],"class_list":{"0":"post-110726","1":"product","2":"type-product","3":"status-publish","4":"has-post-thumbnail","6":"product_brand-longines","7":"product_cat-longines-herrenuhren","8":"pa_collezione-longines-master-kollektion","10":"first","11":"instock","12":"taxable","13":"shipping-taxable","14":"purchasable","15":"product-type-simple"},"exclude_global_add_ons":[],"addons":[],"df_price":3550,"df_sale_price":"","df_regular_price":3550,"df_image_link":"https:\/\/cdn02.fabioferro.eu\/wp-content\/uploads\/orologio-longines-master-collection-acciaio-pelle-L2.759.4.78.3-4.jpg","_links":{"self":[{"href":"https:\/\/www.fabioferro.eu\/de\/wp-json\/wp\/v2\/product\/110726","targetHints":{"allow":["GET"]}}],"collection":[{"href":"https:\/\/www.fabioferro.eu\/de\/wp-json\/wp\/v2\/product"}],"about":[{"href":"https:\/\/www.fabioferro.eu\/de\/wp-json\/wp\/v2\/types\/product"}],"replies":[{"embeddable":true,"href":"https:\/\/www.fabioferro.eu\/de\/wp-json\/wp\/v2\/comments?post=110726"}],"version-history":[{"count":0,"href":"https:\/\/www.fabioferro.eu\/de\/wp-json\/wp\/v2\/product\/110726\/revisions"}],"wp:featuredmedia":[{"embeddable":true,"href":"https:\/\/www.fabioferro.eu\/de\/wp-json\/wp\/v2\/media\/110246"}],"wp:attachment":[{"href":"https:\/\/www.fabioferro.eu\/de\/wp-json\/wp\/v2\/media?parent=110726"}],"wp:term":[{"taxonomy":"product_brand","embeddable":true,"href":"https:\/\/www.fabioferro.eu\/de\/wp-json\/wp\/v2\/product_brand?post=110726"},{"taxonomy":"product_cat","embeddable":true,"href":"https:\/\/www.fabioferro.eu\/de\/wp-json\/wp\/v2\/product_cat?post=110726"},{"taxonomy":"product_tag","embeddable":true,"href":"https:\/\/www.fabioferro.eu\/de\/wp-json\/wp\/v2\/product_tag?post=110726"}],"curies":[{"name":"wp","href":"https:\/\/api.w.org\/{rel}","templated":true}]}}