{"id":110757,"date":"2022-12-20T11:56:07","date_gmt":"2022-12-20T10:56:07","guid":{"rendered":"https:\/\/www.fabioferro.eu\/madi-laguna-blauer-quarz-ohrringe-mit-ohrlaeppchen.html"},"modified":"2024-09-06T16:12:34","modified_gmt":"2024-09-06T14:12:34","slug":"madi-laguna-blauer-quarz-ohrringe-mit-ohrlaeppchen","status":"publish","type":"product","link":"https:\/\/www.fabioferro.eu\/de\/madi-laguna-blauer-quarz-ohrringe-mit-ohrlaeppchen.html","title":{"rendered":"Madi Laguna Blauer Quarz Ohrringe mit Ohrl\u00e4ppchen"},"content":{"rendered":"<p>Duo von festen Ohrringen aus gl\u00e4nzendem 925er Silber, das in einem Bad aus Ros\u00e9gold \u00fcberzogen ist. Das Herzst\u00fcck dieses Schmuckpaars ist ein hydrothermaler Quarz im Quadratschliff in dunkelblauer Farbe. Handgefertigt, hergestellt in Italien. Einfacher und sicherer Clipverschluss. Die Ohrringe werden mit offizieller Mad\u00ec-Box, 2 Jahren Garantie und Einkaufstasche geliefert.<\/p>\n","protected":false},"excerpt":{"rendered":"<p>Blau steht im Mittelpunkt dieses sch\u00f6nen Schmuckpaars von Mad\u00ec.<\/p>\n","protected":false},"featured_media":110769,"comment_status":"open","ping_status":"closed","template":"","meta":[],"product_brand":[],"product_cat":[5921],"product_tag":[],"class_list":{"0":"post-110757","1":"product","2":"type-product","3":"status-publish","4":"has-post-thumbnail","6":"product_cat-madi-ohrringe","8":"first","9":"instock","10":"sale","11":"taxable","12":"shipping-taxable","13":"purchasable","14":"product-type-simple"},"exclude_global_add_ons":[],"addons":[],"df_price":140.4,"df_sale_price":140.4,"df_regular_price":156,"df_image_link":"https:\/\/cdn02.fabioferro.eu\/wp-content\/uploads\/orecchini-madi-collezione-laguna-blu-38865.jpg","_links":{"self":[{"href":"https:\/\/www.fabioferro.eu\/de\/wp-json\/wp\/v2\/product\/110757","targetHints":{"allow":["GET"]}}],"collection":[{"href":"https:\/\/www.fabioferro.eu\/de\/wp-json\/wp\/v2\/product"}],"about":[{"href":"https:\/\/www.fabioferro.eu\/de\/wp-json\/wp\/v2\/types\/product"}],"replies":[{"embeddable":true,"href":"https:\/\/www.fabioferro.eu\/de\/wp-json\/wp\/v2\/comments?post=110757"}],"version-history":[{"count":0,"href":"https:\/\/www.fabioferro.eu\/de\/wp-json\/wp\/v2\/product\/110757\/revisions"}],"wp:featuredmedia":[{"embeddable":true,"href":"https:\/\/www.fabioferro.eu\/de\/wp-json\/wp\/v2\/media\/110769"}],"wp:attachment":[{"href":"https:\/\/www.fabioferro.eu\/de\/wp-json\/wp\/v2\/media?parent=110757"}],"wp:term":[{"taxonomy":"product_brand","embeddable":true,"href":"https:\/\/www.fabioferro.eu\/de\/wp-json\/wp\/v2\/product_brand?post=110757"},{"taxonomy":"product_cat","embeddable":true,"href":"https:\/\/www.fabioferro.eu\/de\/wp-json\/wp\/v2\/product_cat?post=110757"},{"taxonomy":"product_tag","embeddable":true,"href":"https:\/\/www.fabioferro.eu\/de\/wp-json\/wp\/v2\/product_tag?post=110757"}],"curies":[{"name":"wp","href":"https:\/\/api.w.org\/{rel}","templated":true}]}}