{"id":110766,"date":"2024-02-10T18:46:13","date_gmt":"2024-02-10T17:46:13","guid":{"rendered":"https:\/\/www.fabioferro.eu\/fabio-iron-onion-point-halskette-aus-weissgold-mit-005-karat-diamant.html"},"modified":"2023-01-10T18:46:13","modified_gmt":"2023-01-10T17:46:13","slug":"fabio-iron-onion-point-halskette-aus-weissgold-mit-005-karat-diamant","status":"publish","type":"product","link":"https:\/\/www.fabioferro.eu\/de\/fabio-iron-onion-point-halskette-aus-weissgold-mit-005-karat-diamant.html","title":{"rendered":"Fabio Iron Onion Point Halskette aus Wei\u00dfgold mit 0,05 Karat Diamant"},"content":{"rendered":"<p>Halskette aus 18 Karat Wei\u00dfgold, vollst\u00e4ndig handgefertigt, mit einem Gesamtgewicht von 2,70 g.<\/p>\n<p>Der gefasste Brillant wiegt 0,05 Karat, hat die Farbe F und die Reinheit VS1. Sie flie\u00dft ohne Unterbrechung durch die Kette.<\/p>\n<p>Die Gr\u00f6\u00dfe ist einstellbar, da es zwei Ringe mit L\u00e4ngen von 45 und 42 cm gibt.<\/p>\n<p>Verschluss mit klassischer Federklemme.<\/p>\n<p>Zusammen mit einer speziellen Verpackung und einer von Fabio Ferro unterzeichneten Qualit\u00e4tsgarantie.<\/p>\n<p><img decoding=\"async\" class=\"alignnone size-full wp-image-68675\" src=\"https:\/\/cdn02.fabioferro.eu\/wp-content\/uploads\/IGI-4cs-chart-IT-scaled.jpg\" alt=\"\" width=\"1864\" height=\"2560\" title=\"\" srcset=\"https:\/\/cdn02.fabioferro.eu\/wp-content\/uploads\/IGI-4cs-chart-IT-scaled.jpg 1864w, https:\/\/cdn02.fabioferro.eu\/wp-content\/uploads\/IGI-4cs-chart-IT-768x1055.jpg 768w, https:\/\/cdn02.fabioferro.eu\/wp-content\/uploads\/IGI-4cs-chart-IT-1119x1536.jpg 1119w, https:\/\/cdn02.fabioferro.eu\/wp-content\/uploads\/IGI-4cs-chart-IT-1491x2048.jpg 1491w, https:\/\/cdn02.fabioferro.eu\/wp-content\/uploads\/IGI-4cs-chart-IT-990x1359.jpg 990w, https:\/\/cdn02.fabioferro.eu\/wp-content\/uploads\/IGI-4cs-chart-IT-441x606.jpg 441w, https:\/\/cdn02.fabioferro.eu\/wp-content\/uploads\/IGI-4cs-chart-IT-600x824.jpg 600w, https:\/\/cdn02.fabioferro.eu\/wp-content\/uploads\/IGI-4cs-chart-IT-150x206.jpg 150w\" sizes=\"(max-width: 1864px) 100vw, 1864px\" \/><\/p>\n","protected":false},"excerpt":{"rendered":"<p>Halskette aus 18 Karat Wei\u00dfgold, vollst\u00e4ndig handgefertigt, mit einem Gesamtgewicht von 2,70 g. Der gefasste Brillant wiegt 0,05 Karat, hat die Farbe F und die Reinheit VS1. Sie flie\u00dft ohne Unterbrechung durch die Kette. Die Gr\u00f6\u00dfe ist einstellbar, da es zwei Ringe mit L\u00e4ngen von 45 und 42 cm gibt. Verschluss mit klassischer Federklemme. Zusammen [&hellip;]<\/p>\n","protected":false},"featured_media":110777,"comment_status":"open","ping_status":"closed","template":"","meta":[],"product_brand":[152],"product_cat":[6016],"product_tag":[],"class_list":{"0":"post-110766","1":"product","2":"type-product","3":"status-publish","4":"has-post-thumbnail","6":"product_brand-fabio-ferro-i-gioielli","7":"product_cat-dot-light-halsketten","9":"first","10":"instock","11":"sale","12":"taxable","13":"shipping-taxable","14":"purchasable","15":"product-type-simple"},"exclude_global_add_ons":[],"addons":[],"df_price":648,"df_sale_price":648,"df_regular_price":810,"df_image_link":"https:\/\/cdn02.fabioferro.eu\/wp-content\/uploads\/collana-fabio-ferro-punto-luce-cipollina-oro-bianco-diamanti-ff1136.jpg","_links":{"self":[{"href":"https:\/\/www.fabioferro.eu\/de\/wp-json\/wp\/v2\/product\/110766","targetHints":{"allow":["GET"]}}],"collection":[{"href":"https:\/\/www.fabioferro.eu\/de\/wp-json\/wp\/v2\/product"}],"about":[{"href":"https:\/\/www.fabioferro.eu\/de\/wp-json\/wp\/v2\/types\/product"}],"replies":[{"embeddable":true,"href":"https:\/\/www.fabioferro.eu\/de\/wp-json\/wp\/v2\/comments?post=110766"}],"version-history":[{"count":0,"href":"https:\/\/www.fabioferro.eu\/de\/wp-json\/wp\/v2\/product\/110766\/revisions"}],"wp:featuredmedia":[{"embeddable":true,"href":"https:\/\/www.fabioferro.eu\/de\/wp-json\/wp\/v2\/media\/110777"}],"wp:attachment":[{"href":"https:\/\/www.fabioferro.eu\/de\/wp-json\/wp\/v2\/media?parent=110766"}],"wp:term":[{"taxonomy":"product_brand","embeddable":true,"href":"https:\/\/www.fabioferro.eu\/de\/wp-json\/wp\/v2\/product_brand?post=110766"},{"taxonomy":"product_cat","embeddable":true,"href":"https:\/\/www.fabioferro.eu\/de\/wp-json\/wp\/v2\/product_cat?post=110766"},{"taxonomy":"product_tag","embeddable":true,"href":"https:\/\/www.fabioferro.eu\/de\/wp-json\/wp\/v2\/product_tag?post=110766"}],"curies":[{"name":"wp","href":"https:\/\/api.w.org\/{rel}","templated":true}]}}