{"id":110788,"date":"2022-12-20T11:55:57","date_gmt":"2022-12-20T10:55:57","guid":{"rendered":"https:\/\/www.fabioferro.eu\/madi-laguna-blue-ring-mit-einzelnem-blauen-quarz.html"},"modified":"2025-06-06T15:54:11","modified_gmt":"2025-06-06T13:54:11","slug":"madi-laguna-blue-ring-mit-einzelnem-blauen-quarz","status":"publish","type":"product","link":"https:\/\/www.fabioferro.eu\/de\/madi-laguna-blue-ring-mit-einzelnem-blauen-quarz.html","title":{"rendered":"Madi Laguna Blue Ring mit einzelnem blauen Quarz"},"content":{"rendered":"<p>Solit\u00e4rring aus gl\u00e4nzendem 925er Silber, ros\u00e9vergoldet. Ein einzelner \u00f6kologischer Quarz, eingefasst in Silber in einem sanften hellblauen Farbton. Handgefertigt in Italien, Made in Italy. Der Ring wird mit der Original Mad\u00ec Box, einer Einkaufstasche und einer offiziellen 2-Jahres-Garantie geliefert.<\/p>\n","protected":false},"excerpt":{"rendered":"<p>Dieser Ring ist so hellblau wie der Fr\u00fchlingshimmel und besticht durch seine Schlichtheit.<\/p>\n","protected":false},"featured_media":110802,"comment_status":"open","ping_status":"closed","template":"","meta":[],"product_brand":[],"product_cat":[7595],"product_tag":[],"class_list":{"0":"post-110788","1":"product","2":"type-product","3":"status-publish","4":"has-post-thumbnail","6":"product_cat-madi-ringe-de","8":"first","9":"instock","10":"sale","11":"taxable","12":"shipping-taxable","13":"purchasable","14":"product-type-variable","15":"has-default-attributes"},"exclude_global_add_ons":[],"addons":[],"df_price":106.2,"df_sale_price":"","df_regular_price":106.2,"df_image_link":"https:\/\/cdn02.fabioferro.eu\/wp-content\/uploads\/anello-madi-laguna-blu-solitario-38828.jpg","_links":{"self":[{"href":"https:\/\/www.fabioferro.eu\/de\/wp-json\/wp\/v2\/product\/110788","targetHints":{"allow":["GET"]}}],"collection":[{"href":"https:\/\/www.fabioferro.eu\/de\/wp-json\/wp\/v2\/product"}],"about":[{"href":"https:\/\/www.fabioferro.eu\/de\/wp-json\/wp\/v2\/types\/product"}],"replies":[{"embeddable":true,"href":"https:\/\/www.fabioferro.eu\/de\/wp-json\/wp\/v2\/comments?post=110788"}],"version-history":[{"count":0,"href":"https:\/\/www.fabioferro.eu\/de\/wp-json\/wp\/v2\/product\/110788\/revisions"}],"wp:featuredmedia":[{"embeddable":true,"href":"https:\/\/www.fabioferro.eu\/de\/wp-json\/wp\/v2\/media\/110802"}],"wp:attachment":[{"href":"https:\/\/www.fabioferro.eu\/de\/wp-json\/wp\/v2\/media?parent=110788"}],"wp:term":[{"taxonomy":"product_brand","embeddable":true,"href":"https:\/\/www.fabioferro.eu\/de\/wp-json\/wp\/v2\/product_brand?post=110788"},{"taxonomy":"product_cat","embeddable":true,"href":"https:\/\/www.fabioferro.eu\/de\/wp-json\/wp\/v2\/product_cat?post=110788"},{"taxonomy":"product_tag","embeddable":true,"href":"https:\/\/www.fabioferro.eu\/de\/wp-json\/wp\/v2\/product_tag?post=110788"}],"curies":[{"name":"wp","href":"https:\/\/api.w.org\/{rel}","templated":true}]}}