{"id":110814,"date":"2022-12-17T09:32:25","date_gmt":"2022-12-17T08:32:25","guid":{"rendered":"https:\/\/www.fabioferro.eu\/madi-laguna-blue-ring-mit-drei-schattierungen-von-blauem-quarz.html"},"modified":"2024-10-30T09:50:04","modified_gmt":"2024-10-30T08:50:04","slug":"madi-laguna-blue-ring-mit-drei-schattierungen-von-blauem-quarz","status":"publish","type":"product","link":"https:\/\/www.fabioferro.eu\/de\/madi-laguna-blue-ring-mit-drei-schattierungen-von-blauem-quarz.html","title":{"rendered":"Madi Laguna Blue Ring mit drei Schattierungen von blauem Quarz"},"content":{"rendered":"<p>Bandring aus ros\u00e9vergoldetem 925er Silber. Das Silber umschlie\u00dft ein Trio aus \u00f6kologischen Quarzsteinen in verschiedenen Blaut\u00f6nen. Handgefertigt, Made in Italy. Der Ring wird mit 2 Jahren Garantie, Original Mad\u00ec Box und Einkaufstasche geliefert.<\/p>\n","protected":false},"excerpt":{"rendered":"<p>Ein Ring mit drei brillanten Steinen in frischen Blaut\u00f6nen, Gr\u00f6\u00dfe 19.<\/p>\n","protected":false},"featured_media":110817,"comment_status":"open","ping_status":"closed","template":"","meta":[],"product_brand":[],"product_cat":[7595],"product_tag":[],"class_list":{"0":"post-110814","1":"product","2":"type-product","3":"status-publish","4":"has-post-thumbnail","6":"product_cat-madi-ringe-de","8":"first","9":"instock","10":"sale","11":"taxable","12":"shipping-taxable","13":"purchasable","14":"product-type-variable","15":"has-default-attributes"},"exclude_global_add_ons":[],"addons":[],"df_price":179.1,"df_sale_price":"","df_regular_price":179.1,"df_image_link":"https:\/\/cdn02.fabioferro.eu\/wp-content\/uploads\/anello-madi-laguna-blu-quarzi-idrotermali-38847.jpg","_links":{"self":[{"href":"https:\/\/www.fabioferro.eu\/de\/wp-json\/wp\/v2\/product\/110814","targetHints":{"allow":["GET"]}}],"collection":[{"href":"https:\/\/www.fabioferro.eu\/de\/wp-json\/wp\/v2\/product"}],"about":[{"href":"https:\/\/www.fabioferro.eu\/de\/wp-json\/wp\/v2\/types\/product"}],"replies":[{"embeddable":true,"href":"https:\/\/www.fabioferro.eu\/de\/wp-json\/wp\/v2\/comments?post=110814"}],"version-history":[{"count":0,"href":"https:\/\/www.fabioferro.eu\/de\/wp-json\/wp\/v2\/product\/110814\/revisions"}],"wp:featuredmedia":[{"embeddable":true,"href":"https:\/\/www.fabioferro.eu\/de\/wp-json\/wp\/v2\/media\/110817"}],"wp:attachment":[{"href":"https:\/\/www.fabioferro.eu\/de\/wp-json\/wp\/v2\/media?parent=110814"}],"wp:term":[{"taxonomy":"product_brand","embeddable":true,"href":"https:\/\/www.fabioferro.eu\/de\/wp-json\/wp\/v2\/product_brand?post=110814"},{"taxonomy":"product_cat","embeddable":true,"href":"https:\/\/www.fabioferro.eu\/de\/wp-json\/wp\/v2\/product_cat?post=110814"},{"taxonomy":"product_tag","embeddable":true,"href":"https:\/\/www.fabioferro.eu\/de\/wp-json\/wp\/v2\/product_tag?post=110814"}],"curies":[{"name":"wp","href":"https:\/\/api.w.org\/{rel}","templated":true}]}}