{"id":110815,"date":"2022-12-16T19:03:32","date_gmt":"2022-12-16T18:03:32","guid":{"rendered":"https:\/\/www.fabioferro.eu\/madi-laguna-pesca-halskette-mit-anhaengern-aus-grauem-eis-und-rauchquarz.html"},"modified":"2024-09-06T16:12:12","modified_gmt":"2024-09-06T14:12:12","slug":"madi-laguna-pesca-halskette-mit-anhaengern-aus-grauem-eis-und-rauchquarz","status":"publish","type":"product","link":"https:\/\/www.fabioferro.eu\/de\/madi-laguna-pesca-halskette-mit-anhaengern-aus-grauem-eis-und-rauchquarz.html","title":{"rendered":"Madi Laguna Pesca Halskette mit Anh\u00e4ngern aus grauem Eis- und Rauchquarz"},"content":{"rendered":"<p>Halskette aus ros\u00e9-vergoldetem Sterlingsilber. Die beiden Anh\u00e4nger bestehen aus hydrothermalem Quarz mit quadratischem Schliff in Eis- und Rauchgrau. Die Gesamtl\u00e4nge der Halskette betr\u00e4gt 42 cm, wobei der Anh\u00e4nger 3,5 cm abf\u00e4llt. Handgefertigt, Hergestellt in Italien. Der Verschluss wird durch einen zuverl\u00e4ssigen Karabinerhaken gesichert. Die Halskette wird mit einer 2-Jahres-Garantie, einer Einkaufstasche und einer offiziellen Mad\u00ec-Box geliefert.<\/p>\n","protected":false},"excerpt":{"rendered":"<p>Halskette mit zwei Anh\u00e4ngern, einfach, aber auffallend.<\/p>\n","protected":false},"featured_media":110825,"comment_status":"open","ping_status":"closed","template":"","meta":[],"product_brand":[203],"product_cat":[5951],"product_tag":[],"class_list":{"0":"post-110815","1":"product","2":"type-product","3":"status-publish","4":"has-post-thumbnail","6":"product_brand-madi","7":"product_cat-madi-halsketten","9":"first","10":"instock","11":"sale","12":"taxable","13":"shipping-taxable","14":"purchasable","15":"product-type-simple"},"exclude_global_add_ons":[],"addons":[],"df_price":107.55,"df_sale_price":107.55,"df_regular_price":119.5,"df_image_link":"https:\/\/cdn02.fabioferro.eu\/wp-content\/uploads\/collana-madi-pesca-chiaro-38840.jpg","_links":{"self":[{"href":"https:\/\/www.fabioferro.eu\/de\/wp-json\/wp\/v2\/product\/110815","targetHints":{"allow":["GET"]}}],"collection":[{"href":"https:\/\/www.fabioferro.eu\/de\/wp-json\/wp\/v2\/product"}],"about":[{"href":"https:\/\/www.fabioferro.eu\/de\/wp-json\/wp\/v2\/types\/product"}],"replies":[{"embeddable":true,"href":"https:\/\/www.fabioferro.eu\/de\/wp-json\/wp\/v2\/comments?post=110815"}],"version-history":[{"count":0,"href":"https:\/\/www.fabioferro.eu\/de\/wp-json\/wp\/v2\/product\/110815\/revisions"}],"wp:featuredmedia":[{"embeddable":true,"href":"https:\/\/www.fabioferro.eu\/de\/wp-json\/wp\/v2\/media\/110825"}],"wp:attachment":[{"href":"https:\/\/www.fabioferro.eu\/de\/wp-json\/wp\/v2\/media?parent=110815"}],"wp:term":[{"taxonomy":"product_brand","embeddable":true,"href":"https:\/\/www.fabioferro.eu\/de\/wp-json\/wp\/v2\/product_brand?post=110815"},{"taxonomy":"product_cat","embeddable":true,"href":"https:\/\/www.fabioferro.eu\/de\/wp-json\/wp\/v2\/product_cat?post=110815"},{"taxonomy":"product_tag","embeddable":true,"href":"https:\/\/www.fabioferro.eu\/de\/wp-json\/wp\/v2\/product_tag?post=110815"}],"curies":[{"name":"wp","href":"https:\/\/api.w.org\/{rel}","templated":true}]}}