{"id":110829,"date":"2022-12-16T19:08:46","date_gmt":"2022-12-16T18:08:46","guid":{"rendered":"https:\/\/www.fabioferro.eu\/madi-laguna-tropfenhalskette-mit-flieder-und-rosenquarz.html"},"modified":"2025-04-11T19:06:47","modified_gmt":"2025-04-11T17:06:47","slug":"madi-laguna-tropfenhalskette-mit-flieder-und-rosenquarz","status":"publish","type":"product","link":"https:\/\/www.fabioferro.eu\/de\/madi-laguna-tropfenhalskette-mit-flieder-und-rosenquarz.html","title":{"rendered":"Madi Laguna Tropfenhalskette mit Flieder und Rosenquarz"},"content":{"rendered":"<p>Halskette aus ros\u00e9-vergoldetem Sterlingsilber. Abwechselnd gibt es sechs hydrothermale Quarze in zwei verschiedenen Gr\u00f6\u00dfen. Die gr\u00f6\u00dferen Quarze sind rosafarben und wechseln sich mit den kleineren lilafarbenen Quarzen ab. Die L\u00e4nge ist dank der Ringe am Ende von 44 bis 48 cm verstellbar. Handgefertigt, Hergestellt in Italien. Sicherer und zuverl\u00e4ssiger Karabinerhakenverschluss. Die Halskette wird mit einer offiziellen Mad\u00ec-Box, 2 Jahren Garantie und einer Einkaufstasche geliefert.<\/p>\n","protected":false},"excerpt":{"rendered":"<p>Kombinieren Sie diese Kette mit einem Armband oder Ohrringen aus der gleichen Kollektion in zartem Rosa\/Lila.<\/p>\n","protected":false},"featured_media":110841,"comment_status":"open","ping_status":"closed","template":"","meta":[],"product_brand":[203],"product_cat":[5951],"product_tag":[],"class_list":{"0":"post-110829","1":"product","2":"type-product","3":"status-publish","4":"has-post-thumbnail","6":"product_brand-madi","7":"product_cat-madi-halsketten","9":"first","10":"instock","11":"sale","12":"taxable","13":"shipping-taxable","14":"purchasable","15":"product-type-simple"},"exclude_global_add_ons":[],"addons":[],"df_price":188.1,"df_sale_price":188.1,"df_regular_price":209,"df_image_link":"https:\/\/cdn02.fabioferro.eu\/wp-content\/uploads\/collana-madi-laguna-goccia-rosa-lilla-38930.jpg","_links":{"self":[{"href":"https:\/\/www.fabioferro.eu\/de\/wp-json\/wp\/v2\/product\/110829","targetHints":{"allow":["GET"]}}],"collection":[{"href":"https:\/\/www.fabioferro.eu\/de\/wp-json\/wp\/v2\/product"}],"about":[{"href":"https:\/\/www.fabioferro.eu\/de\/wp-json\/wp\/v2\/types\/product"}],"replies":[{"embeddable":true,"href":"https:\/\/www.fabioferro.eu\/de\/wp-json\/wp\/v2\/comments?post=110829"}],"version-history":[{"count":0,"href":"https:\/\/www.fabioferro.eu\/de\/wp-json\/wp\/v2\/product\/110829\/revisions"}],"wp:featuredmedia":[{"embeddable":true,"href":"https:\/\/www.fabioferro.eu\/de\/wp-json\/wp\/v2\/media\/110841"}],"wp:attachment":[{"href":"https:\/\/www.fabioferro.eu\/de\/wp-json\/wp\/v2\/media?parent=110829"}],"wp:term":[{"taxonomy":"product_brand","embeddable":true,"href":"https:\/\/www.fabioferro.eu\/de\/wp-json\/wp\/v2\/product_brand?post=110829"},{"taxonomy":"product_cat","embeddable":true,"href":"https:\/\/www.fabioferro.eu\/de\/wp-json\/wp\/v2\/product_cat?post=110829"},{"taxonomy":"product_tag","embeddable":true,"href":"https:\/\/www.fabioferro.eu\/de\/wp-json\/wp\/v2\/product_tag?post=110829"}],"curies":[{"name":"wp","href":"https:\/\/api.w.org\/{rel}","templated":true}]}}