{"id":110831,"date":"2022-12-16T19:03:19","date_gmt":"2022-12-16T18:03:19","guid":{"rendered":"https:\/\/www.fabioferro.eu\/madi-laguna-tropfen-anhaenger-halskette-mit-blauem-quarz.html"},"modified":"2024-09-06T16:36:25","modified_gmt":"2024-09-06T14:36:25","slug":"madi-laguna-tropfen-anhaenger-halskette-mit-blauem-quarz","status":"publish","type":"product","link":"https:\/\/www.fabioferro.eu\/de\/madi-laguna-tropfen-anhaenger-halskette-mit-blauem-quarz.html","title":{"rendered":"Madi Laguna Tropfen-Anh\u00e4nger-Halskette mit blauem Quarz"},"content":{"rendered":"<p>Halskette aus ros\u00e9-vergoldetem Sterlingsilber. Bei den Anh\u00e4ngern handelt es sich um zwei hydrothermale Quarze in verschiedenen Gr\u00f6\u00dfen und Farben: Eis und Blau. Die Kette hat eine Gesamtl\u00e4nge von 42 cm, wobei die beiden Anh\u00e4nger 3,5 cm tief sind. Handgefertigt, hergestellt in Italien. Verschluss mit sicherem und praktischem Karabinerhaken. Die Halskette wird mit einer 2-Jahres-Garantie, einer Einkaufstasche und einer offiziellen Mad\u00ec-Box geliefert.<\/p>\n","protected":false},"excerpt":{"rendered":"<p>Zwei Anh\u00e4nger, die an die Farben des Wassers erinnern. Tropfen sammeln, Einfachheit, die zu schlagen wei\u00df.<\/p>\n","protected":false},"featured_media":110844,"comment_status":"open","ping_status":"closed","template":"","meta":[],"product_brand":[],"product_cat":[5951],"product_tag":[7442],"class_list":{"0":"post-110831","1":"product","2":"type-product","3":"status-publish","4":"has-post-thumbnail","6":"product_cat-madi-halsketten","7":"product_tag-verfugbar","9":"first","10":"instock","11":"sale","12":"taxable","13":"shipping-taxable","14":"purchasable","15":"product-type-simple"},"exclude_global_add_ons":[],"addons":[],"df_price":106.2,"df_sale_price":106.2,"df_regular_price":118,"df_image_link":"https:\/\/cdn02.fabioferro.eu\/wp-content\/uploads\/collana-madi-pendente-goccia-azzurro-38976.jpg","_links":{"self":[{"href":"https:\/\/www.fabioferro.eu\/de\/wp-json\/wp\/v2\/product\/110831","targetHints":{"allow":["GET"]}}],"collection":[{"href":"https:\/\/www.fabioferro.eu\/de\/wp-json\/wp\/v2\/product"}],"about":[{"href":"https:\/\/www.fabioferro.eu\/de\/wp-json\/wp\/v2\/types\/product"}],"replies":[{"embeddable":true,"href":"https:\/\/www.fabioferro.eu\/de\/wp-json\/wp\/v2\/comments?post=110831"}],"version-history":[{"count":0,"href":"https:\/\/www.fabioferro.eu\/de\/wp-json\/wp\/v2\/product\/110831\/revisions"}],"wp:featuredmedia":[{"embeddable":true,"href":"https:\/\/www.fabioferro.eu\/de\/wp-json\/wp\/v2\/media\/110844"}],"wp:attachment":[{"href":"https:\/\/www.fabioferro.eu\/de\/wp-json\/wp\/v2\/media?parent=110831"}],"wp:term":[{"taxonomy":"product_brand","embeddable":true,"href":"https:\/\/www.fabioferro.eu\/de\/wp-json\/wp\/v2\/product_brand?post=110831"},{"taxonomy":"product_cat","embeddable":true,"href":"https:\/\/www.fabioferro.eu\/de\/wp-json\/wp\/v2\/product_cat?post=110831"},{"taxonomy":"product_tag","embeddable":true,"href":"https:\/\/www.fabioferro.eu\/de\/wp-json\/wp\/v2\/product_tag?post=110831"}],"curies":[{"name":"wp","href":"https:\/\/api.w.org\/{rel}","templated":true}]}}