{"id":110849,"date":"2022-12-16T18:53:17","date_gmt":"2022-12-16T17:53:17","guid":{"rendered":"https:\/\/www.fabioferro.eu\/madi-laguna-oliva-feste-ohrringe-mit-gruenem-hydrothermalquarz.html"},"modified":"2024-09-06T16:35:57","modified_gmt":"2024-09-06T14:35:57","slug":"madi-laguna-oliva-feste-ohrringe-mit-gruenem-hydrothermalquarz","status":"publish","type":"product","link":"https:\/\/www.fabioferro.eu\/de\/madi-laguna-oliva-feste-ohrringe-mit-gruenem-hydrothermalquarz.html","title":{"rendered":"Madi Laguna Oliva Feste Ohrringe mit gr\u00fcnem Hydrothermalquarz"},"content":{"rendered":"<p>Das Hauptmaterial dieser Ohrringe ist ros\u00e9vergoldetes 925er Silber. Auf jedem Edelstein befindet sich ein einzelner hydrothermaler Quarz von gro\u00dfer Gr\u00f6\u00dfe und dunkelgr\u00fcner Farbe. Handgefertigt, hergestellt in Italien. Bequemer Clip-Verschluss. Wird mit 2 Jahren Garantie, offizieller Mad\u00ec-Box und Einkaufstasche geliefert.<\/p>\n","protected":false},"excerpt":{"rendered":"<p>Auff\u00e4llige Ohrringe dank des gro\u00dfen, tiefgr\u00fcnen Quarzes. Das Gef\u00fchl, immer im Mittelpunkt zu stehen.<\/p>\n","protected":false},"featured_media":110868,"comment_status":"open","ping_status":"closed","template":"","meta":[],"product_brand":[],"product_cat":[5921],"product_tag":[],"class_list":{"0":"post-110849","1":"product","2":"type-product","3":"status-publish","4":"has-post-thumbnail","6":"product_cat-madi-ohrringe","8":"first","9":"instock","10":"sale","11":"taxable","12":"shipping-taxable","13":"purchasable","14":"product-type-simple"},"exclude_global_add_ons":[],"addons":[],"df_price":140.4,"df_sale_price":140.4,"df_regular_price":156,"df_image_link":"https:\/\/cdn02.fabioferro.eu\/wp-content\/uploads\/orecchini-madi-fissi-al-lobo-oliva-38989.jpg","_links":{"self":[{"href":"https:\/\/www.fabioferro.eu\/de\/wp-json\/wp\/v2\/product\/110849","targetHints":{"allow":["GET"]}}],"collection":[{"href":"https:\/\/www.fabioferro.eu\/de\/wp-json\/wp\/v2\/product"}],"about":[{"href":"https:\/\/www.fabioferro.eu\/de\/wp-json\/wp\/v2\/types\/product"}],"replies":[{"embeddable":true,"href":"https:\/\/www.fabioferro.eu\/de\/wp-json\/wp\/v2\/comments?post=110849"}],"version-history":[{"count":0,"href":"https:\/\/www.fabioferro.eu\/de\/wp-json\/wp\/v2\/product\/110849\/revisions"}],"wp:featuredmedia":[{"embeddable":true,"href":"https:\/\/www.fabioferro.eu\/de\/wp-json\/wp\/v2\/media\/110868"}],"wp:attachment":[{"href":"https:\/\/www.fabioferro.eu\/de\/wp-json\/wp\/v2\/media?parent=110849"}],"wp:term":[{"taxonomy":"product_brand","embeddable":true,"href":"https:\/\/www.fabioferro.eu\/de\/wp-json\/wp\/v2\/product_brand?post=110849"},{"taxonomy":"product_cat","embeddable":true,"href":"https:\/\/www.fabioferro.eu\/de\/wp-json\/wp\/v2\/product_cat?post=110849"},{"taxonomy":"product_tag","embeddable":true,"href":"https:\/\/www.fabioferro.eu\/de\/wp-json\/wp\/v2\/product_tag?post=110849"}],"curies":[{"name":"wp","href":"https:\/\/api.w.org\/{rel}","templated":true}]}}