{"id":110855,"date":"2022-12-16T18:59:11","date_gmt":"2022-12-16T17:59:11","guid":{"rendered":"https:\/\/www.fabioferro.eu\/madi-laguna-drop-anhaenger-halskette-mit-hydrothermalquarz-flieder.html"},"modified":"2024-10-03T12:07:46","modified_gmt":"2024-10-03T10:07:46","slug":"madi-laguna-drop-anhaenger-halskette-mit-hydrothermalquarz-flieder","status":"publish","type":"product","link":"https:\/\/www.fabioferro.eu\/de\/madi-laguna-drop-anhaenger-halskette-mit-hydrothermalquarz-flieder.html","title":{"rendered":"Madi Laguna Drop Anh\u00e4nger Halskette mit Hydrothermalquarz Flieder"},"content":{"rendered":"<p>Halskette aus ros\u00e9-vergoldetem Sterlingsilber. Zwei Anh\u00e4nger mit hydrothermalem Quarz von unterschiedlicher Gr\u00f6\u00dfe und Farbe. Die kleinste ist rosa, w\u00e4hrend die gr\u00f6\u00dfte und auff\u00e4lligste lila ist. Die L\u00e4nge der Halskette betr\u00e4gt insgesamt 42 cm, wobei die Anh\u00e4ngerteile 3,5 cm abfallen. Handgefertigt, hergestellt in Italien. Der Verschluss der Kette ist mit einem Karabinerhaken gesichert. Halskette mit 2 Jahren Garantie, Einkaufstasche und offizieller Mad\u00ec-Box.<\/p>\n","protected":false},"excerpt":{"rendered":"<p>Halskette, die dank der beiden fliederfarbenen und rosa Quarze ihre ganze Weiblichkeit entfesselt.<\/p>\n","protected":false},"featured_media":110869,"comment_status":"open","ping_status":"closed","template":"","meta":[],"product_brand":[],"product_cat":[5951],"product_tag":[7442],"class_list":{"0":"post-110855","1":"product","2":"type-product","3":"status-publish","4":"has-post-thumbnail","6":"product_cat-madi-halsketten","7":"product_tag-verfugbar","9":"first","10":"instock","11":"sale","12":"taxable","13":"shipping-taxable","14":"purchasable","15":"product-type-simple"},"exclude_global_add_ons":[],"addons":[],"df_price":106.2,"df_sale_price":106.2,"df_regular_price":118,"df_image_link":"https:\/\/cdn02.fabioferro.eu\/wp-content\/uploads\/collana-madi-laguna-goccia-rosa-lilla-38924.jpg","_links":{"self":[{"href":"https:\/\/www.fabioferro.eu\/de\/wp-json\/wp\/v2\/product\/110855","targetHints":{"allow":["GET"]}}],"collection":[{"href":"https:\/\/www.fabioferro.eu\/de\/wp-json\/wp\/v2\/product"}],"about":[{"href":"https:\/\/www.fabioferro.eu\/de\/wp-json\/wp\/v2\/types\/product"}],"replies":[{"embeddable":true,"href":"https:\/\/www.fabioferro.eu\/de\/wp-json\/wp\/v2\/comments?post=110855"}],"version-history":[{"count":0,"href":"https:\/\/www.fabioferro.eu\/de\/wp-json\/wp\/v2\/product\/110855\/revisions"}],"wp:featuredmedia":[{"embeddable":true,"href":"https:\/\/www.fabioferro.eu\/de\/wp-json\/wp\/v2\/media\/110869"}],"wp:attachment":[{"href":"https:\/\/www.fabioferro.eu\/de\/wp-json\/wp\/v2\/media?parent=110855"}],"wp:term":[{"taxonomy":"product_brand","embeddable":true,"href":"https:\/\/www.fabioferro.eu\/de\/wp-json\/wp\/v2\/product_brand?post=110855"},{"taxonomy":"product_cat","embeddable":true,"href":"https:\/\/www.fabioferro.eu\/de\/wp-json\/wp\/v2\/product_cat?post=110855"},{"taxonomy":"product_tag","embeddable":true,"href":"https:\/\/www.fabioferro.eu\/de\/wp-json\/wp\/v2\/product_tag?post=110855"}],"curies":[{"name":"wp","href":"https:\/\/api.w.org\/{rel}","templated":true}]}}