{"id":110880,"date":"2022-12-16T18:53:22","date_gmt":"2022-12-16T17:53:22","guid":{"rendered":"https:\/\/www.fabioferro.eu\/madi-laguna-pfirsichquarz-ohrringe.html"},"modified":"2024-10-17T18:08:17","modified_gmt":"2024-10-17T16:08:17","slug":"madi-laguna-pfirsichquarz-ohrringe","status":"publish","type":"product","link":"https:\/\/www.fabioferro.eu\/de\/madi-laguna-pfirsichquarz-ohrringe.html","title":{"rendered":"Madi Laguna Pfirsichquarz-Ohrringe"},"content":{"rendered":"<p>Ein Paar Anh\u00e4nger aus ros\u00e9vergoldetem 925er Silber mit zwei \u00f6kologischen pfirsichfarbenen Quarzsteinen im Rundschliff. Handgefertigt, Made in Italy. Einfacher und praktischer Klickverschluss. Die Ohrringe werden mit Einkaufstasche, offizieller Mad\u00ec-Box und 2 Jahren Garantie geliefert.<\/p>\n","protected":false},"excerpt":{"rendered":"<p>Sch\u00f6ne Ohrringe aus der Kollektion Pesca von Mad\u00ec. Einfach, aber gleichzeitig voller Charakter.<\/p>\n","protected":false},"featured_media":110889,"comment_status":"open","ping_status":"closed","template":"","meta":[],"product_brand":[],"product_cat":[5921],"product_tag":[7442],"class_list":{"0":"post-110880","1":"product","2":"type-product","3":"status-publish","4":"has-post-thumbnail","6":"product_cat-madi-ohrringe","7":"product_tag-verfugbar","9":"first","10":"outofstock","11":"sale","12":"taxable","13":"shipping-taxable","14":"purchasable","15":"product-type-simple"},"exclude_global_add_ons":[],"addons":[],"df_price":116.55,"df_sale_price":116.55,"df_regular_price":129.5,"df_image_link":"https:\/\/cdn02.fabioferro.eu\/wp-content\/uploads\/orecchini-madi-pesca-champagne-38721.jpg","_links":{"self":[{"href":"https:\/\/www.fabioferro.eu\/de\/wp-json\/wp\/v2\/product\/110880","targetHints":{"allow":["GET"]}}],"collection":[{"href":"https:\/\/www.fabioferro.eu\/de\/wp-json\/wp\/v2\/product"}],"about":[{"href":"https:\/\/www.fabioferro.eu\/de\/wp-json\/wp\/v2\/types\/product"}],"replies":[{"embeddable":true,"href":"https:\/\/www.fabioferro.eu\/de\/wp-json\/wp\/v2\/comments?post=110880"}],"version-history":[{"count":0,"href":"https:\/\/www.fabioferro.eu\/de\/wp-json\/wp\/v2\/product\/110880\/revisions"}],"wp:featuredmedia":[{"embeddable":true,"href":"https:\/\/www.fabioferro.eu\/de\/wp-json\/wp\/v2\/media\/110889"}],"wp:attachment":[{"href":"https:\/\/www.fabioferro.eu\/de\/wp-json\/wp\/v2\/media?parent=110880"}],"wp:term":[{"taxonomy":"product_brand","embeddable":true,"href":"https:\/\/www.fabioferro.eu\/de\/wp-json\/wp\/v2\/product_brand?post=110880"},{"taxonomy":"product_cat","embeddable":true,"href":"https:\/\/www.fabioferro.eu\/de\/wp-json\/wp\/v2\/product_cat?post=110880"},{"taxonomy":"product_tag","embeddable":true,"href":"https:\/\/www.fabioferro.eu\/de\/wp-json\/wp\/v2\/product_tag?post=110880"}],"curies":[{"name":"wp","href":"https:\/\/api.w.org\/{rel}","templated":true}]}}