{"id":110882,"date":"2022-12-16T18:59:09","date_gmt":"2022-12-16T17:59:09","guid":{"rendered":"https:\/\/www.fabioferro.eu\/madi-laguna-oliva-halskette-mit-acht-farbigen-steinen.html"},"modified":"2024-10-17T18:08:26","modified_gmt":"2024-10-17T16:08:26","slug":"madi-laguna-oliva-halskette-mit-acht-farbigen-steinen","status":"publish","type":"product","link":"https:\/\/www.fabioferro.eu\/de\/madi-laguna-oliva-halskette-mit-acht-farbigen-steinen.html","title":{"rendered":"Madi Laguna Oliva Halskette mit acht farbigen Steinen"},"content":{"rendered":"<p>Halskette aus 925er ros\u00e9vergoldetem Silber mit 8 hydrothermalen Quarzsteinen in verschiedenen Formen und Farben, haupts\u00e4chlich gr\u00fcn und elfenbeinfarben. Eine Gr\u00f6\u00dfe von 90 cm, die auch mit einer doppelten Schlaufe getragen werden kann. Handgefertigt, Made in Italy. Verschluss mit zuverl\u00e4ssigem, verstellbarem Karabinerhaken. Wird mit Einkaufstasche, offizieller Mad\u00ec-Box und 2 Jahren Garantie geliefert.<\/p>\n","protected":false},"excerpt":{"rendered":"<p>In diesem Schmuckst\u00fcck hat Mad\u00ec gekonnt mit den verschiedenen Schliffen und Farben des Quarzes gespielt.<\/p>\n","protected":false},"featured_media":110892,"comment_status":"open","ping_status":"closed","template":"","meta":[],"product_brand":[],"product_cat":[5951],"product_tag":[],"class_list":{"0":"post-110882","1":"product","2":"type-product","3":"status-publish","4":"has-post-thumbnail","6":"product_cat-madi-halsketten","8":"first","9":"instock","10":"sale","11":"taxable","12":"shipping-taxable","13":"purchasable","14":"product-type-simple"},"exclude_global_add_ons":[],"addons":[],"df_price":242.1,"df_sale_price":242.1,"df_regular_price":269,"df_image_link":"https:\/\/cdn02.fabioferro.eu\/wp-content\/uploads\/collana-madi-lunga-oliva-38988.jpg","_links":{"self":[{"href":"https:\/\/www.fabioferro.eu\/de\/wp-json\/wp\/v2\/product\/110882","targetHints":{"allow":["GET"]}}],"collection":[{"href":"https:\/\/www.fabioferro.eu\/de\/wp-json\/wp\/v2\/product"}],"about":[{"href":"https:\/\/www.fabioferro.eu\/de\/wp-json\/wp\/v2\/types\/product"}],"replies":[{"embeddable":true,"href":"https:\/\/www.fabioferro.eu\/de\/wp-json\/wp\/v2\/comments?post=110882"}],"version-history":[{"count":0,"href":"https:\/\/www.fabioferro.eu\/de\/wp-json\/wp\/v2\/product\/110882\/revisions"}],"wp:featuredmedia":[{"embeddable":true,"href":"https:\/\/www.fabioferro.eu\/de\/wp-json\/wp\/v2\/media\/110892"}],"wp:attachment":[{"href":"https:\/\/www.fabioferro.eu\/de\/wp-json\/wp\/v2\/media?parent=110882"}],"wp:term":[{"taxonomy":"product_brand","embeddable":true,"href":"https:\/\/www.fabioferro.eu\/de\/wp-json\/wp\/v2\/product_brand?post=110882"},{"taxonomy":"product_cat","embeddable":true,"href":"https:\/\/www.fabioferro.eu\/de\/wp-json\/wp\/v2\/product_cat?post=110882"},{"taxonomy":"product_tag","embeddable":true,"href":"https:\/\/www.fabioferro.eu\/de\/wp-json\/wp\/v2\/product_tag?post=110882"}],"curies":[{"name":"wp","href":"https:\/\/api.w.org\/{rel}","templated":true}]}}