{"id":110883,"date":"2022-12-16T19:03:21","date_gmt":"2022-12-16T18:03:21","guid":{"rendered":"https:\/\/www.fabioferro.eu\/madi-laguna-pesca-ohrringe-mit-eis-und-rauchgrauem-quarz.html"},"modified":"2024-09-06T16:36:29","modified_gmt":"2024-09-06T14:36:29","slug":"madi-laguna-pesca-ohrringe-mit-eis-und-rauchgrauem-quarz","status":"publish","type":"product","link":"https:\/\/www.fabioferro.eu\/de\/madi-laguna-pesca-ohrringe-mit-eis-und-rauchgrauem-quarz.html","title":{"rendered":"Madi Laguna Pesca Ohrringe mit eis- und rauchgrauem Quarz"},"content":{"rendered":"<p>Das Hauptmaterial dieses Paares von Ohrh\u00e4ngern ist ros\u00e9farbenes 925er Silber. Eingebettet sind zwei \u00f6kologische Quarzsteine in zwei verschiedenen Farben: Eis und Rauchgrau. Handgefertigt, hergestellt in Italien. Bequemer und sicherer Klickverschluss. Die Ohrringe werden mit 2 Jahren Garantie und offizieller Mad\u00ec-Box geliefert.<\/p>\n","protected":false},"excerpt":{"rendered":"<p>Zwei wundersch\u00f6ne Schmuckst\u00fccke, die an den Lappen jeder Frau h\u00e4ngen. Kombinieren Sie sie mit einer Halskette oder einem Armband in der gleichen Farbe.<\/p>\n","protected":false},"featured_media":110894,"comment_status":"open","ping_status":"closed","template":"","meta":[],"product_brand":[],"product_cat":[5921],"product_tag":[],"class_list":{"0":"post-110883","1":"product","2":"type-product","3":"status-publish","4":"has-post-thumbnail","6":"product_cat-madi-ohrringe","8":"first","9":"instock","10":"sale","11":"taxable","12":"shipping-taxable","13":"purchasable","14":"product-type-simple"},"exclude_global_add_ons":[],"addons":[],"df_price":134.55,"df_sale_price":134.55,"df_regular_price":149.5,"df_image_link":"https:\/\/cdn02.fabioferro.eu\/wp-content\/uploads\/orecchini-madi-pesca-chiari-38838.jpg","_links":{"self":[{"href":"https:\/\/www.fabioferro.eu\/de\/wp-json\/wp\/v2\/product\/110883","targetHints":{"allow":["GET"]}}],"collection":[{"href":"https:\/\/www.fabioferro.eu\/de\/wp-json\/wp\/v2\/product"}],"about":[{"href":"https:\/\/www.fabioferro.eu\/de\/wp-json\/wp\/v2\/types\/product"}],"replies":[{"embeddable":true,"href":"https:\/\/www.fabioferro.eu\/de\/wp-json\/wp\/v2\/comments?post=110883"}],"version-history":[{"count":0,"href":"https:\/\/www.fabioferro.eu\/de\/wp-json\/wp\/v2\/product\/110883\/revisions"}],"wp:featuredmedia":[{"embeddable":true,"href":"https:\/\/www.fabioferro.eu\/de\/wp-json\/wp\/v2\/media\/110894"}],"wp:attachment":[{"href":"https:\/\/www.fabioferro.eu\/de\/wp-json\/wp\/v2\/media?parent=110883"}],"wp:term":[{"taxonomy":"product_brand","embeddable":true,"href":"https:\/\/www.fabioferro.eu\/de\/wp-json\/wp\/v2\/product_brand?post=110883"},{"taxonomy":"product_cat","embeddable":true,"href":"https:\/\/www.fabioferro.eu\/de\/wp-json\/wp\/v2\/product_cat?post=110883"},{"taxonomy":"product_tag","embeddable":true,"href":"https:\/\/www.fabioferro.eu\/de\/wp-json\/wp\/v2\/product_tag?post=110883"}],"curies":[{"name":"wp","href":"https:\/\/api.w.org\/{rel}","templated":true}]}}