{"id":110884,"date":"2022-12-16T19:08:49","date_gmt":"2022-12-16T18:08:49","guid":{"rendered":"https:\/\/www.fabioferro.eu\/madi-laguna-tropfenohrringe-mit-flieder-und-rosenquarz.html"},"modified":"2025-06-06T16:14:09","modified_gmt":"2025-06-06T14:14:09","slug":"madi-laguna-tropfenohrringe-mit-flieder-und-rosenquarz","status":"publish","type":"product","link":"https:\/\/www.fabioferro.eu\/de\/madi-laguna-tropfenohrringe-mit-flieder-und-rosenquarz.html","title":{"rendered":"Madi Laguna Tropfenohrringe mit Flieder und Rosenquarz"},"content":{"rendered":"<p>Ohrringe aus ros\u00e9vergoldetem 925er Silber. Die Anh\u00e4nger bestehen aus zwei hydrothermalen Quarzen in verschiedenen Gr\u00f6\u00dfen und Farben: rosa und lila. Handgefertigter Schmuck, Made in Italy. Einfacher und sicherer Klickverschluss. Die Ohrringe werden mit der offiziellen Mad\u00ec Box, einer Einkaufstasche und 2 Jahren Garantie geliefert.<\/p>\n","protected":false},"excerpt":{"rendered":"<p>Ein Paar Ohrringe, die die Leuchtkraft von Lila und Rosa verstr\u00f6men.<\/p>\n","protected":false},"featured_media":110895,"comment_status":"open","ping_status":"closed","template":"","meta":[],"product_brand":[203],"product_cat":[5921],"product_tag":[7442],"class_list":{"0":"post-110884","1":"product","2":"type-product","3":"status-publish","4":"has-post-thumbnail","6":"product_brand-madi","7":"product_cat-madi-ohrringe","8":"product_tag-verfugbar","10":"first","11":"instock","12":"sale","13":"taxable","14":"shipping-taxable","15":"purchasable","16":"product-type-simple"},"exclude_global_add_ons":[],"addons":[],"df_price":134.55,"df_sale_price":134.55,"df_regular_price":149.5,"df_image_link":"https:\/\/cdn02.fabioferro.eu\/wp-content\/uploads\/orecchini-madi-goccia-lilla-rosa-38923.jpg","_links":{"self":[{"href":"https:\/\/www.fabioferro.eu\/de\/wp-json\/wp\/v2\/product\/110884","targetHints":{"allow":["GET"]}}],"collection":[{"href":"https:\/\/www.fabioferro.eu\/de\/wp-json\/wp\/v2\/product"}],"about":[{"href":"https:\/\/www.fabioferro.eu\/de\/wp-json\/wp\/v2\/types\/product"}],"replies":[{"embeddable":true,"href":"https:\/\/www.fabioferro.eu\/de\/wp-json\/wp\/v2\/comments?post=110884"}],"version-history":[{"count":0,"href":"https:\/\/www.fabioferro.eu\/de\/wp-json\/wp\/v2\/product\/110884\/revisions"}],"wp:featuredmedia":[{"embeddable":true,"href":"https:\/\/www.fabioferro.eu\/de\/wp-json\/wp\/v2\/media\/110895"}],"wp:attachment":[{"href":"https:\/\/www.fabioferro.eu\/de\/wp-json\/wp\/v2\/media?parent=110884"}],"wp:term":[{"taxonomy":"product_brand","embeddable":true,"href":"https:\/\/www.fabioferro.eu\/de\/wp-json\/wp\/v2\/product_brand?post=110884"},{"taxonomy":"product_cat","embeddable":true,"href":"https:\/\/www.fabioferro.eu\/de\/wp-json\/wp\/v2\/product_cat?post=110884"},{"taxonomy":"product_tag","embeddable":true,"href":"https:\/\/www.fabioferro.eu\/de\/wp-json\/wp\/v2\/product_tag?post=110884"}],"curies":[{"name":"wp","href":"https:\/\/api.w.org\/{rel}","templated":true}]}}