{"id":110912,"date":"2022-12-16T18:53:01","date_gmt":"2022-12-16T17:53:01","guid":{"rendered":"https:\/\/www.fabioferro.eu\/madi-laguna-armband-tropfen-mit-vier-farbigen-quarzen.html"},"modified":"2024-10-03T17:08:49","modified_gmt":"2024-10-03T15:08:49","slug":"madi-laguna-armband-tropfen-mit-vier-farbigen-quarzen","status":"publish","type":"product","link":"https:\/\/www.fabioferro.eu\/de\/madi-laguna-armband-tropfen-mit-vier-farbigen-quarzen.html","title":{"rendered":"Madi Laguna Armband Tropfen mit vier farbigen Quarzen"},"content":{"rendered":"<p>Armband aus ros\u00e9vergoldetem Sterlingsilber. Er hat vier hydrothermale Quarze in verschiedenen Farben: rosa, lila, eis- und blaugr\u00fcn. Die Gr\u00f6\u00dfe kann dank der Endringe zwischen 17 cm und 21 cm eingestellt werden. Handgefertigter Schmuck, hergestellt in Italien. Sicherer Karabinerhakenverschluss. Das Armband wird mit einer 2-Jahres-Garantie, einer Einkaufstasche und einer offiziellen Mad\u00ec-Box geliefert.<\/p>\n","protected":false},"excerpt":{"rendered":"<p>Vier bunte Tropfen jagen sich gegenseitig in diesem wundersch\u00f6nen Mad\u00ec-Schmuckst\u00fcck.<\/p>\n","protected":false},"featured_media":110918,"comment_status":"open","ping_status":"closed","template":"","meta":[],"product_brand":[],"product_cat":[5954],"product_tag":[],"class_list":{"0":"post-110912","1":"product","2":"type-product","3":"status-publish","4":"has-post-thumbnail","6":"product_cat-madi-armbander","8":"first","9":"instock","10":"sale","11":"taxable","12":"shipping-taxable","13":"purchasable","14":"product-type-simple"},"exclude_global_add_ons":[],"addons":[],"df_price":152.1,"df_sale_price":152.1,"df_regular_price":169,"df_image_link":"https:\/\/cdn02.fabioferro.eu\/wp-content\/uploads\/bracciale-madi-laguna-goccia-rosa-lilla-verde-38928.jpg","_links":{"self":[{"href":"https:\/\/www.fabioferro.eu\/de\/wp-json\/wp\/v2\/product\/110912","targetHints":{"allow":["GET"]}}],"collection":[{"href":"https:\/\/www.fabioferro.eu\/de\/wp-json\/wp\/v2\/product"}],"about":[{"href":"https:\/\/www.fabioferro.eu\/de\/wp-json\/wp\/v2\/types\/product"}],"replies":[{"embeddable":true,"href":"https:\/\/www.fabioferro.eu\/de\/wp-json\/wp\/v2\/comments?post=110912"}],"version-history":[{"count":0,"href":"https:\/\/www.fabioferro.eu\/de\/wp-json\/wp\/v2\/product\/110912\/revisions"}],"wp:featuredmedia":[{"embeddable":true,"href":"https:\/\/www.fabioferro.eu\/de\/wp-json\/wp\/v2\/media\/110918"}],"wp:attachment":[{"href":"https:\/\/www.fabioferro.eu\/de\/wp-json\/wp\/v2\/media?parent=110912"}],"wp:term":[{"taxonomy":"product_brand","embeddable":true,"href":"https:\/\/www.fabioferro.eu\/de\/wp-json\/wp\/v2\/product_brand?post=110912"},{"taxonomy":"product_cat","embeddable":true,"href":"https:\/\/www.fabioferro.eu\/de\/wp-json\/wp\/v2\/product_cat?post=110912"},{"taxonomy":"product_tag","embeddable":true,"href":"https:\/\/www.fabioferro.eu\/de\/wp-json\/wp\/v2\/product_tag?post=110912"}],"curies":[{"name":"wp","href":"https:\/\/api.w.org\/{rel}","templated":true}]}}