{"id":110935,"date":"2022-12-12T10:57:12","date_gmt":"2022-12-12T09:57:12","guid":{"rendered":"https:\/\/www.fabioferro.eu\/valentina-ferragni-uali-metallic-gruener-ohrring.html"},"modified":"2024-09-18T17:19:47","modified_gmt":"2024-09-18T15:19:47","slug":"valentina-ferragni-uali-metallic-gruener-ohrring","status":"publish","type":"product","link":"https:\/\/www.fabioferro.eu\/de\/valentina-ferragni-uali-metallic-gruener-ohrring.html","title":{"rendered":"Valentina Ferragni Uali Metallic Gr\u00fcner Ohrring"},"content":{"rendered":"<p>Einzelner Ohrring aus Sterlingsilber mit Platinbeschichtung und gr\u00fcner Metallic-Beschichtung. Oben mit Zirkonen besetzt. Der obere Kreis hat einen Durchmesser von 1 cm. Der Anh\u00e4nger ist 2,4 cm lang. Das Gesamtgewicht des Schmuckst\u00fccks betr\u00e4gt 3,4 g. Nickelfrei. Handgefertigt in Italien. Mit Garantie und offizieller Valentina Ferragni Verpackung.<\/p>\n","protected":false},"excerpt":{"rendered":"<p>Ein extravagantes Gr\u00fcn, das bei jeder Gelegenheit auff\u00e4llt.<\/p>\n","protected":false},"featured_media":110949,"comment_status":"open","ping_status":"closed","template":"","meta":[],"product_brand":[206],"product_cat":[15],"product_tag":[],"class_list":{"0":"post-110935","1":"product","2":"type-product","3":"status-publish","4":"has-post-thumbnail","6":"product_brand-valentina-ferragni-studio","7":"product_cat-senza-categoria","8":"pa_collezione-valentina-ferragni-uali-de","10":"first","11":"outofstock","12":"sale","13":"taxable","14":"shipping-taxable","15":"purchasable","16":"product-type-simple"},"exclude_global_add_ons":[],"addons":[],"df_price":49,"df_sale_price":49,"df_regular_price":98,"df_image_link":"https:\/\/cdn02.fabioferro.eu\/wp-content\/uploads\/orecchino-valentina-ferragni-metallic-green-or-lu10.jpg","_links":{"self":[{"href":"https:\/\/www.fabioferro.eu\/de\/wp-json\/wp\/v2\/product\/110935","targetHints":{"allow":["GET"]}}],"collection":[{"href":"https:\/\/www.fabioferro.eu\/de\/wp-json\/wp\/v2\/product"}],"about":[{"href":"https:\/\/www.fabioferro.eu\/de\/wp-json\/wp\/v2\/types\/product"}],"replies":[{"embeddable":true,"href":"https:\/\/www.fabioferro.eu\/de\/wp-json\/wp\/v2\/comments?post=110935"}],"version-history":[{"count":0,"href":"https:\/\/www.fabioferro.eu\/de\/wp-json\/wp\/v2\/product\/110935\/revisions"}],"wp:featuredmedia":[{"embeddable":true,"href":"https:\/\/www.fabioferro.eu\/de\/wp-json\/wp\/v2\/media\/110949"}],"wp:attachment":[{"href":"https:\/\/www.fabioferro.eu\/de\/wp-json\/wp\/v2\/media?parent=110935"}],"wp:term":[{"taxonomy":"product_brand","embeddable":true,"href":"https:\/\/www.fabioferro.eu\/de\/wp-json\/wp\/v2\/product_brand?post=110935"},{"taxonomy":"product_cat","embeddable":true,"href":"https:\/\/www.fabioferro.eu\/de\/wp-json\/wp\/v2\/product_cat?post=110935"},{"taxonomy":"product_tag","embeddable":true,"href":"https:\/\/www.fabioferro.eu\/de\/wp-json\/wp\/v2\/product_tag?post=110935"}],"curies":[{"name":"wp","href":"https:\/\/api.w.org\/{rel}","templated":true}]}}