{"id":110976,"date":"2022-12-13T14:52:23","date_gmt":"2022-12-13T13:52:23","guid":{"rendered":"https:\/\/www.fabioferro.eu\/madi-blue-lagoon-ohrringe-mit-einzelnem-hydrothermalquarz.html"},"modified":"2024-10-11T17:49:55","modified_gmt":"2024-10-11T15:49:55","slug":"madi-blue-lagoon-ohrringe-mit-einzelnem-hydrothermalquarz","status":"publish","type":"product","link":"https:\/\/www.fabioferro.eu\/de\/madi-blue-lagoon-ohrringe-mit-einzelnem-hydrothermalquarz.html","title":{"rendered":"Madi Blue Lagoon Ohrringe mit einzelnem Hydrothermalquarz"},"content":{"rendered":"<p>Ohrringe aus gl\u00e4nzendem, ros\u00e9farbenem 925er Silber. Jedes Schmuckst\u00fcck besteht aus einem einzelnen blauen \u00f6kologischen Quarz. Handgefertigt, Made in Italy. Einfacher und praktischer Klickverschluss. Die Ohrringe werden mit einer originalen Mad\u00ec-Box, einer Einkaufstasche und 2 Jahren Garantie geliefert.<\/p>\n","protected":false},"excerpt":{"rendered":"<p>Ein Paar Ohrringe in einem leuchtenden Blauton. Kombinieren Sie sie mit der Halskette in der gleichen Farbe.<\/p>\n","protected":false},"featured_media":110986,"comment_status":"open","ping_status":"closed","template":"","meta":[],"product_brand":[],"product_cat":[5921],"product_tag":[7447,7442],"class_list":{"0":"post-110976","1":"product","2":"type-product","3":"status-publish","4":"has-post-thumbnail","6":"product_cat-madi-ohrringe","7":"product_tag-dispo-de","8":"product_tag-verfugbar","10":"first","11":"instock","12":"sale","13":"taxable","14":"shipping-taxable","15":"purchasable","16":"product-type-simple"},"exclude_global_add_ons":[],"addons":[],"df_price":116.55,"df_sale_price":116.55,"df_regular_price":129.5,"df_image_link":"https:\/\/cdn02.fabioferro.eu\/wp-content\/uploads\/orecchini-madi-laguna-blu-38827.jpg","_links":{"self":[{"href":"https:\/\/www.fabioferro.eu\/de\/wp-json\/wp\/v2\/product\/110976","targetHints":{"allow":["GET"]}}],"collection":[{"href":"https:\/\/www.fabioferro.eu\/de\/wp-json\/wp\/v2\/product"}],"about":[{"href":"https:\/\/www.fabioferro.eu\/de\/wp-json\/wp\/v2\/types\/product"}],"replies":[{"embeddable":true,"href":"https:\/\/www.fabioferro.eu\/de\/wp-json\/wp\/v2\/comments?post=110976"}],"version-history":[{"count":0,"href":"https:\/\/www.fabioferro.eu\/de\/wp-json\/wp\/v2\/product\/110976\/revisions"}],"wp:featuredmedia":[{"embeddable":true,"href":"https:\/\/www.fabioferro.eu\/de\/wp-json\/wp\/v2\/media\/110986"}],"wp:attachment":[{"href":"https:\/\/www.fabioferro.eu\/de\/wp-json\/wp\/v2\/media?parent=110976"}],"wp:term":[{"taxonomy":"product_brand","embeddable":true,"href":"https:\/\/www.fabioferro.eu\/de\/wp-json\/wp\/v2\/product_brand?post=110976"},{"taxonomy":"product_cat","embeddable":true,"href":"https:\/\/www.fabioferro.eu\/de\/wp-json\/wp\/v2\/product_cat?post=110976"},{"taxonomy":"product_tag","embeddable":true,"href":"https:\/\/www.fabioferro.eu\/de\/wp-json\/wp\/v2\/product_tag?post=110976"}],"curies":[{"name":"wp","href":"https:\/\/api.w.org\/{rel}","templated":true}]}}